{"id":16039,"date":"2025-11-17T15:38:20","date_gmt":"2025-11-17T14:38:20","guid":{"rendered":"https:\/\/bavarian-bondage.de\/?post_type=product&#038;p=16039"},"modified":"2025-11-18T16:53:30","modified_gmt":"2025-11-18T15:53:30","slug":"yute-suave-6mm-conjunto-exclusivo-7x8m-y-2x4m","status":"publish","type":"product","link":"https:\/\/bavarian-bondage.de\/es\/produkt\/jute-soft-6mm-exklusiv-set-7x8m-und-2x4m\/","title":{"rendered":"Yute Suave 6mm EXCLUSIVO; Conjunto 7x8m y 2x4m"},"content":{"rendered":"<h3 style=\"text-align: center\">Yute Suave 6mm EXCLUSIVO<\/h3>\n<p style=\"text-align: center\">El set completo para principiantes y profesionales. Las siete cuerdas largas suelen ser suficientes para todas las ataduras. \u00a1El conjunto se completa con dos cuerdas de cuatro metros, que se pueden utilizar de diversas maneras!<\/p>\n<p style=\"text-align: center\">Nuestra cuerda de yute suave impresiona por su hermoso color dorado y su incre\u00edble tacto suave. Su curvatura en S, muy holgada, permite guiar la cuerda sin apenas resistencia, lo que permite un atado r\u00e1pido y sencillo.<\/p>\n<p style=\"text-align: center\">Incluso durante el proceso de fabricaci\u00f3n de las cuerdas, se utiliza hilo de la m\u00e1s alta calidad, lo que beneficia enormemente su uso posterior. Posteriormente, las cuerdas se procesan y terminan cuidadosamente a mano.<\/p>\n<p style=\"text-align: center\">Los extremos est\u00e1n rematados con peque\u00f1os nudos trisken.<\/p>\n<p style=\"text-align: center\"><strong>Dado que las cuerdas est\u00e1n enrolladas con mucha holgura y es f\u00e1cil pillarse los dedos entre los hilos, solo recomendamos este producto a usuarios con cierta experiencia. Si tiene dudas, le recomendamos pedir primero una cuerda de prueba.<\/strong><\/p>\n<p style=\"text-align: center\"><span style=\"color: #ff0000\"><strong>Estas cuerdas no deben utilizarse para l\u00edneas ascendentes (cuerdas de transporte) porque su resistencia a la rotura es menor que la de nuestras otras cuerdas de yute.<\/strong><\/span><\/p>\n<p>&nbsp;<\/p>\n<p><strong>Detalles:<\/strong><\/p>\n<p>Yute Suave 6mm EXCLUSIVO<br \/>\n3 ejes girados<br \/>\nTono dorado claro<br \/>\nNudos de extremo peque\u00f1os<br \/>\nLongitud: 7x8m y 2x4m<br \/>\n(La longitud de la cuerda puede variar hasta 3% de la longitud especificada).<\/p>\n<p>&nbsp;<\/p>\n<p><span style=\"color: #ff0000\"><strong>Un aviso:<\/strong><\/span><\/p>\n<p>\u00a1Compruebe peri\u00f3dicamente si los cables est\u00e1n desgastados o da\u00f1ados!<br \/>\n\u00a1Si las cuerdas se golpean o retuercen, pueden soltarse durante el uso!<br \/>\nNo lave cuerdas de yute. Lo mejor es limpiar con un pa\u00f1o h\u00famedo.<\/p>\n<p>&nbsp;<\/p>\n<p><strong>Alcance de la entrega:<\/strong> Yute Suave EXCLUSIVO 7x8m y 2x4m<\/p>\n<p>&nbsp;<\/p>\n<p>&nbsp;<\/p>\n<hr \/>\n<blockquote>\n<p style=\"text-align: center\"><span style=\"color: #333399\">La informaci\u00f3n sobre los productos se proporciona seg\u00fan nuestro leal saber y entender. Todas las dimensiones son aproximadas. El uso de los productos ofrecidos aqu\u00ed en la tienda es bajo su propia responsabilidad. Cada persona reacciona de manera diferente a las influencias externas, al placer o al dolor, etc. Por lo tanto, no se acepta ninguna responsabilidad por un uso inadecuado.  Cada usuario asume la total responsabilidad por el uso o correcto uso de los productos y sus consecuencias imprevisibles.<\/span>.<\/p>\n<\/blockquote>","protected":false},"excerpt":{"rendered":"<p>Precio base: 2,70 \u20ac\/m<\/p>\n<p>Plazo de entrega: 5-7 d\u00edas*<\/p>","protected":false},"featured_media":16117,"template":"","meta":[],"product_brand":[],"product_cat":[294,561,216,222],"product_tag":[296,297,221],"class_list":{"0":"post-16039","1":"product","2":"type-product","3":"status-publish","4":"has-post-thumbnail","6":"product_cat-juteseile","7":"product_cat-jute-soft-6mm-exklusiv","8":"product_cat-bondageseile","9":"product_cat-alle-produkte","10":"product_tag-high-class-jute","11":"product_tag-juteseil","12":"product_tag-seilset","14":"first","15":"instock","16":"taxable","17":"shipping-taxable","18":"purchasable","19":"product-type-simple"},"_links":{"self":[{"href":"https:\/\/bavarian-bondage.de\/es\/wp-json\/wp\/v2\/product\/16039","targetHints":{"allow":["GET"]}}],"collection":[{"href":"https:\/\/bavarian-bondage.de\/es\/wp-json\/wp\/v2\/product"}],"about":[{"href":"https:\/\/bavarian-bondage.de\/es\/wp-json\/wp\/v2\/types\/product"}],"version-history":[{"count":4,"href":"https:\/\/bavarian-bondage.de\/es\/wp-json\/wp\/v2\/product\/16039\/revisions"}],"predecessor-version":[{"id":16175,"href":"https:\/\/bavarian-bondage.de\/es\/wp-json\/wp\/v2\/product\/16039\/revisions\/16175"}],"wp:featuredmedia":[{"embeddable":true,"href":"https:\/\/bavarian-bondage.de\/es\/wp-json\/wp\/v2\/media\/16117"}],"wp:attachment":[{"href":"https:\/\/bavarian-bondage.de\/es\/wp-json\/wp\/v2\/media?parent=16039"}],"wp:term":[{"taxonomy":"product_brand","embeddable":true,"href":"https:\/\/bavarian-bondage.de\/es\/wp-json\/wp\/v2\/product_brand?post=16039"},{"taxonomy":"product_cat","embeddable":true,"href":"https:\/\/bavarian-bondage.de\/es\/wp-json\/wp\/v2\/product_cat?post=16039"},{"taxonomy":"product_tag","embeddable":true,"href":"https:\/\/bavarian-bondage.de\/es\/wp-json\/wp\/v2\/product_tag?post=16039"}],"curies":[{"name":"gracias","href":"https:\/\/api.w.org\/{rel}","templated":true}]}}