{"id":16056,"date":"2025-11-17T17:15:17","date_gmt":"2025-11-17T16:15:17","guid":{"rendered":"https:\/\/bavarian-bondage.de\/?post_type=product&#038;p=16056"},"modified":"2025-11-18T16:52:43","modified_gmt":"2025-11-18T15:52:43","slug":"cuerda-simple-exclusiva-de-yute-suave-de-5-mm-y-8-m","status":"publish","type":"product","link":"https:\/\/bavarian-bondage.de\/es\/produkt\/jute-soft-5mm-exklusiv-einzelseil-8m\/","title":{"rendered":"Yute Suave 5mm EXCLUSIVO; Cuerda simple 8m"},"content":{"rendered":"<h3 style=\"text-align: center\">Yute Suave 5mm EXCLUSIVO<\/h3>\n<p style=\"text-align: center\">Reemplaza una cuerda, ampl\u00eda el conjunto o simplemente comprueba la calidad.<\/p>\n<p style=\"text-align: center\">Tambi\u00e9n en la fabricaci\u00f3n de las cuerdas se presta atenci\u00f3n a la mejor calidad, lo que resulta muy beneficioso para su uso posterior. Las cuerdas se procesan y refinan a mano hasta obtener un suave acabado blanco.<\/p>\n<p style=\"text-align: center\">Nuestra cuerda de yute suave impresiona por su hermoso color dorado y su incre\u00edble tacto suave. Su curvatura en S, muy holgada, permite guiar la cuerda sin apenas resistencia, lo que permite un atado r\u00e1pido y sencillo.<\/p>\n<p style=\"text-align: center\">Incluso durante el proceso de fabricaci\u00f3n de las cuerdas, se utiliza hilo de la m\u00e1s alta calidad, lo que beneficia enormemente su uso posterior. Posteriormente, las cuerdas se procesan y terminan cuidadosamente a mano.<\/p>\n<p style=\"text-align: center\">Los extremos est\u00e1n rematados con peque\u00f1os nudos trisken.<\/p>\n<p style=\"text-align: center\"><strong>Dado que las cuerdas est\u00e1n enrolladas con mucha holgura y es f\u00e1cil pillarse los dedos entre los hilos, solo recomendamos este producto a usuarios con cierta experiencia. Si tiene dudas, le recomendamos pedir primero una cuerda de prueba.<\/strong><\/p>\n<p style=\"text-align: center\"><span style=\"color: #ff0000\"><strong>Estas cuerdas no deben utilizarse para l\u00edneas ascendentes (cuerdas de transporte) porque su resistencia a la rotura es menor que la de nuestras otras cuerdas de yute.<\/strong><\/span><\/p>\n<p>&nbsp;<\/p>\n<p><strong>Detalles:<\/strong><\/p>\n<p>Yute Suave 5mm EXCLUSIVO<br \/>\n3 ejes girados<br \/>\nTono dorado claro<br \/>\nNudos de extremo peque\u00f1os<br \/>\nLongitud: 8m<br \/>\n(La longitud de la cuerda puede variar hasta 3% de la longitud especificada).<\/p>\n<p>&nbsp;<\/p>\n<p><span style=\"color: #ff0000\"><strong>Un aviso:<\/strong><\/span><\/p>\n<p>\u00a1Compruebe peri\u00f3dicamente si los cables est\u00e1n desgastados o da\u00f1ados!<br \/>\n\u00a1Si las cuerdas se golpean o retuercen, pueden soltarse durante el uso!<br \/>\nNo lave cuerdas de yute. Lo mejor es limpiar con un pa\u00f1o h\u00famedo.<\/p>\n<p>&nbsp;<\/p>\n<p><strong>Alcance de la entrega:<\/strong> Yute suave de 8 m EXCLUSIVO<\/p>\n<p>&nbsp;<\/p>\n<p>&nbsp;<\/p>\n<hr \/>\n<blockquote>\n<p style=\"text-align: center\"><span style=\"color: #333399\">La informaci\u00f3n sobre los productos se proporciona seg\u00fan nuestro leal saber y entender. Todas las dimensiones son aproximadas. El uso de los productos ofrecidos aqu\u00ed en la tienda es bajo su propia responsabilidad. Cada persona reacciona de manera diferente a las influencias externas, al placer o al dolor, etc. Por lo tanto, no se acepta ninguna responsabilidad por un uso inadecuado.  Cada usuario asume la total responsabilidad por el uso o correcto uso de los productos y sus consecuencias imprevisibles.<\/span><\/p>\n<\/blockquote>","protected":false},"excerpt":{"rendered":"<p>Precio b\u00e1sico: 2,75\u20ac\/m<\/p>\n<p>Plazo de entrega: 5-7 d\u00edas*<\/p>","protected":false},"featured_media":16126,"template":"","meta":[],"product_brand":[],"product_cat":[562,216,222,294],"product_tag":[559,221,261,273,297],"class_list":{"0":"post-16056","1":"product","2":"type-product","3":"status-publish","4":"has-post-thumbnail","6":"product_cat-jute-soft-5mm-exklusiv","7":"product_cat-bondageseile","8":"product_cat-alle-produkte","9":"product_cat-juteseile","10":"product_tag-jute-soft","11":"product_tag-seilset","12":"product_tag-bondageseil","13":"product_tag-5mm","14":"product_tag-juteseil","16":"first","17":"instock","18":"taxable","19":"shipping-taxable","20":"purchasable","21":"product-type-simple"},"_links":{"self":[{"href":"https:\/\/bavarian-bondage.de\/es\/wp-json\/wp\/v2\/product\/16056","targetHints":{"allow":["GET"]}}],"collection":[{"href":"https:\/\/bavarian-bondage.de\/es\/wp-json\/wp\/v2\/product"}],"about":[{"href":"https:\/\/bavarian-bondage.de\/es\/wp-json\/wp\/v2\/types\/product"}],"version-history":[{"count":4,"href":"https:\/\/bavarian-bondage.de\/es\/wp-json\/wp\/v2\/product\/16056\/revisions"}],"predecessor-version":[{"id":16181,"href":"https:\/\/bavarian-bondage.de\/es\/wp-json\/wp\/v2\/product\/16056\/revisions\/16181"}],"wp:featuredmedia":[{"embeddable":true,"href":"https:\/\/bavarian-bondage.de\/es\/wp-json\/wp\/v2\/media\/16126"}],"wp:attachment":[{"href":"https:\/\/bavarian-bondage.de\/es\/wp-json\/wp\/v2\/media?parent=16056"}],"wp:term":[{"taxonomy":"product_brand","embeddable":true,"href":"https:\/\/bavarian-bondage.de\/es\/wp-json\/wp\/v2\/product_brand?post=16056"},{"taxonomy":"product_cat","embeddable":true,"href":"https:\/\/bavarian-bondage.de\/es\/wp-json\/wp\/v2\/product_cat?post=16056"},{"taxonomy":"product_tag","embeddable":true,"href":"https:\/\/bavarian-bondage.de\/es\/wp-json\/wp\/v2\/product_tag?post=16056"}],"curies":[{"name":"gracias","href":"https:\/\/api.w.org\/{rel}","templated":true}]}}