{"id":16065,"date":"2025-11-17T17:23:58","date_gmt":"2025-11-17T16:23:58","guid":{"rendered":"https:\/\/bavarian-bondage.de\/?post_type=product&#038;p=16065"},"modified":"2025-11-18T16:51:49","modified_gmt":"2025-11-18T15:51:49","slug":"cuerda-simple-clasica-de-yute-suave-de-5-mm-y-4-m","status":"publish","type":"product","link":"https:\/\/bavarian-bondage.de\/es\/produkt\/jute-soft-5mm-klassik-einzelseil-4m\/","title":{"rendered":"Yute suave 5 mm CL\u00c1SICO; Cuerda simple 4 m"},"content":{"rendered":"<h3 style=\"text-align: center\">Yute suave 5 mm CL\u00c1SICO<\/h3>\n<p style=\"text-align: center\">Reemplaza una cuerda, ampl\u00eda el conjunto o simplemente comprueba la calidad.<\/p>\n<p style=\"text-align: center\">Nuestra cuerda de yute suave impresiona por su hermoso color dorado y su incre\u00edble tacto suave. Su curvatura en S, muy holgada, permite guiar la cuerda sin apenas resistencia, lo que permite un atado r\u00e1pido y sencillo.<\/p>\n<p style=\"text-align: center\">Incluso durante el proceso de fabricaci\u00f3n de las cuerdas, se utiliza hilo de la m\u00e1s alta calidad, lo que beneficia enormemente su uso posterior. Posteriormente, las cuerdas se procesan y terminan cuidadosamente a mano.<\/p>\n<p style=\"text-align: center\">Los extremos se cierran con un simple nudo simple.<\/p>\n<p style=\"text-align: center\"><strong>Dado que las cuerdas est\u00e1n enrolladas con mucha holgura y es f\u00e1cil pillarse los dedos entre los hilos, solo recomendamos este producto a usuarios con cierta experiencia. Si tiene dudas, le recomendamos pedir primero una cuerda de prueba.<\/strong><\/p>\n<p style=\"text-align: center\"><span style=\"color: #ff0000\"><strong>Estas cuerdas no deben utilizarse para l\u00edneas ascendentes (cuerdas de transporte) porque su resistencia a la rotura es menor que la de nuestras otras cuerdas de yute.<\/strong><\/span><\/p>\n<p>&nbsp;<\/p>\n<p><strong>Detalles:<\/strong><\/p>\n<p>Yute suave 5 mm CL\u00c1SICO<br \/>\n3 ejes girados<br \/>\nTono dorado claro<br \/>\nnudo simple<br \/>\nLongitud: 4m<br \/>\n(La longitud de la cuerda puede variar hasta 3% de la longitud especificada).<\/p>\n<p>&nbsp;<\/p>\n<p><span style=\"color: #ff0000\"><strong>Un aviso:<\/strong><\/span><\/p>\n<p>\u00a1Compruebe peri\u00f3dicamente si los cables est\u00e1n desgastados o da\u00f1ados!<br \/>\n\u00a1Si las cuerdas se golpean o retuercen, pueden soltarse durante el uso!<br \/>\nNo lave cuerdas de yute. Lo mejor es limpiar con un pa\u00f1o h\u00famedo.<\/p>\n<p>&nbsp;<\/p>\n<p><strong>Alcance de la entrega:<\/strong> Yute suave CL\u00c1SICO de 4 m<\/p>\n<p>&nbsp;<\/p>\n<hr \/>\n<blockquote>\n<p style=\"text-align: center\"><span style=\"color: #333399\">La informaci\u00f3n sobre los productos se proporciona seg\u00fan nuestro leal saber y entender. Todas las dimensiones son aproximadas. El uso de los productos ofrecidos aqu\u00ed en la tienda es bajo su propia responsabilidad. Cada persona reacciona de manera diferente a las influencias externas, al placer o al dolor, etc. Por lo tanto, no se acepta ninguna responsabilidad por un uso inadecuado.  Cada usuario asume la total responsabilidad por el uso o correcto uso de los productos y sus consecuencias imprevisibles.<\/span><\/p>\n<\/blockquote>","protected":false},"excerpt":{"rendered":"<p>Precio b\u00e1sico: 2,75\u20ac\/m<\/p>\n<p>Plazo de entrega: 5-7 d\u00edas*<\/p>","protected":false},"featured_media":16100,"template":"","meta":[],"product_brand":[],"product_cat":[563,216,222,294],"product_tag":[221,261,273,559],"class_list":{"0":"post-16065","1":"product","2":"type-product","3":"status-publish","4":"has-post-thumbnail","6":"product_cat-jute-soft-5mm-klassik","7":"product_cat-bondageseile","8":"product_cat-alle-produkte","9":"product_cat-juteseile","10":"product_tag-seilset","11":"product_tag-bondageseil","12":"product_tag-5mm","13":"product_tag-jute-soft","15":"first","16":"instock","17":"taxable","18":"shipping-taxable","19":"purchasable","20":"product-type-simple"},"_links":{"self":[{"href":"https:\/\/bavarian-bondage.de\/es\/wp-json\/wp\/v2\/product\/16065","targetHints":{"allow":["GET"]}}],"collection":[{"href":"https:\/\/bavarian-bondage.de\/es\/wp-json\/wp\/v2\/product"}],"about":[{"href":"https:\/\/bavarian-bondage.de\/es\/wp-json\/wp\/v2\/types\/product"}],"version-history":[{"count":4,"href":"https:\/\/bavarian-bondage.de\/es\/wp-json\/wp\/v2\/product\/16065\/revisions"}],"predecessor-version":[{"id":16192,"href":"https:\/\/bavarian-bondage.de\/es\/wp-json\/wp\/v2\/product\/16065\/revisions\/16192"}],"wp:featuredmedia":[{"embeddable":true,"href":"https:\/\/bavarian-bondage.de\/es\/wp-json\/wp\/v2\/media\/16100"}],"wp:attachment":[{"href":"https:\/\/bavarian-bondage.de\/es\/wp-json\/wp\/v2\/media?parent=16065"}],"wp:term":[{"taxonomy":"product_brand","embeddable":true,"href":"https:\/\/bavarian-bondage.de\/es\/wp-json\/wp\/v2\/product_brand?post=16065"},{"taxonomy":"product_cat","embeddable":true,"href":"https:\/\/bavarian-bondage.de\/es\/wp-json\/wp\/v2\/product_cat?post=16065"},{"taxonomy":"product_tag","embeddable":true,"href":"https:\/\/bavarian-bondage.de\/es\/wp-json\/wp\/v2\/product_tag?post=16065"}],"curies":[{"name":"gracias","href":"https:\/\/api.w.org\/{rel}","templated":true}]}}