{"id":16618,"date":"2026-01-26T14:19:50","date_gmt":"2026-01-26T13:19:50","guid":{"rendered":"https:\/\/bavarian-bondage.de\/?post_type=product&#038;p=16618"},"modified":"2026-01-31T16:13:59","modified_gmt":"2026-01-31T15:13:59","slug":"bolsa-furoshiki-3","status":"publish","type":"product","link":"https:\/\/bavarian-bondage.de\/es\/produkt\/furoshiki-tasche-3\/","title":{"rendered":"bolso furoshiki 3"},"content":{"rendered":"<h3 style=\"text-align: center\">bolso furoshiki 3<\/h3>\n<p style=\"text-align: center\" data-start=\"153\" data-end=\"337\">Las bolsas Furoshiki son ideales para transportar tus cuerdas de forma segura y con estilo. Estas bolsas de alta calidad combinan funcionalidad con un dise\u00f1o moderno.<\/p>\n<p style=\"text-align: center\" data-start=\"344\" data-end=\"559\">Cada bolso es \u00fanico y est\u00e1 confeccionado por Denise Knoblich con meticulosa atenci\u00f3n al detalle. Los bolsos furoshiki impresionan por su durabilidad, su tacto agradable y su generoso tama\u00f1o, que ofrece amplio espacio.<\/p>\n<p style=\"text-align: center\" data-start=\"344\" data-end=\"559\">\u00a1Adem\u00e1s del bolso, tambi\u00e9n se incluyen dos antifaces a juego!<\/p>\n<p style=\"text-align: center\" data-start=\"124\" data-end=\"319\">.<\/p>\n<p><strong>Detalles:<\/strong><\/p>\n<p><strong>Material:<\/strong> 100% Algod\u00f3n<br \/>\n<strong>Tama\u00f1o de la bolsa:<\/strong> 100 cm x 100 cm<br \/>\n<strong>Tama\u00f1o de las vendas para los ojos: <\/strong>90 cm x 11 cm<br \/>\n<strong>Peso:<\/strong> aprox. 300 g<br \/>\n<strong>Color\/motivo:<\/strong> ver imagen<\/p>\n<p>&nbsp;<\/p>\n<p>&nbsp;<\/p>\n<p><strong>Alcance de la entrega:<\/strong> 1x bolsa Furoshiki 3, 2x antifaces de colores coordinados<\/p>\n<p>&nbsp;<\/p>\n<hr \/>\n<blockquote>\n<p style=\"text-align: center\"><span style=\"color: #333399\">La informaci\u00f3n sobre los productos se proporciona seg\u00fan nuestro leal saber y entender. Todas las dimensiones son aproximadas. El uso de los productos ofrecidos aqu\u00ed en la tienda es bajo su propia responsabilidad. Cada persona reacciona de manera diferente a las influencias externas, al placer o al dolor, etc. Por lo tanto, no se acepta ninguna responsabilidad por un uso inadecuado.  Cada usuario asume la total responsabilidad por el uso o correcto uso de los productos y sus consecuencias imprevisibles.<\/span><\/p>\n<\/blockquote>","protected":false},"excerpt":{"rendered":"<p>100% Algod\u00f3n<\/p>\n<p>Plazo de entrega: 5-7 d\u00edas*<\/p>","protected":false},"featured_media":16646,"template":"","meta":[],"product_brand":[],"product_cat":[15,223],"product_tag":[],"class_list":{"0":"post-16618","1":"product","2":"type-product","3":"status-publish","4":"has-post-thumbnail","6":"product_cat-unkategorisiert","7":"product_cat-zubehoer","9":"first","10":"instock","11":"taxable","12":"shipping-taxable","13":"purchasable","14":"product-type-simple"},"_links":{"self":[{"href":"https:\/\/bavarian-bondage.de\/es\/wp-json\/wp\/v2\/product\/16618","targetHints":{"allow":["GET"]}}],"collection":[{"href":"https:\/\/bavarian-bondage.de\/es\/wp-json\/wp\/v2\/product"}],"about":[{"href":"https:\/\/bavarian-bondage.de\/es\/wp-json\/wp\/v2\/types\/product"}],"version-history":[{"count":5,"href":"https:\/\/bavarian-bondage.de\/es\/wp-json\/wp\/v2\/product\/16618\/revisions"}],"predecessor-version":[{"id":16700,"href":"https:\/\/bavarian-bondage.de\/es\/wp-json\/wp\/v2\/product\/16618\/revisions\/16700"}],"wp:featuredmedia":[{"embeddable":true,"href":"https:\/\/bavarian-bondage.de\/es\/wp-json\/wp\/v2\/media\/16646"}],"wp:attachment":[{"href":"https:\/\/bavarian-bondage.de\/es\/wp-json\/wp\/v2\/media?parent=16618"}],"wp:term":[{"taxonomy":"product_brand","embeddable":true,"href":"https:\/\/bavarian-bondage.de\/es\/wp-json\/wp\/v2\/product_brand?post=16618"},{"taxonomy":"product_cat","embeddable":true,"href":"https:\/\/bavarian-bondage.de\/es\/wp-json\/wp\/v2\/product_cat?post=16618"},{"taxonomy":"product_tag","embeddable":true,"href":"https:\/\/bavarian-bondage.de\/es\/wp-json\/wp\/v2\/product_tag?post=16618"}],"curies":[{"name":"gracias","href":"https:\/\/api.w.org\/{rel}","templated":true}]}}