{"id":16817,"date":"2026-02-16T09:05:59","date_gmt":"2026-02-16T08:05:59","guid":{"rendered":"https:\/\/bavarian-bondage.de\/?post_type=product&#038;p=16817"},"modified":"2026-02-16T09:07:07","modified_gmt":"2026-02-16T08:07:07","slug":"bolsa-furoshiki-9","status":"publish","type":"product","link":"https:\/\/bavarian-bondage.de\/es\/produkt\/furoshiki-tasche-9\/","title":{"rendered":"bolso furoshiki 9"},"content":{"rendered":"<h3 style=\"text-align: center\">bolso furoshiki 9<\/h3>\n<p style=\"text-align: center\" data-start=\"124\" data-end=\"319\">Las bolsas Furoshiki son ideales para transportar tus cuerdas de forma segura y con estilo. Estas bolsas de alta calidad combinan funcionalidad con un dise\u00f1o sencillo y cl\u00e1sico.<\/p>\n<p style=\"text-align: center\" data-start=\"321\" data-end=\"610\">Cada bolso es \u00fanico y est\u00e1 cosido con cari\u00f1o por Denise Knoblich, con meticulosa atenci\u00f3n al detalle. Los bolsos furoshiki impresionan por su durabilidad, su tacto agradable y su generoso tama\u00f1o, que ofrece amplio espacio.<\/p>\n<p style=\"text-align: center\" data-start=\"321\" data-end=\"610\">\u00a1Adem\u00e1s del bolso, tambi\u00e9n se incluyen dos antifaces a juego!<\/p>\n<p><strong>Detalles:<\/strong><\/p>\n<p><strong>Material:<\/strong> 100% Algod\u00f3n<br \/>\n<strong>Tama\u00f1o de la bolsa:<\/strong> 100 cm x 100 cm<br \/>\n<strong>Tama\u00f1o de las vendas para los ojos: <\/strong>90 cm x 11 cm<br \/>\n<strong>Peso:<\/strong> aprox. 300 g<br \/>\n<strong>Color\/motivo:<\/strong> ver imagen<\/p>\n<p>&nbsp;<\/p>\n<p>&nbsp;<\/p>\n<p><strong>Alcance de la entrega:<\/strong> 1x bolsa Furoshiki 8, 2x antifaces de colores coordinados<\/p>\n<p>&nbsp;<\/p>\n<hr \/>\n<blockquote>\n<p style=\"text-align: center\"><span style=\"color: #333399\">La informaci\u00f3n sobre los productos se proporciona seg\u00fan nuestro leal saber y entender. Todas las dimensiones son aproximadas. El uso de los productos ofrecidos aqu\u00ed en la tienda es bajo su propia responsabilidad. Cada persona reacciona de manera diferente a las influencias externas, al placer o al dolor, etc. Por lo tanto, no se acepta ninguna responsabilidad por un uso inadecuado.  Cada usuario asume la total responsabilidad por el uso o correcto uso de los productos y sus consecuencias imprevisibles.<\/span><\/p>\n<\/blockquote>","protected":false},"excerpt":{"rendered":"<p>100% Algod\u00f3n<\/p>\n<p>Plazo de entrega: 5-7 d\u00edas*<\/p>","protected":false},"featured_media":16819,"template":"","meta":[],"product_brand":[],"product_cat":[15,223],"product_tag":[],"class_list":{"0":"post-16817","1":"product","2":"type-product","3":"status-publish","4":"has-post-thumbnail","6":"product_cat-unkategorisiert","7":"product_cat-zubehoer","9":"first","10":"instock","11":"taxable","12":"shipping-taxable","13":"purchasable","14":"product-type-simple"},"_links":{"self":[{"href":"https:\/\/bavarian-bondage.de\/es\/wp-json\/wp\/v2\/product\/16817","targetHints":{"allow":["GET"]}}],"collection":[{"href":"https:\/\/bavarian-bondage.de\/es\/wp-json\/wp\/v2\/product"}],"about":[{"href":"https:\/\/bavarian-bondage.de\/es\/wp-json\/wp\/v2\/types\/product"}],"version-history":[{"count":2,"href":"https:\/\/bavarian-bondage.de\/es\/wp-json\/wp\/v2\/product\/16817\/revisions"}],"predecessor-version":[{"id":16820,"href":"https:\/\/bavarian-bondage.de\/es\/wp-json\/wp\/v2\/product\/16817\/revisions\/16820"}],"wp:featuredmedia":[{"embeddable":true,"href":"https:\/\/bavarian-bondage.de\/es\/wp-json\/wp\/v2\/media\/16819"}],"wp:attachment":[{"href":"https:\/\/bavarian-bondage.de\/es\/wp-json\/wp\/v2\/media?parent=16817"}],"wp:term":[{"taxonomy":"product_brand","embeddable":true,"href":"https:\/\/bavarian-bondage.de\/es\/wp-json\/wp\/v2\/product_brand?post=16817"},{"taxonomy":"product_cat","embeddable":true,"href":"https:\/\/bavarian-bondage.de\/es\/wp-json\/wp\/v2\/product_cat?post=16817"},{"taxonomy":"product_tag","embeddable":true,"href":"https:\/\/bavarian-bondage.de\/es\/wp-json\/wp\/v2\/product_tag?post=16817"}],"curies":[{"name":"gracias","href":"https:\/\/api.w.org\/{rel}","templated":true}]}}