{"id":2914,"date":"2020-10-17T12:56:19","date_gmt":"2020-10-17T10:56:19","guid":{"rendered":"https:\/\/bavarian-bondage.tivendo.com\/produkt\/import-placeholder-for-297\/"},"modified":"2026-04-11T23:55:58","modified_gmt":"2026-04-11T21:55:58","slug":"mosqueton-de-aluminio","status":"publish","type":"product","link":"https:\/\/bavarian-bondage.de\/es\/produkt\/aluminium-karabiner\/","title":{"rendered":"Mosquet\u00f3n de aluminio"},"content":{"rendered":"<h3 style=\"text-align: center\">Mosquet\u00f3n de aluminio<\/h3>\n<p style=\"text-align: center\">El mosquet\u00f3n de aluminio se suele utilizar en escalada. Es un mosquet\u00f3n de seguridad que s\u00f3lo se puede abrir despu\u00e9s de girar la rueda 90\u00b0. El mecanismo est\u00e1 muy bien hecho, lo que facilita su giro y apertura con una mano.<\/p>\n<p style=\"text-align: center\">Muy adecuado para fijar una anilla, directamente a la anilla o por supuesto a las propias cuerdas. No tiene bordes afilados ni angulosos que puedan da\u00f1ar una cuerda.<\/p>\n<p>&nbsp;<\/p>\n<h3 style=\"text-align: center\"><\/h3>\n<p><strong>Detalles:<\/strong><\/p>\n<p>Material: aluminio<br \/>\nTama\u00f1o: largo 11 cm\/ancho 6 cm<br \/>\nApertura: 2,6 cm<br \/>\nCapacidad de carga: cerrado 25 KN<br \/>\nPeso: 80g<br \/>\nColor: seleccionable<br \/>\nEN362:2004<\/p>\n<p>&nbsp;<\/p>\n<p><strong>Alcance de la entrega:<\/strong> 1 mosquet\u00f3n de aluminio negro o rojo<\/p>\n<p>&nbsp;<\/p>\n<hr \/>\n<blockquote>\n<p style=\"text-align: center\"><span style=\"color: #333399\">La informaci\u00f3n sobre los productos se proporciona seg\u00fan nuestro leal saber y entender. Todas las dimensiones son aproximadas. El uso de los productos ofrecidos aqu\u00ed en la tienda es bajo su propia responsabilidad. Cada persona reacciona de manera diferente a las influencias externas, al placer o al dolor, etc. Por lo tanto, no se acepta ninguna responsabilidad por un uso inadecuado.  Cada usuario asume la total responsabilidad por el uso o correcto uso de los productos y sus consecuencias imprevisibles.<\/span><\/p>\n<\/blockquote>","protected":false},"excerpt":{"rendered":"<p>Plazo de entrega: 5-7 d\u00edas*<\/p>","protected":false},"featured_media":14050,"template":"","meta":[],"product_brand":[],"product_cat":[222,223],"product_tag":[],"class_list":{"0":"post-2914","1":"product","2":"type-product","3":"status-publish","4":"has-post-thumbnail","6":"product_cat-alle-produkte","7":"product_cat-zubehoer","9":"first","10":"instock","11":"taxable","12":"shipping-taxable","13":"purchasable","14":"product-type-variable"},"_links":{"self":[{"href":"https:\/\/bavarian-bondage.de\/es\/wp-json\/wp\/v2\/product\/2914","targetHints":{"allow":["GET"]}}],"collection":[{"href":"https:\/\/bavarian-bondage.de\/es\/wp-json\/wp\/v2\/product"}],"about":[{"href":"https:\/\/bavarian-bondage.de\/es\/wp-json\/wp\/v2\/types\/product"}],"version-history":[{"count":5,"href":"https:\/\/bavarian-bondage.de\/es\/wp-json\/wp\/v2\/product\/2914\/revisions"}],"predecessor-version":[{"id":14166,"href":"https:\/\/bavarian-bondage.de\/es\/wp-json\/wp\/v2\/product\/2914\/revisions\/14166"}],"wp:featuredmedia":[{"embeddable":true,"href":"https:\/\/bavarian-bondage.de\/es\/wp-json\/wp\/v2\/media\/14050"}],"wp:attachment":[{"href":"https:\/\/bavarian-bondage.de\/es\/wp-json\/wp\/v2\/media?parent=2914"}],"wp:term":[{"taxonomy":"product_brand","embeddable":true,"href":"https:\/\/bavarian-bondage.de\/es\/wp-json\/wp\/v2\/product_brand?post=2914"},{"taxonomy":"product_cat","embeddable":true,"href":"https:\/\/bavarian-bondage.de\/es\/wp-json\/wp\/v2\/product_cat?post=2914"},{"taxonomy":"product_tag","embeddable":true,"href":"https:\/\/bavarian-bondage.de\/es\/wp-json\/wp\/v2\/product_tag?post=2914"}],"curies":[{"name":"gracias","href":"https:\/\/api.w.org\/{rel}","templated":true}]}}