{"id":2915,"date":"2020-10-17T12:56:19","date_gmt":"2020-10-17T10:56:19","guid":{"rendered":"https:\/\/bavarian-bondage.tivendo.com\/produkt\/import-placeholder-for-299\/"},"modified":"2026-03-04T06:03:40","modified_gmt":"2026-03-04T05:03:40","slug":"gancho-anal","status":"publish","type":"product","link":"https:\/\/bavarian-bondage.de\/es\/produkt\/anal-hook\/","title":{"rendered":"gancho anal"},"content":{"rendered":"<h3 style=\"text-align: center\">gancho anal<\/h3>\n<p style=\"text-align: center\">Gancho anal de alta calidad y bellamente elaborado con 2 bolas de acero inoxidable intercambiables y un ojal de 40 mm para sujetar cuerdas o similar. Gracias a las dos bolas de 30 mm y 40 mm de di\u00e1metro, tambi\u00e9n es ideal para principiantes. Las bolas se atornillan a los ganchos con una rosca M8.<\/p>\n<p><strong>Detalles:<\/strong><\/p>\n<p>Material: metal, acero inoxidable<br \/>\nPeso: 130 g, bolas 110 g \/ 250 g<br \/>\nTama\u00f1os de bola: 30 mm y 40 mm<br \/>\nEspesor del material azadas: 12 mm.<br \/>\nLongitud total: 260 mm<\/p>\n<p>&nbsp;<\/p>\n<p><strong>Alcance de la entrega:<\/strong> 1 gancho anal con bola intercambiable 30mm \/ 40mm<\/p>\n<p>&nbsp;<\/p>\n<hr \/>\n<blockquote>\n<p style=\"text-align: center\"><span style=\"color: #333399\">La informaci\u00f3n sobre los productos se proporciona seg\u00fan nuestro leal saber y entender. Todas las dimensiones son aproximadas. El uso de los productos ofrecidos aqu\u00ed en la tienda es bajo su propia responsabilidad. Cada persona reacciona de manera diferente a las influencias externas, al placer o al dolor, etc. Por lo tanto, no se acepta ninguna responsabilidad por un uso inadecuado.  Cada usuario asume la total responsabilidad por el uso o correcto uso de los productos y sus consecuencias imprevisibles.<\/span><\/p>\n<\/blockquote>","protected":false},"excerpt":{"rendered":"<p>Plazo de entrega: 5-7 d\u00edas*<\/p>","protected":false},"featured_media":8599,"template":"","meta":[],"product_brand":[],"product_cat":[223,224],"product_tag":[225,226,227,228],"class_list":{"0":"post-2915","1":"product","2":"type-product","3":"status-publish","4":"has-post-thumbnail","6":"product_cat-zubehoer","7":"product_cat-lustschmerz","8":"product_tag-anal","9":"product_tag-analhook","10":"product_tag-bondage","11":"product_tag-bondagehacken","13":"first","14":"instock","15":"taxable","16":"shipping-taxable","17":"purchasable","18":"product-type-simple"},"_links":{"self":[{"href":"https:\/\/bavarian-bondage.de\/es\/wp-json\/wp\/v2\/product\/2915","targetHints":{"allow":["GET"]}}],"collection":[{"href":"https:\/\/bavarian-bondage.de\/es\/wp-json\/wp\/v2\/product"}],"about":[{"href":"https:\/\/bavarian-bondage.de\/es\/wp-json\/wp\/v2\/types\/product"}],"version-history":[{"count":1,"href":"https:\/\/bavarian-bondage.de\/es\/wp-json\/wp\/v2\/product\/2915\/revisions"}],"predecessor-version":[{"id":5035,"href":"https:\/\/bavarian-bondage.de\/es\/wp-json\/wp\/v2\/product\/2915\/revisions\/5035"}],"wp:featuredmedia":[{"embeddable":true,"href":"https:\/\/bavarian-bondage.de\/es\/wp-json\/wp\/v2\/media\/8599"}],"wp:attachment":[{"href":"https:\/\/bavarian-bondage.de\/es\/wp-json\/wp\/v2\/media?parent=2915"}],"wp:term":[{"taxonomy":"product_brand","embeddable":true,"href":"https:\/\/bavarian-bondage.de\/es\/wp-json\/wp\/v2\/product_brand?post=2915"},{"taxonomy":"product_cat","embeddable":true,"href":"https:\/\/bavarian-bondage.de\/es\/wp-json\/wp\/v2\/product_cat?post=2915"},{"taxonomy":"product_tag","embeddable":true,"href":"https:\/\/bavarian-bondage.de\/es\/wp-json\/wp\/v2\/product_tag?post=2915"}],"curies":[{"name":"gracias","href":"https:\/\/api.w.org\/{rel}","templated":true}]}}