{"id":2916,"date":"2020-10-17T12:56:20","date_gmt":"2020-10-17T10:56:20","guid":{"rendered":"https:\/\/bavarian-bondage.tivendo.com\/produkt\/import-placeholder-for-304\/"},"modified":"2026-01-15T22:22:02","modified_gmt":"2026-01-15T21:22:02","slug":"mordaza-de-bola-mordaza-de-bola","status":"publish","type":"product","link":"https:\/\/bavarian-bondage.de\/es\/produkt\/ballknebel-ballgag\/","title":{"rendered":"Mordaza de bola (mordaza de bola)"},"content":{"rendered":"<h3 style=\"text-align: center\">Mordaza de bola (mordaza de bola)<\/h3>\n<p style=\"text-align: center\">La mordaza cl\u00e1sica es de muy buena calidad y convence por su comodidad. La bola de 40 mm est\u00e1 hecha de silicona inodora e ins\u00edpida. La correa de piel aut\u00e9ntica tiene 26 mm de ancho y es muy flexible.<\/p>\n<p><strong>Detalles:<\/strong><\/p>\n<p>Material: cuero, silicona<br \/>\nLongitud: 66cm<br \/>\nDi\u00e1metro de la bola: 4cm<br \/>\nColor: Negro<\/p>\n<p>&nbsp;<\/p>\n<p><strong>Alcance de la entrega:<\/strong> 1 mordaza de bola (mordaza de bola)<\/p>\n<p>&nbsp;<\/p>\n<hr \/>\n<blockquote>\n<p style=\"text-align: center\"><span style=\"color: #333399\">La informaci\u00f3n sobre los productos se proporciona seg\u00fan nuestro leal saber y entender. Todas las dimensiones son aproximadas. El uso de los productos ofrecidos aqu\u00ed en la tienda es bajo su propia responsabilidad. Cada persona reacciona de manera diferente a las influencias externas, al placer o al dolor, etc. Por lo tanto, no se acepta ninguna responsabilidad por un uso inadecuado.  Cada usuario asume la total responsabilidad por el uso o correcto uso de los productos y sus consecuencias imprevisibles.<\/span><\/p>\n<\/blockquote>","protected":false},"excerpt":{"rendered":"<p>Plazo de entrega: 5-7 d\u00edas*<\/p>","protected":false},"featured_media":8604,"template":"","meta":[],"product_brand":[],"product_cat":[229],"product_tag":[230,231,232],"class_list":{"0":"post-2916","1":"product","2":"type-product","3":"status-publish","4":"has-post-thumbnail","6":"product_cat-knebel","7":"product_tag-ballknebel","8":"product_tag-gummi","9":"product_tag-knebel","11":"first","12":"instock","13":"taxable","14":"shipping-taxable","15":"purchasable","16":"product-type-simple"},"_links":{"self":[{"href":"https:\/\/bavarian-bondage.de\/es\/wp-json\/wp\/v2\/product\/2916","targetHints":{"allow":["GET"]}}],"collection":[{"href":"https:\/\/bavarian-bondage.de\/es\/wp-json\/wp\/v2\/product"}],"about":[{"href":"https:\/\/bavarian-bondage.de\/es\/wp-json\/wp\/v2\/types\/product"}],"version-history":[{"count":1,"href":"https:\/\/bavarian-bondage.de\/es\/wp-json\/wp\/v2\/product\/2916\/revisions"}],"predecessor-version":[{"id":4218,"href":"https:\/\/bavarian-bondage.de\/es\/wp-json\/wp\/v2\/product\/2916\/revisions\/4218"}],"wp:featuredmedia":[{"embeddable":true,"href":"https:\/\/bavarian-bondage.de\/es\/wp-json\/wp\/v2\/media\/8604"}],"wp:attachment":[{"href":"https:\/\/bavarian-bondage.de\/es\/wp-json\/wp\/v2\/media?parent=2916"}],"wp:term":[{"taxonomy":"product_brand","embeddable":true,"href":"https:\/\/bavarian-bondage.de\/es\/wp-json\/wp\/v2\/product_brand?post=2916"},{"taxonomy":"product_cat","embeddable":true,"href":"https:\/\/bavarian-bondage.de\/es\/wp-json\/wp\/v2\/product_cat?post=2916"},{"taxonomy":"product_tag","embeddable":true,"href":"https:\/\/bavarian-bondage.de\/es\/wp-json\/wp\/v2\/product_tag?post=2916"}],"curies":[{"name":"gracias","href":"https:\/\/api.w.org\/{rel}","templated":true}]}}