{"id":2917,"date":"2020-10-17T12:56:20","date_gmt":"2020-10-17T10:56:20","guid":{"rendered":"https:\/\/bavarian-bondage.tivendo.com\/produkt\/import-placeholder-for-309\/"},"modified":"2026-04-17T16:27:20","modified_gmt":"2026-04-17T14:27:20","slug":"bolsa-de-algodon","status":"publish","type":"product","link":"https:\/\/bavarian-bondage.de\/es\/produkt\/baumwollbeutel\/","title":{"rendered":"Bolsa de algodon"},"content":{"rendered":"<h3 style=\"text-align: center\">Bolsa de algodon<\/h3>\n<p style=\"text-align: center\">Guarda tus cuerdas de forma r\u00e1pida y sencilla en una bolsa de algod\u00f3n.<br \/>\nEl cord\u00f3n en ambos lados hace que la bolsa sea f\u00e1cil de cerrar y transportar.<\/p>\n<p>&nbsp;<\/p>\n<p><strong>Detalles:<\/strong><\/p>\n<p>Material: algod\u00f3n 100%<br \/>\nColor: Natural<br \/>\nTama\u00f1o: largo 42 cm; ancho 33cm<\/p>\n<p><strong>Alcance de la entrega:<\/strong> Bolsa de algod\u00f3n natural<\/p>\n<p>&nbsp;<\/p>\n<hr \/>\n<blockquote>\n<p style=\"text-align: center\"><span style=\"color: #333399\">La informaci\u00f3n sobre los productos se proporciona seg\u00fan nuestro leal saber y entender. Todas las dimensiones son aproximadas. El uso de los productos ofrecidos aqu\u00ed en la tienda es bajo su propia responsabilidad. Cada persona reacciona de manera diferente a las influencias externas, al placer o al dolor, etc. Por lo tanto, no se acepta ninguna responsabilidad por un uso inadecuado.  Cada usuario asume la total responsabilidad por el uso o correcto uso de los productos y sus consecuencias imprevisibles.<\/span><\/p>\n<\/blockquote>","protected":false},"excerpt":{"rendered":"<p>Plazo de entrega: 5-7 d\u00edas*<\/p>","protected":false},"featured_media":8220,"template":"","meta":[],"product_brand":[],"product_cat":[223],"product_tag":[],"class_list":{"0":"post-2917","1":"product","2":"type-product","3":"status-publish","4":"has-post-thumbnail","6":"product_cat-zubehoer","8":"first","9":"instock","10":"taxable","11":"shipping-taxable","12":"purchasable","13":"product-type-simple"},"_links":{"self":[{"href":"https:\/\/bavarian-bondage.de\/es\/wp-json\/wp\/v2\/product\/2917","targetHints":{"allow":["GET"]}}],"collection":[{"href":"https:\/\/bavarian-bondage.de\/es\/wp-json\/wp\/v2\/product"}],"about":[{"href":"https:\/\/bavarian-bondage.de\/es\/wp-json\/wp\/v2\/types\/product"}],"version-history":[{"count":3,"href":"https:\/\/bavarian-bondage.de\/es\/wp-json\/wp\/v2\/product\/2917\/revisions"}],"predecessor-version":[{"id":8235,"href":"https:\/\/bavarian-bondage.de\/es\/wp-json\/wp\/v2\/product\/2917\/revisions\/8235"}],"wp:featuredmedia":[{"embeddable":true,"href":"https:\/\/bavarian-bondage.de\/es\/wp-json\/wp\/v2\/media\/8220"}],"wp:attachment":[{"href":"https:\/\/bavarian-bondage.de\/es\/wp-json\/wp\/v2\/media?parent=2917"}],"wp:term":[{"taxonomy":"product_brand","embeddable":true,"href":"https:\/\/bavarian-bondage.de\/es\/wp-json\/wp\/v2\/product_brand?post=2917"},{"taxonomy":"product_cat","embeddable":true,"href":"https:\/\/bavarian-bondage.de\/es\/wp-json\/wp\/v2\/product_cat?post=2917"},{"taxonomy":"product_tag","embeddable":true,"href":"https:\/\/bavarian-bondage.de\/es\/wp-json\/wp\/v2\/product_tag?post=2917"}],"curies":[{"name":"gracias","href":"https:\/\/api.w.org\/{rel}","templated":true}]}}