{"id":2919,"date":"2020-10-17T12:55:20","date_gmt":"2020-10-17T10:55:20","guid":{"rendered":"https:\/\/bavarian-bondage.tivendo.com\/produkt\/import-placeholder-for-323\/"},"modified":"2026-03-25T23:14:41","modified_gmt":"2026-03-25T22:14:41","slug":"vela-de-baja-temperatura-250ml","status":"publish","type":"product","link":"https:\/\/bavarian-bondage.de\/es\/produkt\/niedertemperaturkerze-250ml\/","title":{"rendered":"Vela de baja temperatura 250ml"},"content":{"rendered":"<h3 style=\"text-align: center\">Vela de baja temperatura 250ml<\/h3>\n<p style=\"text-align: center\">\u00a1La vela en lata no s\u00f3lo llama la atenci\u00f3n, sino que tambi\u00e9n es muy pr\u00e1ctica gracias a su pico vertedor! La cera de la vela tiene un punto de fusi\u00f3n bajo, de unos 55 grados, lo que suele resultar relativamente agradable para la piel. Depende de usted si utiliza la vela para jugar o como hermosa decoraci\u00f3n.<\/p>\n<p>&nbsp;<\/p>\n<p><strong>Detalles:<\/strong><\/p>\n<p>Material: aluminio, parafina, tinte para velas.<br \/>\nTama\u00f1o: alto 55 mm, ancho 80 mm<br \/>\nColor: seleccionable<br \/>\nContenido: 250ml<br \/>\nPeso total: aprox. 270 g.<\/p>\n<p>&nbsp;<\/p>\n<p><strong>Alcance de la entrega:<\/strong> 1 vela de baja temperatura 250ml<\/p>\n<p>&nbsp;<\/p>\n<hr \/>\n<blockquote>\n<p style=\"text-align: center\"><span style=\"color: #333399\">La informaci\u00f3n sobre los productos se proporciona seg\u00fan nuestro leal saber y entender. Todas las dimensiones son aproximadas. El uso de los productos ofrecidos aqu\u00ed en la tienda es bajo su propia responsabilidad. Cada persona reacciona de manera diferente a las influencias externas, al placer o al dolor, etc. Por lo tanto, no se acepta ninguna responsabilidad por un uso inadecuado.  Cada usuario asume la total responsabilidad por el uso o correcto uso de los productos y sus consecuencias imprevisibles.<\/span><\/p>\n<\/blockquote>","protected":false},"excerpt":{"rendered":"<p>Precio base: 56,00 \u20ac\/L<\/p>\n<p>Plazo de entrega: 5-7 d\u00edas*<\/p>","protected":false},"featured_media":15937,"template":"","meta":[],"product_brand":[],"product_cat":[224],"product_tag":[],"class_list":{"0":"post-2919","1":"product","2":"type-product","3":"status-publish","4":"has-post-thumbnail","6":"product_cat-lustschmerz","8":"first","9":"instock","10":"taxable","11":"shipping-taxable","12":"purchasable","13":"product-type-variable"},"_links":{"self":[{"href":"https:\/\/bavarian-bondage.de\/es\/wp-json\/wp\/v2\/product\/2919","targetHints":{"allow":["GET"]}}],"collection":[{"href":"https:\/\/bavarian-bondage.de\/es\/wp-json\/wp\/v2\/product"}],"about":[{"href":"https:\/\/bavarian-bondage.de\/es\/wp-json\/wp\/v2\/types\/product"}],"version-history":[{"count":5,"href":"https:\/\/bavarian-bondage.de\/es\/wp-json\/wp\/v2\/product\/2919\/revisions"}],"predecessor-version":[{"id":16506,"href":"https:\/\/bavarian-bondage.de\/es\/wp-json\/wp\/v2\/product\/2919\/revisions\/16506"}],"wp:featuredmedia":[{"embeddable":true,"href":"https:\/\/bavarian-bondage.de\/es\/wp-json\/wp\/v2\/media\/15937"}],"wp:attachment":[{"href":"https:\/\/bavarian-bondage.de\/es\/wp-json\/wp\/v2\/media?parent=2919"}],"wp:term":[{"taxonomy":"product_brand","embeddable":true,"href":"https:\/\/bavarian-bondage.de\/es\/wp-json\/wp\/v2\/product_brand?post=2919"},{"taxonomy":"product_cat","embeddable":true,"href":"https:\/\/bavarian-bondage.de\/es\/wp-json\/wp\/v2\/product_cat?post=2919"},{"taxonomy":"product_tag","embeddable":true,"href":"https:\/\/bavarian-bondage.de\/es\/wp-json\/wp\/v2\/product_tag?post=2919"}],"curies":[{"name":"gracias","href":"https:\/\/api.w.org\/{rel}","templated":true}]}}