{"id":2924,"date":"2020-10-17T15:57:20","date_gmt":"2020-10-17T13:57:20","guid":{"rendered":"https:\/\/bavarian-bondage.tivendo.com\/produkt\/import-placeholder-for-342\/"},"modified":"2026-03-09T23:42:58","modified_gmt":"2026-03-09T22:42:58","slug":"anillo-de-esclavitud-triskele","status":"publish","type":"product","link":"https:\/\/bavarian-bondage.de\/es\/produkt\/bondagering-triskele\/","title":{"rendered":"Anillo bondage triskele"},"content":{"rendered":"<h3 style=\"text-align: center\">Anillo bondage triskele<\/h3>\n<p style=\"text-align: center\">El anillo de suspensi\u00f3n con triskele, fabricado en acero inoxidable pulido, ofrece no s\u00f3lo su fant\u00e1stico aspecto sino tambi\u00e9n la posibilidad de organizar cuerdas individuales. Este anillo llama la atenci\u00f3n en todos los sentidos.<\/p>\n<p>&nbsp;<\/p>\n<p><strong>Detalles:<\/strong><\/p>\n<pre>Di\u00e1metro exterior: 245 mm, Grosor del material: 12 mm, Peso: aprox. 980 g, Material: acero inoxidable, Color: seleccionable<\/pre>\n<p>&nbsp;<\/p>\n<p><strong>Alcance de la entrega:<\/strong> 1 triskele de anillo bondage<\/p>\n<p>&nbsp;<\/p>\n<hr \/>\n<blockquote>\n<p style=\"text-align: center\"><span style=\"color: #333399\">La informaci\u00f3n sobre los productos se proporciona seg\u00fan nuestro leal saber y entender. Todas las dimensiones son aproximadas. El uso de los productos ofrecidos aqu\u00ed en la tienda es bajo su propia responsabilidad. Cada persona reacciona de manera diferente a las influencias externas, al placer o al dolor, etc. Por lo tanto, no se acepta ninguna responsabilidad por un uso inadecuado.  Cada usuario asume la total responsabilidad por el uso o correcto uso de los productos y sus consecuencias imprevisibles.<\/span><\/p>\n<\/blockquote>","protected":false},"excerpt":{"rendered":"<p>Plazo de entrega: 5-7 d\u00edas*<\/p>","protected":false},"featured_media":16272,"template":"","meta":[],"product_brand":[],"product_cat":[233,234],"product_tag":[236,240],"class_list":{"0":"post-2924","1":"product","2":"type-product","3":"status-publish","4":"has-post-thumbnail","6":"product_cat-bondage-zubehoer","7":"product_cat-ringe","8":"product_tag-bondagering","9":"product_tag-edelstahl","11":"first","12":"instock","13":"taxable","14":"shipping-taxable","15":"purchasable","16":"product-type-variable"},"_links":{"self":[{"href":"https:\/\/bavarian-bondage.de\/es\/wp-json\/wp\/v2\/product\/2924","targetHints":{"allow":["GET"]}}],"collection":[{"href":"https:\/\/bavarian-bondage.de\/es\/wp-json\/wp\/v2\/product"}],"about":[{"href":"https:\/\/bavarian-bondage.de\/es\/wp-json\/wp\/v2\/types\/product"}],"version-history":[{"count":4,"href":"https:\/\/bavarian-bondage.de\/es\/wp-json\/wp\/v2\/product\/2924\/revisions"}],"predecessor-version":[{"id":16276,"href":"https:\/\/bavarian-bondage.de\/es\/wp-json\/wp\/v2\/product\/2924\/revisions\/16276"}],"wp:featuredmedia":[{"embeddable":true,"href":"https:\/\/bavarian-bondage.de\/es\/wp-json\/wp\/v2\/media\/16272"}],"wp:attachment":[{"href":"https:\/\/bavarian-bondage.de\/es\/wp-json\/wp\/v2\/media?parent=2924"}],"wp:term":[{"taxonomy":"product_brand","embeddable":true,"href":"https:\/\/bavarian-bondage.de\/es\/wp-json\/wp\/v2\/product_brand?post=2924"},{"taxonomy":"product_cat","embeddable":true,"href":"https:\/\/bavarian-bondage.de\/es\/wp-json\/wp\/v2\/product_cat?post=2924"},{"taxonomy":"product_tag","embeddable":true,"href":"https:\/\/bavarian-bondage.de\/es\/wp-json\/wp\/v2\/product_tag?post=2924"}],"curies":[{"name":"gracias","href":"https:\/\/api.w.org\/{rel}","templated":true}]}}