{"id":2930,"date":"2020-10-17T12:51:21","date_gmt":"2020-10-17T10:51:21","guid":{"rendered":"https:\/\/bavarian-bondage.tivendo.com\/produkt\/import-placeholder-for-368\/"},"modified":"2026-01-25T22:39:03","modified_gmt":"2026-01-25T21:39:03","slug":"abrazaderas-de-trebol","status":"publish","type":"product","link":"https:\/\/bavarian-bondage.de\/es\/produkt\/clover-clamps\/","title":{"rendered":"Abrazaderas de tr\u00e9bol"},"content":{"rendered":"<h3 style=\"text-align: center\">Abrazaderas de tr\u00e9bol<\/h3>\n<p style=\"text-align: center\">Probablemente las pinzas m\u00e1s famosas en el \u00e1mbito del BDSM. Estas abrazaderas est\u00e1n dise\u00f1adas de tal manera que cuando se tiran de ellas, la presi\u00f3n aumenta a\u00fan m\u00e1s. Equipado con una resistente cadena de 30 cm de largo y una almohadilla de goma en el punto de sujeci\u00f3n.<\/p>\n<p>&nbsp;<\/p>\n<p><strong>Detalles:<\/strong><\/p>\n<p>Material: metal, almohadilla de goma<br \/>\nLongitud de la cadena: 30 cm<br \/>\nTama\u00f1o del clip: 9cm<\/p>\n<p>&nbsp;<\/p>\n<p><strong>Alcance de la entrega:<\/strong> Abrazaderas de tr\u00e9bol con cadena.<\/p>\n<p>&nbsp;<\/p>\n<hr \/>\n<blockquote>\n<p style=\"text-align: center\"><span style=\"color: #333399\">La informaci\u00f3n sobre los productos se proporciona seg\u00fan nuestro leal saber y entender. Todas las dimensiones son aproximadas. El uso de los productos ofrecidos aqu\u00ed en la tienda es bajo su propia responsabilidad. Cada persona reacciona de manera diferente a las influencias externas, al placer o al dolor, etc. Por lo tanto, no se acepta ninguna responsabilidad por un uso inadecuado.  Cada usuario asume la total responsabilidad por el uso o correcto uso de los productos y sus consecuencias imprevisibles.<\/span><\/p>\n<\/blockquote>","protected":false},"excerpt":{"rendered":"<p>Plazo de entrega: 5-7 d\u00edas*<\/p>","protected":false},"featured_media":8568,"template":"","meta":[],"product_brand":[],"product_cat":[248],"product_tag":[249,250,251],"class_list":{"0":"post-2930","1":"product","2":"type-product","3":"status-publish","4":"has-post-thumbnail","6":"product_cat-klammern","7":"product_tag-brustwarzenklammern","8":"product_tag-clover-clamps","9":"product_tag-klammern","11":"first","12":"instock","13":"taxable","14":"shipping-taxable","15":"purchasable","16":"product-type-simple"},"_links":{"self":[{"href":"https:\/\/bavarian-bondage.de\/es\/wp-json\/wp\/v2\/product\/2930","targetHints":{"allow":["GET"]}}],"collection":[{"href":"https:\/\/bavarian-bondage.de\/es\/wp-json\/wp\/v2\/product"}],"about":[{"href":"https:\/\/bavarian-bondage.de\/es\/wp-json\/wp\/v2\/types\/product"}],"version-history":[{"count":5,"href":"https:\/\/bavarian-bondage.de\/es\/wp-json\/wp\/v2\/product\/2930\/revisions"}],"predecessor-version":[{"id":13962,"href":"https:\/\/bavarian-bondage.de\/es\/wp-json\/wp\/v2\/product\/2930\/revisions\/13962"}],"wp:featuredmedia":[{"embeddable":true,"href":"https:\/\/bavarian-bondage.de\/es\/wp-json\/wp\/v2\/media\/8568"}],"wp:attachment":[{"href":"https:\/\/bavarian-bondage.de\/es\/wp-json\/wp\/v2\/media?parent=2930"}],"wp:term":[{"taxonomy":"product_brand","embeddable":true,"href":"https:\/\/bavarian-bondage.de\/es\/wp-json\/wp\/v2\/product_brand?post=2930"},{"taxonomy":"product_cat","embeddable":true,"href":"https:\/\/bavarian-bondage.de\/es\/wp-json\/wp\/v2\/product_cat?post=2930"},{"taxonomy":"product_tag","embeddable":true,"href":"https:\/\/bavarian-bondage.de\/es\/wp-json\/wp\/v2\/product_tag?post=2930"}],"curies":[{"name":"gracias","href":"https:\/\/api.w.org\/{rel}","templated":true}]}}