{"id":2943,"date":"2020-10-17T12:56:29","date_gmt":"2020-10-17T10:56:29","guid":{"rendered":"https:\/\/bavarian-bondage.tivendo.com\/produkt\/import-placeholder-for-405\/"},"modified":"2026-03-05T18:21:33","modified_gmt":"2026-03-05T17:21:33","slug":"cuerda-de-canamo-de-lino-natural-de-4-mm-cuerda-simple-clasica-de-8-m","status":"publish","type":"product","link":"https:\/\/bavarian-bondage.de\/es\/produkt\/leinenhanfseil-natur-4mm-klassik-einzelseil-8m\/","title":{"rendered":"Cuerda de c\u00e1\u00f1amo de lino natural 4 mm cl\u00e1sica; Cuerda simple 8m"},"content":{"rendered":"<h3 style=\"text-align: center\">Cuerda c\u00e1\u00f1amo lino 4mm CLASSIC<\/h3>\n<p style=\"text-align: center\">La cuerda de c\u00e1\u00f1amo de lino Classic de 4 mm es agradablemente suave, muy flexible y destaca por su textura uniforme. No tiene nudos, es inodora y apenas suelta pelusa. Esta cuerda de c\u00e1\u00f1amo de tres hebras ha sido lavada, quebrada, flameada y aceitada. Su color es gris claro completamente natural. Los extremos se atan con un simple nudo simple.<\/p>\n<p style=\"text-align: center\">Las cuerdas de 4 mm no est\u00e1n dise\u00f1adas para bondage normal. Se utilizan tanto para decoraciones art\u00edsticas como para sujetar el cabello o la cara.<\/p>\n<p>&nbsp;<\/p>\n<p><strong>Detalles:<\/strong><\/p>\n<p>Cuerda de c\u00e1\u00f1amo de lino 4 mm CL\u00c1SICA<br \/>\n3 ejes girados<br \/>\nColor: gris claro<br \/>\nnudo simple<br \/>\nLongitud: 1x8m<br \/>\n(La longitud del cable puede diferir de la longitud especificada hasta en 3%)<\/p>\n<p>&nbsp;<\/p>\n<p><span style=\"color: #ff0000\"><strong>Un aviso:<\/strong><\/span><\/p>\n<p>\u00a1Compruebe peri\u00f3dicamente si los cables est\u00e1n desgastados o da\u00f1ados!<br \/>\n\u00a1Si las cuerdas se golpean o retuercen, pueden soltarse durante el uso!<\/p>\n<p>&nbsp;<\/p>\n<p><strong>Alcance de la entrega:<\/strong> Cuerda de c\u00e1\u00f1amo de lino de 1x8 m, 4 mm, CL\u00c1SICA<\/p>\n<blockquote>\n<hr \/>\n<p style=\"text-align: center\"><span style=\"color: #333399\">La informaci\u00f3n sobre los productos se proporciona seg\u00fan nuestro leal saber y entender. Todas las dimensiones son aproximadas. El uso de los productos ofrecidos aqu\u00ed en la tienda es bajo su propia responsabilidad. Cada persona reacciona de manera diferente a las influencias externas, al placer o al dolor, etc. Por lo tanto, no se acepta ninguna responsabilidad por un uso inadecuado.  Cada usuario asume la total responsabilidad por el uso o correcto uso de los productos y sus consecuencias imprevisibles.<\/span><\/p>\n<\/blockquote>","protected":false},"excerpt":{"rendered":"<p>Precio b\u00e1sico: 1,75\u20ac\/m<\/p>\n<p>Plazo de entrega: 5-7 d\u00edas*<\/p>","protected":false},"featured_media":9411,"template":"","meta":[],"product_brand":[],"product_cat":[216,217,218,258],"product_tag":[261,259,260],"class_list":{"0":"post-2943","1":"product","2":"type-product","3":"status-publish","4":"has-post-thumbnail","6":"product_cat-bondageseile","7":"product_cat-leinenhanfseil","8":"product_cat-leinenhanfseil-natur","9":"product_cat-leinenhanfseil-4mm","10":"product_tag-bondageseil","11":"product_tag-4mm","12":"product_tag-hanfseil","14":"first","15":"instock","16":"taxable","17":"shipping-taxable","18":"purchasable","19":"product-type-simple"},"_links":{"self":[{"href":"https:\/\/bavarian-bondage.de\/es\/wp-json\/wp\/v2\/product\/2943","targetHints":{"allow":["GET"]}}],"collection":[{"href":"https:\/\/bavarian-bondage.de\/es\/wp-json\/wp\/v2\/product"}],"about":[{"href":"https:\/\/bavarian-bondage.de\/es\/wp-json\/wp\/v2\/types\/product"}],"version-history":[{"count":5,"href":"https:\/\/bavarian-bondage.de\/es\/wp-json\/wp\/v2\/product\/2943\/revisions"}],"predecessor-version":[{"id":16210,"href":"https:\/\/bavarian-bondage.de\/es\/wp-json\/wp\/v2\/product\/2943\/revisions\/16210"}],"wp:featuredmedia":[{"embeddable":true,"href":"https:\/\/bavarian-bondage.de\/es\/wp-json\/wp\/v2\/media\/9411"}],"wp:attachment":[{"href":"https:\/\/bavarian-bondage.de\/es\/wp-json\/wp\/v2\/media?parent=2943"}],"wp:term":[{"taxonomy":"product_brand","embeddable":true,"href":"https:\/\/bavarian-bondage.de\/es\/wp-json\/wp\/v2\/product_brand?post=2943"},{"taxonomy":"product_cat","embeddable":true,"href":"https:\/\/bavarian-bondage.de\/es\/wp-json\/wp\/v2\/product_cat?post=2943"},{"taxonomy":"product_tag","embeddable":true,"href":"https:\/\/bavarian-bondage.de\/es\/wp-json\/wp\/v2\/product_tag?post=2943"}],"curies":[{"name":"gracias","href":"https:\/\/api.w.org\/{rel}","templated":true}]}}