{"id":2952,"date":"2020-10-17T12:56:30","date_gmt":"2020-10-17T10:56:30","guid":{"rendered":"https:\/\/bavarian-bondage.tivendo.com\/produkt\/import-placeholder-for-427\/"},"modified":"2026-02-18T19:17:43","modified_gmt":"2026-02-18T18:17:43","slug":"cuerda-de-canamo-de-lino-roja-de-5-mm-cuerda-unica-exclusiva-de-8-m","status":"publish","type":"product","link":"https:\/\/bavarian-bondage.de\/es\/produkt\/leinenhanfseil-rot-5mm-exklusiv-einzelseil-8m\/","title":{"rendered":"Cuerda de lino y c\u00e1\u00f1amo roja de 5 mm exclusiva; Cuerda simple 8m"},"content":{"rendered":"<h3 style=\"text-align: center\">Cuerda c\u00e1\u00f1amo lino 5mm rojo EXCLUSIVO<\/h3>\n<p style=\"text-align: center\">La cuerda de c\u00e1\u00f1amo de lino EXCLUSIVA de 5 mm tiene un vibrante color rojo y es muy suave y flexible. Ha sido tratada repetidamente para garantizar la m\u00e1xima calidad. Impresiona por su estructura redonda, uniforme y sin nudos en toda su longitud. Adem\u00e1s, los extremos est\u00e1n rematados con peque\u00f1os nudos. Al estar te\u00f1idas en una sola hebra, no est\u00e1n completamente te\u00f1idas. Las finas cuerdas de 5 mm son ideales para bondage art\u00edstico y combinaciones de m\u00faltiples colores.<\/p>\n<p>&nbsp;<\/p>\n<p><strong>Detalles:<\/strong><\/p>\n<p>Cuerda c\u00e1\u00f1amo lino 5mm rojo EXCLUSIVO<br \/>\n3 ejes girados<br \/>\nColor: Rojo<br \/>\nnudo de riesgo<br \/>\nLongitud: 1x8m<br \/>\n(La longitud del cable puede diferir de la longitud especificada hasta en 3%)<\/p>\n<p>&nbsp;<\/p>\n<p><span style=\"color: #ff0000\"><strong>Un aviso:<\/strong><\/span><\/p>\n<p>\u00a1Compruebe peri\u00f3dicamente si los cables est\u00e1n desgastados o da\u00f1ados! \u00a1Si las cuerdas se golpean o retuercen, pueden soltarse durante el uso!<br \/>\nLas cuerdas han sido te\u00f1idas en su totalidad y no son del mismo color hasta la mitad.<\/p>\n<p>&nbsp;<\/p>\n<p><strong>Alcance de la entrega:<\/strong> Cuerda de c\u00e1\u00f1amo de lino de 1x8 m, 5 mm, color rojo EXCLUSIVA<\/p>\n<p>&nbsp;<\/p>\n<p>&nbsp;<\/p>\n<blockquote>\n<p style=\"text-align: center\"><span style=\"color: #333399\">La informaci\u00f3n sobre los productos se proporciona seg\u00fan nuestro leal saber y entender. Todas las dimensiones son aproximadas. El uso de los productos ofrecidos aqu\u00ed en la tienda es bajo su propia responsabilidad. Cada persona reacciona de manera diferente a las influencias externas, al placer o al dolor, etc. Por lo tanto, no se acepta ninguna responsabilidad por un uso inadecuado.  Cada usuario asume la total responsabilidad por el uso o correcto uso de los productos y sus consecuencias imprevisibles.<\/span><\/p>\n<\/blockquote>","protected":false},"excerpt":{"rendered":"<p>Precio b\u00e1sico: 2,81 \u20ac\/m<\/p>\n<p>Plazo de entrega: 5-7 d\u00edas*<\/p>","protected":false},"featured_media":10268,"template":"","meta":[],"product_brand":[],"product_cat":[216,217,262,277],"product_tag":[260,273,278,529],"class_list":{"0":"post-2952","1":"product","2":"type-product","3":"status-publish","4":"has-post-thumbnail","6":"product_cat-bondageseile","7":"product_cat-leinenhanfseil","8":"product_cat-leinenhanfseil-farbig","9":"product_cat-red-edition","10":"product_tag-hanfseil","11":"product_tag-5mm","12":"product_tag-bondageseil-rot","13":"product_tag-leinenhanf","15":"first","16":"instock","17":"taxable","18":"shipping-taxable","19":"purchasable","20":"product-type-simple"},"_links":{"self":[{"href":"https:\/\/bavarian-bondage.de\/es\/wp-json\/wp\/v2\/product\/2952","targetHints":{"allow":["GET"]}}],"collection":[{"href":"https:\/\/bavarian-bondage.de\/es\/wp-json\/wp\/v2\/product"}],"about":[{"href":"https:\/\/bavarian-bondage.de\/es\/wp-json\/wp\/v2\/types\/product"}],"version-history":[{"count":6,"href":"https:\/\/bavarian-bondage.de\/es\/wp-json\/wp\/v2\/product\/2952\/revisions"}],"predecessor-version":[{"id":14311,"href":"https:\/\/bavarian-bondage.de\/es\/wp-json\/wp\/v2\/product\/2952\/revisions\/14311"}],"wp:featuredmedia":[{"embeddable":true,"href":"https:\/\/bavarian-bondage.de\/es\/wp-json\/wp\/v2\/media\/10268"}],"wp:attachment":[{"href":"https:\/\/bavarian-bondage.de\/es\/wp-json\/wp\/v2\/media?parent=2952"}],"wp:term":[{"taxonomy":"product_brand","embeddable":true,"href":"https:\/\/bavarian-bondage.de\/es\/wp-json\/wp\/v2\/product_brand?post=2952"},{"taxonomy":"product_cat","embeddable":true,"href":"https:\/\/bavarian-bondage.de\/es\/wp-json\/wp\/v2\/product_cat?post=2952"},{"taxonomy":"product_tag","embeddable":true,"href":"https:\/\/bavarian-bondage.de\/es\/wp-json\/wp\/v2\/product_tag?post=2952"}],"curies":[{"name":"gracias","href":"https:\/\/api.w.org\/{rel}","templated":true}]}}