{"id":2956,"date":"2020-10-17T12:56:30","date_gmt":"2020-10-17T10:56:30","guid":{"rendered":"https:\/\/bavarian-bondage.tivendo.com\/produkt\/import-placeholder-for-435\/"},"modified":"2026-03-06T06:37:45","modified_gmt":"2026-03-06T05:37:45","slug":"cuerda-canamo-lino-rojo-oscuro-6mm-cuerda-simple-exclusiva-8m","status":"publish","type":"product","link":"https:\/\/bavarian-bondage.de\/es\/produkt\/leinenhanfseil-dunkelrot-6mm-exklusiv-einzelseil-8m\/","title":{"rendered":"Cuerda de c\u00e1\u00f1amo de lino rojo oscuro 6 mm exclusiva; Cuerda simple 8m"},"content":{"rendered":"<h3 style=\"text-align: center\">Cuerda de lino y c\u00e1\u00f1amo 6mm rojo oscuro EXCLUSIVO<\/h3>\n<p style=\"text-align: center\">Color rojo oscuro intenso y uniforme.<\/p>\n<p style=\"text-align: center\">\u00a1La cuerda de lino y c\u00e1\u00f1amo de 6 mm EXCLUSIVA es muy suave y flexible! Ha sido tratado varias veces para mantener la mejor calidad. La cuerda impresiona por su estructura redonda, uniforme y sin nudos en toda su longitud. Adem\u00e1s, los extremos se atan con peque\u00f1os nudos y la cuerda est\u00e1 marcada con una marca central negra.<\/p>\n<p>&nbsp;<\/p>\n<p><strong>Detalles:<\/strong><\/p>\n<p>Cuerda de lino y c\u00e1\u00f1amo 6mm rojo oscuro EXCLUSIVO<br \/>\n3 ejes girados<br \/>\nColor: rojo oscuro<br \/>\nnudo de riesgo<br \/>\nLongitud: 1x8m<br \/>\n(La longitud de la cuerda puede variar hasta 3% de la longitud indicada).<\/p>\n<p>&nbsp;<\/p>\n<p><span style=\"color: #ff0000\"><strong>Un aviso:<\/strong><\/span><\/p>\n<p>Revise regularmente las cuerdas para detectar desgaste y da\u00f1os. Si las cuerdas est\u00e1n torcidas o dobladas, pueden aflojarse durante el uso.<br \/>\nLas cuerdas han sido te\u00f1idas en su totalidad y no son del mismo color hasta la mitad.<\/p>\n<p><strong>Alcance de la entrega:<\/strong> 1x8m cuerda c\u00e1\u00f1amo lino 6mm rojo oscuro EXCLUSIVO<\/p>\n<p>&nbsp;<\/p>\n<blockquote>\n<hr \/>\n<p style=\"text-align: center\"><span style=\"color: #333399\">La informaci\u00f3n sobre los productos se proporciona seg\u00fan nuestro leal saber y entender. Todas las dimensiones son aproximadas. El uso de los productos ofrecidos aqu\u00ed en la tienda es bajo su propia responsabilidad. Cada persona reacciona de manera diferente a las influencias externas, al placer o al dolor, etc. Por lo tanto, no se acepta ninguna responsabilidad por un uso inadecuado.  Cada usuario asume la total responsabilidad por el uso o correcto uso de los productos y sus consecuencias imprevisibles.<\/span><\/p>\n<\/blockquote>","protected":false},"excerpt":{"rendered":"<p>Precio b\u00e1sico: 3,00\u20ac\/m<\/p>\n<p>Plazo de entrega: 5-7 d\u00edas*<\/p>","protected":false},"featured_media":9752,"template":"","meta":[],"product_brand":[],"product_cat":[216,217,262,269],"product_tag":[221,261,284,286,529],"class_list":{"0":"post-2956","1":"product","2":"type-product","3":"status-publish","4":"has-post-thumbnail","6":"product_cat-bondageseile","7":"product_cat-leinenhanfseil","8":"product_cat-leinenhanfseil-farbig","9":"product_cat-dark-red-edition","10":"product_tag-seilset","11":"product_tag-bondageseil","12":"product_tag-6mm","13":"product_tag-hanfseil-dunkelrot","14":"product_tag-leinenhanf","16":"first","17":"instock","18":"taxable","19":"shipping-taxable","20":"purchasable","21":"product-type-simple"},"_links":{"self":[{"href":"https:\/\/bavarian-bondage.de\/es\/wp-json\/wp\/v2\/product\/2956","targetHints":{"allow":["GET"]}}],"collection":[{"href":"https:\/\/bavarian-bondage.de\/es\/wp-json\/wp\/v2\/product"}],"about":[{"href":"https:\/\/bavarian-bondage.de\/es\/wp-json\/wp\/v2\/types\/product"}],"version-history":[{"count":5,"href":"https:\/\/bavarian-bondage.de\/es\/wp-json\/wp\/v2\/product\/2956\/revisions"}],"predecessor-version":[{"id":16503,"href":"https:\/\/bavarian-bondage.de\/es\/wp-json\/wp\/v2\/product\/2956\/revisions\/16503"}],"wp:featuredmedia":[{"embeddable":true,"href":"https:\/\/bavarian-bondage.de\/es\/wp-json\/wp\/v2\/media\/9752"}],"wp:attachment":[{"href":"https:\/\/bavarian-bondage.de\/es\/wp-json\/wp\/v2\/media?parent=2956"}],"wp:term":[{"taxonomy":"product_brand","embeddable":true,"href":"https:\/\/bavarian-bondage.de\/es\/wp-json\/wp\/v2\/product_brand?post=2956"},{"taxonomy":"product_cat","embeddable":true,"href":"https:\/\/bavarian-bondage.de\/es\/wp-json\/wp\/v2\/product_cat?post=2956"},{"taxonomy":"product_tag","embeddable":true,"href":"https:\/\/bavarian-bondage.de\/es\/wp-json\/wp\/v2\/product_tag?post=2956"}],"curies":[{"name":"gracias","href":"https:\/\/api.w.org\/{rel}","templated":true}]}}