{"id":2968,"date":"2020-10-17T12:56:32","date_gmt":"2020-10-17T10:56:32","guid":{"rendered":"https:\/\/bavarian-bondage.tivendo.com\/produkt\/import-placeholder-for-467\/"},"modified":"2026-03-07T02:45:13","modified_gmt":"2026-03-07T01:45:13","slug":"cuerda-canamo-lino-natural-5mm-cuerda-simple-exclusiva-4m","status":"publish","type":"product","link":"https:\/\/bavarian-bondage.de\/es\/produkt\/leinenhanfseil-natur-5mm-exklusiv-einzelseil-4m\/","title":{"rendered":"Cuerda de lino y c\u00e1\u00f1amo natural 5 mm Exclusiva; Cuerda simple 4m"},"content":{"rendered":"<h3 style=\"text-align: center\">Cuerda c\u00e1\u00f1amo lino 5mm EXCLUSIVO<\/h3>\n<p style=\"text-align: center\">Ampl\u00ede el conjunto con una sola cuerda, reemplace las cuerdas o verifique la calidad.<\/p>\n<p style=\"text-align: center\">\u00a1La cuerda de lino y c\u00e1\u00f1amo de 5 mm EXCLUSIVA es muy suave y flexible! Ha sido tratado varias veces para mantener la mejor calidad. La cuerda impresiona por su estructura redonda, uniforme y sin nudos en toda su longitud. Adem\u00e1s, los extremos est\u00e1n provistos de peque\u00f1os nudos de empalme. Con su di\u00e1metro de 5 mm, es ideal para el bondage art\u00edstico.<\/p>\n<p><strong>Detalles:<\/strong><\/p>\n<p>Cuerda c\u00e1\u00f1amo lino 5mm EXCLUSIVO<br \/>\n3 ejes girados<br \/>\nColor: gris claro<br \/>\nnudo de riesgo<br \/>\nLongitud: 1x4m<br \/>\n(La longitud de la cuerda puede variar hasta 3% de la longitud indicada).<\/p>\n<p>&nbsp;<\/p>\n<p><span style=\"color: #ff0000\"><strong>Un aviso:<\/strong><\/span><\/p>\n<p>\u00a1Compruebe peri\u00f3dicamente si los cables est\u00e1n desgastados o da\u00f1ados!<br \/>\n\u00a1Si las cuerdas se golpean o retuercen, pueden soltarse durante el uso!<\/p>\n<p>&nbsp;<\/p>\n<p><strong>Alcance de la entrega:<\/strong> 1x4m cuerda c\u00e1\u00f1amo lino 5mm EXCLUSIVO<\/p>\n<p>&nbsp;<\/p>\n<hr \/>\n<blockquote>\n<p style=\"text-align: center\"><span style=\"color: #333399\">La informaci\u00f3n sobre los productos se proporciona seg\u00fan nuestro leal saber y entender. Todas las dimensiones son aproximadas. El uso de los productos ofrecidos aqu\u00ed en la tienda es bajo su propia responsabilidad. Cada persona reacciona de manera diferente a las influencias externas, al placer o al dolor, etc. Por lo tanto, no se acepta ninguna responsabilidad por un uso inadecuado.  Cada usuario asume la total responsabilidad por el uso o correcto uso de los productos y sus consecuencias imprevisibles.<\/span><\/p>\n<\/blockquote>","protected":false},"excerpt":{"rendered":"<p>Precio b\u00e1sico: 2,43 \u20ac\/m<\/p>\n<p>Plazo de entrega: 5-7 d\u00edas*<\/p>","protected":false},"featured_media":9404,"template":"","meta":[],"product_brand":[],"product_cat":[216,217,218],"product_tag":[260,261,273,221],"class_list":{"0":"post-2968","1":"product","2":"type-product","3":"status-publish","4":"has-post-thumbnail","6":"product_cat-bondageseile","7":"product_cat-leinenhanfseil","8":"product_cat-leinenhanfseil-natur","9":"product_tag-hanfseil","10":"product_tag-bondageseil","11":"product_tag-5mm","12":"product_tag-seilset","14":"first","15":"instock","16":"taxable","17":"shipping-taxable","18":"purchasable","19":"product-type-simple"},"_links":{"self":[{"href":"https:\/\/bavarian-bondage.de\/es\/wp-json\/wp\/v2\/product\/2968","targetHints":{"allow":["GET"]}}],"collection":[{"href":"https:\/\/bavarian-bondage.de\/es\/wp-json\/wp\/v2\/product"}],"about":[{"href":"https:\/\/bavarian-bondage.de\/es\/wp-json\/wp\/v2\/types\/product"}],"version-history":[{"count":5,"href":"https:\/\/bavarian-bondage.de\/es\/wp-json\/wp\/v2\/product\/2968\/revisions"}],"predecessor-version":[{"id":16498,"href":"https:\/\/bavarian-bondage.de\/es\/wp-json\/wp\/v2\/product\/2968\/revisions\/16498"}],"wp:featuredmedia":[{"embeddable":true,"href":"https:\/\/bavarian-bondage.de\/es\/wp-json\/wp\/v2\/media\/9404"}],"wp:attachment":[{"href":"https:\/\/bavarian-bondage.de\/es\/wp-json\/wp\/v2\/media?parent=2968"}],"wp:term":[{"taxonomy":"product_brand","embeddable":true,"href":"https:\/\/bavarian-bondage.de\/es\/wp-json\/wp\/v2\/product_brand?post=2968"},{"taxonomy":"product_cat","embeddable":true,"href":"https:\/\/bavarian-bondage.de\/es\/wp-json\/wp\/v2\/product_cat?post=2968"},{"taxonomy":"product_tag","embeddable":true,"href":"https:\/\/bavarian-bondage.de\/es\/wp-json\/wp\/v2\/product_tag?post=2968"}],"curies":[{"name":"gracias","href":"https:\/\/api.w.org\/{rel}","templated":true}]}}