{"id":2971,"date":"2020-10-17T12:55:32","date_gmt":"2020-10-17T10:55:32","guid":{"rendered":"https:\/\/bavarian-bondage.tivendo.com\/produkt\/import-placeholder-for-473\/"},"modified":"2026-03-27T09:26:03","modified_gmt":"2026-03-27T08:26:03","slug":"cuerda-canamo-lino-natural-6mm-cuerda-simple-clasica-4m","status":"publish","type":"product","link":"https:\/\/bavarian-bondage.de\/es\/produkt\/leinenhanfseil-natur-6mm-klassik-einzelseil-4m\/","title":{"rendered":"Cuerda de c\u00e1\u00f1amo de lino natural 6 mm cl\u00e1sica; Cuerda simple 4m"},"content":{"rendered":"<h3 style=\"text-align: center\">Cuerda c\u00e1\u00f1amo lino 6mm CLASSIC<\/h3>\n<p style=\"text-align: center\">\u00a1Ampl\u00ede el conjunto, reemplace la cuerda o simplemente pruebe la calidad!<\/p>\n<p style=\"text-align: center\">La cuerda de c\u00e1\u00f1amo de lino Classic de 6 mm es agradablemente suave, muy flexible y convence por su textura uniforme. No tiene nudos, es inodoro y arroja muy poco. La cuerda de c\u00e1\u00f1amo fue lavada, rota, flameada y luego aceitada. El color de la cuerda es un tono gris claro natural. \u00a1Los extremos se terminaron con un simple nudo!<\/p>\n<p><strong>Detalles:<\/strong><\/p>\n<p>Cuerda c\u00e1\u00f1amo lino 6mm cl\u00e1sica<br \/>\n3 ejes girados<br \/>\nColor: gris claro<br \/>\nnudo simple<br \/>\nLongitud: 1x4m<br \/>\n(La longitud del cable puede diferir de la longitud especificada hasta en 3%)<\/p>\n<p>&nbsp;<\/p>\n<p><span style=\"color: #ff0000\"><strong>Aviso<\/strong><\/span>:<\/p>\n<p>\u00a1Compruebe peri\u00f3dicamente si los cables est\u00e1n desgastados o da\u00f1ados!<br \/>\n\u00a1Si las cuerdas se golpean o retuercen, pueden soltarse durante el uso!<\/p>\n<p>&nbsp;<\/p>\n<p><strong>Alcance de la entrega:<\/strong> 1x4m cuerda c\u00e1\u00f1amo lino 6mm CLASSIC<\/p>\n<p>&nbsp;<\/p>\n<hr \/>\n<blockquote>\n<p style=\"text-align: center\"><span style=\"color: #333399\">\u00a0La informaci\u00f3n sobre los productos se proporciona seg\u00fan nuestro leal saber y entender. Todas las dimensiones son aproximadas. El uso de los productos ofrecidos aqu\u00ed en la tienda es bajo su propia responsabilidad. Cada persona reacciona de manera diferente a las influencias externas, al placer o al dolor, etc. Por lo tanto, no se acepta ninguna responsabilidad por un uso inadecuado.  Cada usuario asume la total responsabilidad por el uso o correcto uso de los productos y sus consecuencias imprevisibles.<\/span><\/p>\n<\/blockquote>","protected":false},"excerpt":{"rendered":"<p>Precio b\u00e1sico: 2,43 \u20ac\/m<\/p>\n<p>Plazo de entrega: 5-7 d\u00edas*<\/p>","protected":false},"featured_media":9399,"template":"","meta":[],"product_brand":[],"product_cat":[217,218,216],"product_tag":[221,260,261,284,527],"class_list":{"0":"post-2971","1":"product","2":"type-product","3":"status-publish","4":"has-post-thumbnail","6":"product_cat-leinenhanfseil","7":"product_cat-leinenhanfseil-natur","8":"product_cat-bondageseile","9":"product_tag-seilset","10":"product_tag-hanfseil","11":"product_tag-bondageseil","12":"product_tag-6mm","13":"product_tag-leinehanfseil","15":"first","16":"outofstock","17":"taxable","18":"shipping-taxable","19":"purchasable","20":"product-type-simple"},"_links":{"self":[{"href":"https:\/\/bavarian-bondage.de\/es\/wp-json\/wp\/v2\/product\/2971","targetHints":{"allow":["GET"]}}],"collection":[{"href":"https:\/\/bavarian-bondage.de\/es\/wp-json\/wp\/v2\/product"}],"about":[{"href":"https:\/\/bavarian-bondage.de\/es\/wp-json\/wp\/v2\/types\/product"}],"version-history":[{"count":6,"href":"https:\/\/bavarian-bondage.de\/es\/wp-json\/wp\/v2\/product\/2971\/revisions"}],"predecessor-version":[{"id":13633,"href":"https:\/\/bavarian-bondage.de\/es\/wp-json\/wp\/v2\/product\/2971\/revisions\/13633"}],"wp:featuredmedia":[{"embeddable":true,"href":"https:\/\/bavarian-bondage.de\/es\/wp-json\/wp\/v2\/media\/9399"}],"wp:attachment":[{"href":"https:\/\/bavarian-bondage.de\/es\/wp-json\/wp\/v2\/media?parent=2971"}],"wp:term":[{"taxonomy":"product_brand","embeddable":true,"href":"https:\/\/bavarian-bondage.de\/es\/wp-json\/wp\/v2\/product_brand?post=2971"},{"taxonomy":"product_cat","embeddable":true,"href":"https:\/\/bavarian-bondage.de\/es\/wp-json\/wp\/v2\/product_cat?post=2971"},{"taxonomy":"product_tag","embeddable":true,"href":"https:\/\/bavarian-bondage.de\/es\/wp-json\/wp\/v2\/product_tag?post=2971"}],"curies":[{"name":"gracias","href":"https:\/\/api.w.org\/{rel}","templated":true}]}}