{"id":2978,"date":"2020-10-17T12:56:39","date_gmt":"2020-10-17T10:56:39","guid":{"rendered":"https:\/\/bavarian-bondage.tivendo.com\/produkt\/import-placeholder-for-493\/"},"modified":"2026-04-04T15:44:24","modified_gmt":"2026-04-04T13:44:24","slug":"cuerda-canamo-lino-baya-5mm-cuerda-simple-exclusiva-4m","status":"publish","type":"product","link":"https:\/\/bavarian-bondage.de\/es\/produkt\/leinenhanfseil-beere-5mm-exklusiv-einzelseil-4m\/","title":{"rendered":"Cuerda de lino y c\u00e1\u00f1amo baya de 5 mm exclusiva; Cuerda simple 4m"},"content":{"rendered":"<h3 style=\"text-align: center\">Cuerda c\u00e1\u00f1amo lino 5mm baya EXCLUSIVO<\/h3>\n<p style=\"text-align: center\">\u00a1La cuerda de c\u00e1\u00f1amo de lino de 5 mm EXCLUSIVA, en un hermoso color violeta, es muy suave y flexible! Ha sido tratado varias veces para mantener la mejor calidad. La cuerda convence por su estructura redonda, uniforme y sin nudos en toda su longitud. Adem\u00e1s, los extremos est\u00e1n atados con peque\u00f1os nudos. Las finas cuerdas de 5 mm son ideales para bondage art\u00edstico y combinaciones con m\u00faltiples colores.<\/p>\n<p><strong>Detalles:<\/strong><\/p>\n<p>Cuerda c\u00e1\u00f1amo lino 5mm baya EXCLUSIVO<br \/>\n3 ejes girados<br \/>\nColor: baya<br \/>\nnudo de riesgo<br \/>\nLongitud: 1x4m<br \/>\n(La longitud del cable puede diferir de la longitud especificada hasta en 3%)<\/p>\n<p>&nbsp;<\/p>\n<p><span style=\"color: #ff0000\"><strong>Un aviso:<\/strong><\/span><\/p>\n<p>\u00a1Compruebe peri\u00f3dicamente si los cables est\u00e1n desgastados o da\u00f1ados! \u00a1Si las cuerdas se golpean o retuercen, pueden soltarse durante el uso!<br \/>\nLas cuerdas han sido te\u00f1idas en su totalidad y no son del mismo color hasta la mitad.<\/p>\n<p>&nbsp;<\/p>\n<p><strong>Alcance de la entrega:<\/strong> Cuerda c\u00e1\u00f1amo lino 1x4m 5mm baya EXCLUSIVO<\/p>\n<p>&nbsp;<\/p>\n<hr \/>\n<blockquote>\n<p style=\"text-align: center\"><span style=\"color: #000080\">La informaci\u00f3n sobre los productos se proporciona seg\u00fan nuestro leal saber y entender. Todas las dimensiones son aproximadas. El uso de los productos ofrecidos aqu\u00ed en la tienda es bajo su propia responsabilidad. Cada persona reacciona de manera diferente a las influencias externas, al placer o al dolor, etc. Por lo tanto, no se acepta ninguna responsabilidad por un uso inadecuado.  Cada usuario asume la total responsabilidad por el uso o correcto uso de los productos y sus consecuencias imprevisibles.<\/span><\/p>\n<\/blockquote>","protected":false},"excerpt":{"rendered":"<p>Precio b\u00e1sico: 2,93 \u20ac\/m<\/p>\n<p>Plazo de entrega: 5-7 d\u00edas*<\/p>","protected":false},"featured_media":9137,"template":"","meta":[],"product_brand":[],"product_cat":[217,262,272,216],"product_tag":[261,273,495,529],"class_list":{"0":"post-2978","1":"product","2":"type-product","3":"status-publish","4":"has-post-thumbnail","6":"product_cat-leinenhanfseil","7":"product_cat-leinenhanfseil-farbig","8":"product_cat-purple-edition","9":"product_cat-bondageseile","10":"product_tag-bondageseil","11":"product_tag-5mm","12":"product_tag-hanfseil-beere","13":"product_tag-leinenhanf","15":"first","16":"instock","17":"taxable","18":"shipping-taxable","19":"purchasable","20":"product-type-simple"},"_links":{"self":[{"href":"https:\/\/bavarian-bondage.de\/es\/wp-json\/wp\/v2\/product\/2978","targetHints":{"allow":["GET"]}}],"collection":[{"href":"https:\/\/bavarian-bondage.de\/es\/wp-json\/wp\/v2\/product"}],"about":[{"href":"https:\/\/bavarian-bondage.de\/es\/wp-json\/wp\/v2\/types\/product"}],"version-history":[{"count":4,"href":"https:\/\/bavarian-bondage.de\/es\/wp-json\/wp\/v2\/product\/2978\/revisions"}],"predecessor-version":[{"id":13710,"href":"https:\/\/bavarian-bondage.de\/es\/wp-json\/wp\/v2\/product\/2978\/revisions\/13710"}],"wp:featuredmedia":[{"embeddable":true,"href":"https:\/\/bavarian-bondage.de\/es\/wp-json\/wp\/v2\/media\/9137"}],"wp:attachment":[{"href":"https:\/\/bavarian-bondage.de\/es\/wp-json\/wp\/v2\/media?parent=2978"}],"wp:term":[{"taxonomy":"product_brand","embeddable":true,"href":"https:\/\/bavarian-bondage.de\/es\/wp-json\/wp\/v2\/product_brand?post=2978"},{"taxonomy":"product_cat","embeddable":true,"href":"https:\/\/bavarian-bondage.de\/es\/wp-json\/wp\/v2\/product_cat?post=2978"},{"taxonomy":"product_tag","embeddable":true,"href":"https:\/\/bavarian-bondage.de\/es\/wp-json\/wp\/v2\/product_tag?post=2978"}],"curies":[{"name":"gracias","href":"https:\/\/api.w.org\/{rel}","templated":true}]}}