{"id":2987,"date":"2020-10-17T12:56:40","date_gmt":"2020-10-17T10:56:40","guid":{"rendered":"https:\/\/bavarian-bondage.tivendo.com\/produkt\/import-placeholder-for-513\/"},"modified":"2025-12-28T08:41:34","modified_gmt":"2025-12-28T07:41:34","slug":"cuerda-de-canamo-de-lino-rosa-6-mm-cuerda-unica-exclusiva-4-m","status":"publish","type":"product","link":"https:\/\/bavarian-bondage.de\/es\/produkt\/leinenhanfseil-pink-6mm-exklusiv-einzelseil-4m\/","title":{"rendered":"Cuerda de c\u00e1\u00f1amo de lino rosa 6 mm exclusiva; Cuerda simple 4m"},"content":{"rendered":"<h3 style=\"text-align: center\">Cuerda c\u00e1\u00f1amo lino 6mm rosa EXCLUSIVO<\/h3>\n<p style=\"text-align: center\">\u00a1La cuerda de lino y c\u00e1\u00f1amo de 6 mm EXCLUSIVA es muy suave y flexible! Ha sido tratado varias veces para mantener la mejor calidad. La cuerda convence por su estructura redonda, uniforme y sin nudos en toda su longitud. Adem\u00e1s, los extremos est\u00e1n atados con peque\u00f1os nudos.<\/p>\n<p>&nbsp;<\/p>\n<p><strong>Detalles:<\/strong><br \/>\nCuerda c\u00e1\u00f1amo lino 6mm rosa EXCLUSIVO<br \/>\n3 ejes girados<br \/>\nColor: rosa<br \/>\nnudo de riesgo<br \/>\nLongitud: 1x4m<br \/>\n(La longitud del cable puede diferir de la longitud especificada hasta en 3%)<\/p>\n<p>&nbsp;<\/p>\n<p><span style=\"color: #ff0000\"><strong>Un aviso:<\/strong><\/span><\/p>\n<p>\u00a1Compruebe peri\u00f3dicamente si los cables est\u00e1n desgastados o da\u00f1ados! \u00a1Si las cuerdas se golpean o retuercen, pueden soltarse durante el uso!<br \/>\nLas cuerdas han sido te\u00f1idas en su totalidad y no son del mismo color hasta la mitad.<\/p>\n<p>&nbsp;<\/p>\n<p><strong>Alcance de la entrega:<\/strong> Cuerda de c\u00e1\u00f1amo de lino de 1x4 m, 6 mm, color rosa EXCLUSIVA<\/p>\n<p>&nbsp;<\/p>\n<hr \/>\n<blockquote>\n<p style=\"text-align: center\"><span style=\"color: #333399\">La informaci\u00f3n sobre los productos se proporciona seg\u00fan nuestro leal saber y entender. Todas las dimensiones son aproximadas. El uso de los productos ofrecidos aqu\u00ed en la tienda es bajo su propia responsabilidad. Cada persona reacciona de manera diferente a las influencias externas, al placer o al dolor, etc. Por lo tanto, no se acepta ninguna responsabilidad por un uso inadecuado.  Cada usuario asume la total responsabilidad por el uso o correcto uso de los productos y sus consecuencias imprevisibles.<\/span><\/p>\n<\/blockquote>","protected":false},"excerpt":{"rendered":"<p>Precio b\u00e1sico: 3,13\u20ac\/m<\/p>\n<p>Plazo de entrega: 5-7 d\u00edas*<\/p>","protected":false},"featured_media":10291,"template":"","meta":[],"product_brand":[],"product_cat":[216,217,262,275],"product_tag":[531,260,261,276],"class_list":{"0":"post-2987","1":"product","2":"type-product","3":"status-publish","4":"has-post-thumbnail","6":"product_cat-bondageseile","7":"product_cat-leinenhanfseil","8":"product_cat-leinenhanfseil-farbig","9":"product_cat-pink-edition","10":"product_tag-leinenhanfseil-pink","11":"product_tag-hanfseil","12":"product_tag-bondageseil","13":"product_tag-bondageseil-pink","15":"first","16":"instock","17":"taxable","18":"shipping-taxable","19":"purchasable","20":"product-type-simple"},"_links":{"self":[{"href":"https:\/\/bavarian-bondage.de\/es\/wp-json\/wp\/v2\/product\/2987","targetHints":{"allow":["GET"]}}],"collection":[{"href":"https:\/\/bavarian-bondage.de\/es\/wp-json\/wp\/v2\/product"}],"about":[{"href":"https:\/\/bavarian-bondage.de\/es\/wp-json\/wp\/v2\/types\/product"}],"version-history":[{"count":4,"href":"https:\/\/bavarian-bondage.de\/es\/wp-json\/wp\/v2\/product\/2987\/revisions"}],"predecessor-version":[{"id":13701,"href":"https:\/\/bavarian-bondage.de\/es\/wp-json\/wp\/v2\/product\/2987\/revisions\/13701"}],"wp:featuredmedia":[{"embeddable":true,"href":"https:\/\/bavarian-bondage.de\/es\/wp-json\/wp\/v2\/media\/10291"}],"wp:attachment":[{"href":"https:\/\/bavarian-bondage.de\/es\/wp-json\/wp\/v2\/media?parent=2987"}],"wp:term":[{"taxonomy":"product_brand","embeddable":true,"href":"https:\/\/bavarian-bondage.de\/es\/wp-json\/wp\/v2\/product_brand?post=2987"},{"taxonomy":"product_cat","embeddable":true,"href":"https:\/\/bavarian-bondage.de\/es\/wp-json\/wp\/v2\/product_cat?post=2987"},{"taxonomy":"product_tag","embeddable":true,"href":"https:\/\/bavarian-bondage.de\/es\/wp-json\/wp\/v2\/product_tag?post=2987"}],"curies":[{"name":"gracias","href":"https:\/\/api.w.org\/{rel}","templated":true}]}}