{"id":2990,"date":"2020-10-17T12:56:41","date_gmt":"2020-10-17T10:56:41","guid":{"rendered":"https:\/\/bavarian-bondage.tivendo.com\/produkt\/import-placeholder-for-519\/"},"modified":"2026-02-10T09:21:59","modified_gmt":"2026-02-10T08:21:59","slug":"latigo-de-cuero-para-dedos","status":"publish","type":"product","link":"https:\/\/bavarian-bondage.de\/es\/produkt\/fingerpeitsche-leder\/","title":{"rendered":"cuero de l\u00e1tigo"},"content":{"rendered":"<h3 style=\"text-align: center\">L\u00e1tigo de dedo - cuero<\/h3>\n<p style=\"text-align: center\">Peque\u00f1o pero poderoso probablemente lo describa mejor. Este peque\u00f1o l\u00e1tigo de dedo est\u00e1 hecho completamente de cuero de vaca y un anillo de acero de 30 mm.  16 correas de aproximadamente 4 mm de ancho garantizan la transmisi\u00f3n de potencia adecuada de blando a duro.<\/p>\n<p style=\"text-align: center\">Un peque\u00f1o juguete que, con una longitud total de solo 25 cm, cabe pr\u00e1cticamente en cualquier lugar.<\/p>\n<p>&nbsp;<\/p>\n<p><strong>Detalles:<\/strong><\/p>\n<p>Material: piel de vacuno<br \/>\nDi\u00e1metro del anillo: 3cm<br \/>\nLongitud total: 25cm<br \/>\nLongitud del mango: 6cm<br \/>\nColor: Negro<\/p>\n<p>&nbsp;<\/p>\n<p><strong>Alcance de la entrega:<\/strong> 1 l\u00e1tigo de cuero para dedos<\/p>\n<p>&nbsp;<\/p>\n<blockquote>\n<hr \/>\n<p style=\"text-align: center\"><span style=\"color: #333399\">La informaci\u00f3n sobre los productos se proporciona seg\u00fan nuestro leal saber y entender. Todas las dimensiones son aproximadas. El uso de los productos ofrecidos aqu\u00ed en la tienda es bajo su propia responsabilidad. Cada persona reacciona de manera diferente a las influencias externas, al placer o al dolor, etc. Por lo tanto, no se acepta ninguna responsabilidad por un uso inadecuado.  Cada usuario asume la total responsabilidad por el uso o correcto uso de los productos y sus consecuencias imprevisibles.<\/span><\/p>\n<\/blockquote>","protected":false},"excerpt":{"rendered":"<p>Plazo de entrega: 5-7 d\u00edas*<\/p>","protected":false},"featured_media":8643,"template":"","meta":[],"product_brand":[],"product_cat":[252,224],"product_tag":[305,306,307],"class_list":{"0":"post-2990","1":"product","2":"type-product","3":"status-publish","4":"has-post-thumbnail","6":"product_cat-peitschen-gerten","7":"product_cat-lustschmerz","8":"product_tag-fingerpeitsche","9":"product_tag-leder","10":"product_tag-peitsche","12":"first","13":"instock","14":"taxable","15":"shipping-taxable","16":"purchasable","17":"product-type-simple"},"_links":{"self":[{"href":"https:\/\/bavarian-bondage.de\/es\/wp-json\/wp\/v2\/product\/2990","targetHints":{"allow":["GET"]}}],"collection":[{"href":"https:\/\/bavarian-bondage.de\/es\/wp-json\/wp\/v2\/product"}],"about":[{"href":"https:\/\/bavarian-bondage.de\/es\/wp-json\/wp\/v2\/types\/product"}],"version-history":[{"count":2,"href":"https:\/\/bavarian-bondage.de\/es\/wp-json\/wp\/v2\/product\/2990\/revisions"}],"predecessor-version":[{"id":13987,"href":"https:\/\/bavarian-bondage.de\/es\/wp-json\/wp\/v2\/product\/2990\/revisions\/13987"}],"wp:featuredmedia":[{"embeddable":true,"href":"https:\/\/bavarian-bondage.de\/es\/wp-json\/wp\/v2\/media\/8643"}],"wp:attachment":[{"href":"https:\/\/bavarian-bondage.de\/es\/wp-json\/wp\/v2\/media?parent=2990"}],"wp:term":[{"taxonomy":"product_brand","embeddable":true,"href":"https:\/\/bavarian-bondage.de\/es\/wp-json\/wp\/v2\/product_brand?post=2990"},{"taxonomy":"product_cat","embeddable":true,"href":"https:\/\/bavarian-bondage.de\/es\/wp-json\/wp\/v2\/product_cat?post=2990"},{"taxonomy":"product_tag","embeddable":true,"href":"https:\/\/bavarian-bondage.de\/es\/wp-json\/wp\/v2\/product_tag?post=2990"}],"curies":[{"name":"gracias","href":"https:\/\/api.w.org\/{rel}","templated":true}]}}