{"id":2991,"date":"2020-10-17T12:57:41","date_gmt":"2020-10-17T10:57:41","guid":{"rendered":"https:\/\/bavarian-bondage.tivendo.com\/produkt\/import-placeholder-for-524\/"},"modified":"2026-03-15T08:48:48","modified_gmt":"2026-03-15T07:48:48","slug":"baston-flexible","status":"publish","type":"product","link":"https:\/\/bavarian-bondage.de\/es\/produkt\/flexibler-rohrstock\/","title":{"rendered":"bast\u00f3n flexible"},"content":{"rendered":"<h3 style=\"text-align: center\">bast\u00f3n flexible<\/h3>\n<p style=\"text-align: center\">Este bast\u00f3n est\u00e1 fabricado en PVC flexible, recubierto de suave piel de napa y equipado con una correa de transporte de cuero. En comparaci\u00f3n con los bastones de madera, muy higi\u00e9nicos y s\u00faper duraderos. Gracias al n\u00facleo flexible se puede doblar completamente y su eficacia no es inferior a la de un bast\u00f3n de madera.<\/p>\n<p style=\"text-align: center\">Muy higi\u00e9nico e indestructible en uso normal.<\/p>\n<p>&nbsp;<\/p>\n<p><strong>Detalles:<\/strong><\/p>\n<p>Material: N\u00facleo de PVC, cuero de napa<br \/>\nColor: Negro:<br \/>\nLongitud: 65cm<br \/>\nAncho: 14 mm<\/p>\n<p>&nbsp;<\/p>\n<p><strong>Alcance de la entrega:<\/strong> 1 bast\u00f3n flexible<\/p>\n<p>&nbsp;<\/p>\n<hr \/>\n<blockquote>\n<p style=\"text-align: center\"><span style=\"color: #333399\">La informaci\u00f3n sobre los productos se proporciona seg\u00fan nuestro leal saber y entender. Todas las dimensiones son aproximadas. El uso de los productos ofrecidos aqu\u00ed en la tienda es bajo su propia responsabilidad. Cada persona reacciona de manera diferente a las influencias externas, al placer o al dolor, etc. Por lo tanto, no se acepta ninguna responsabilidad por un uso inadecuado.  Cada usuario asume la total responsabilidad por el uso o correcto uso de los productos y sus consecuencias imprevisibles.<\/span><\/p>\n<\/blockquote>","protected":false},"excerpt":{"rendered":"<p>Plazo de entrega: 5-7 d\u00edas*<\/p>","protected":false},"featured_media":8629,"template":"","meta":[],"product_brand":[],"product_cat":[252,224],"product_tag":[254,308],"class_list":{"0":"post-2991","1":"product","2":"type-product","3":"status-publish","4":"has-post-thumbnail","6":"product_cat-peitschen-gerten","7":"product_cat-lustschmerz","8":"product_tag-echtleder","9":"product_tag-rohrstock","11":"first","12":"instock","13":"taxable","14":"shipping-taxable","15":"purchasable","16":"product-type-simple"},"_links":{"self":[{"href":"https:\/\/bavarian-bondage.de\/es\/wp-json\/wp\/v2\/product\/2991","targetHints":{"allow":["GET"]}}],"collection":[{"href":"https:\/\/bavarian-bondage.de\/es\/wp-json\/wp\/v2\/product"}],"about":[{"href":"https:\/\/bavarian-bondage.de\/es\/wp-json\/wp\/v2\/types\/product"}],"version-history":[{"count":2,"href":"https:\/\/bavarian-bondage.de\/es\/wp-json\/wp\/v2\/product\/2991\/revisions"}],"predecessor-version":[{"id":13986,"href":"https:\/\/bavarian-bondage.de\/es\/wp-json\/wp\/v2\/product\/2991\/revisions\/13986"}],"wp:featuredmedia":[{"embeddable":true,"href":"https:\/\/bavarian-bondage.de\/es\/wp-json\/wp\/v2\/media\/8629"}],"wp:attachment":[{"href":"https:\/\/bavarian-bondage.de\/es\/wp-json\/wp\/v2\/media?parent=2991"}],"wp:term":[{"taxonomy":"product_brand","embeddable":true,"href":"https:\/\/bavarian-bondage.de\/es\/wp-json\/wp\/v2\/product_brand?post=2991"},{"taxonomy":"product_cat","embeddable":true,"href":"https:\/\/bavarian-bondage.de\/es\/wp-json\/wp\/v2\/product_cat?post=2991"},{"taxonomy":"product_tag","embeddable":true,"href":"https:\/\/bavarian-bondage.de\/es\/wp-json\/wp\/v2\/product_tag?post=2991"}],"curies":[{"name":"gracias","href":"https:\/\/api.w.org\/{rel}","templated":true}]}}