{"id":2994,"date":"2020-10-17T12:50:41","date_gmt":"2020-10-17T10:50:41","guid":{"rendered":"https:\/\/bavarian-bondage.tivendo.com\/produkt\/import-placeholder-for-545\/"},"modified":"2025-05-04T16:50:20","modified_gmt":"2025-05-04T14:50:20","slug":"clips-con-ganchos","status":"publish","type":"product","link":"https:\/\/bavarian-bondage.de\/es\/produkt\/klammern-mit-haken\/","title":{"rendered":"Clips con ganchos"},"content":{"rendered":"<h3 style=\"text-align: center\">Clips con ganchos<\/h3>\n<p style=\"text-align: center\">Estos cl\u00e1sicos clips fabricados en metal son c\u00f3modos de llevar gracias a su gran almohadilla recubierta de goma.  En los pr\u00e1cticos ganchos m\u00f3viles se pueden colgar y fijar todo tipo de cosas.<\/p>\n<p>&nbsp;<\/p>\n<p style=\"text-align: left\"><strong>Detalles:<\/strong><\/p>\n<p>Material: metal, almohadilla de goma<br \/>\nLongitud: 7cm<br \/>\nAncho: 3cm<\/p>\n<p>&nbsp;<\/p>\n<p><strong>Alcance de la entrega:<\/strong> 2 piezas de soportes con ganchos<\/p>\n<p>&nbsp;<\/p>\n<hr \/>\n<blockquote>\n<p style=\"text-align: center\"><span style=\"color: #333399\">\u00a0La informaci\u00f3n sobre los productos se proporciona seg\u00fan nuestro leal saber y entender. Todas las dimensiones son aproximadas. El uso de los productos ofrecidos aqu\u00ed en la tienda es bajo su propia responsabilidad. Cada persona reacciona de manera diferente a las influencias externas, al placer o al dolor, etc. Por lo tanto, no se acepta ninguna responsabilidad por un uso inadecuado.  Cada usuario asume la total responsabilidad por el uso o correcto uso de los productos y sus consecuencias imprevisibles.<\/span><\/p>\n<\/blockquote>","protected":false},"excerpt":{"rendered":"<p>Plazo de entrega: 5-7 d\u00edas*<\/p>","protected":false},"featured_media":8565,"template":"","meta":[],"product_brand":[],"product_cat":[248],"product_tag":[310,311,309],"class_list":{"0":"post-2994","1":"product","2":"type-product","3":"status-publish","4":"has-post-thumbnail","6":"product_cat-klammern","7":"product_tag-klammer","8":"product_tag-nippelklammern","9":"product_tag-haken","11":"first","12":"instock","13":"taxable","14":"shipping-taxable","15":"purchasable","16":"product-type-simple"},"_links":{"self":[{"href":"https:\/\/bavarian-bondage.de\/es\/wp-json\/wp\/v2\/product\/2994","targetHints":{"allow":["GET"]}}],"collection":[{"href":"https:\/\/bavarian-bondage.de\/es\/wp-json\/wp\/v2\/product"}],"about":[{"href":"https:\/\/bavarian-bondage.de\/es\/wp-json\/wp\/v2\/types\/product"}],"version-history":[{"count":3,"href":"https:\/\/bavarian-bondage.de\/es\/wp-json\/wp\/v2\/product\/2994\/revisions"}],"predecessor-version":[{"id":13963,"href":"https:\/\/bavarian-bondage.de\/es\/wp-json\/wp\/v2\/product\/2994\/revisions\/13963"}],"wp:featuredmedia":[{"embeddable":true,"href":"https:\/\/bavarian-bondage.de\/es\/wp-json\/wp\/v2\/media\/8565"}],"wp:attachment":[{"href":"https:\/\/bavarian-bondage.de\/es\/wp-json\/wp\/v2\/media?parent=2994"}],"wp:term":[{"taxonomy":"product_brand","embeddable":true,"href":"https:\/\/bavarian-bondage.de\/es\/wp-json\/wp\/v2\/product_brand?post=2994"},{"taxonomy":"product_cat","embeddable":true,"href":"https:\/\/bavarian-bondage.de\/es\/wp-json\/wp\/v2\/product_cat?post=2994"},{"taxonomy":"product_tag","embeddable":true,"href":"https:\/\/bavarian-bondage.de\/es\/wp-json\/wp\/v2\/product_tag?post=2994"}],"curies":[{"name":"gracias","href":"https:\/\/api.w.org\/{rel}","templated":true}]}}