{"id":2996,"date":"2020-10-17T12:58:41","date_gmt":"2020-10-17T10:58:41","guid":{"rendered":"https:\/\/bavarian-bondage.tivendo.com\/produkt\/import-placeholder-for-555\/"},"modified":"2026-01-04T22:56:07","modified_gmt":"2026-01-04T21:56:07","slug":"cosecha-de-cuero-marron","status":"publish","type":"product","link":"https:\/\/bavarian-bondage.de\/es\/produkt\/ledergerte-braun\/","title":{"rendered":"Crop de cuero marr\u00f3n"},"content":{"rendered":"<h3 style=\"text-align: center\">Crop de cuero marr\u00f3n<\/h3>\n<p style=\"text-align: center\">Un elegante l\u00e1tigo con una gran y suave bofetada de cuero genuino promete azotes al m\u00e1s alto nivel. El mango envuelto en cuero sint\u00e9tico y la tapa del extremo de gran tama\u00f1o garantizan un buen agarre. El l\u00e1tigo en s\u00ed est\u00e1 hecho de pl\u00e1stico recubierto de nailon. En comparaci\u00f3n con otros l\u00e1tigos, este es un poco m\u00e1s duro y menos flexible.<\/p>\n<p>&nbsp;<\/p>\n<p><strong>Detalles:<\/strong><\/p>\n<p>Material: cuero genuino, cuero sint\u00e9tico, pl\u00e1stico, nailon.<br \/>\nLongitud total: 60cm<br \/>\nBofetada de cuero: aprox. 7 cm de largo y 6 cm de ancho<br \/>\nColor: Negro, Cromo<\/p>\n<p>&nbsp;<\/p>\n<p><strong>Alcance de la entrega:<\/strong> 1 cultivo de cuero marr\u00f3n<\/p>\n<p>&nbsp;<\/p>\n<hr \/>\n<blockquote>\n<p style=\"text-align: center\"><span style=\"color: #333399\">La informaci\u00f3n sobre los productos se proporciona seg\u00fan nuestro leal saber y entender. Todas las dimensiones son aproximadas. El uso de los productos ofrecidos aqu\u00ed en la tienda es bajo su propia responsabilidad. Cada persona reacciona de manera diferente a las influencias externas, al placer o al dolor, etc. Por lo tanto, no se acepta ninguna responsabilidad por un uso inadecuado.  Cada usuario asume la total responsabilidad por el uso o correcto uso de los productos y sus consecuencias imprevisibles.<\/span><\/p>\n<\/blockquote>","protected":false},"excerpt":{"rendered":"<p>Plazo de entrega: 5-7 d\u00edas*<\/p>","protected":false},"featured_media":8625,"template":"","meta":[],"product_brand":[],"product_cat":[252,224],"product_tag":[],"class_list":{"0":"post-2996","1":"product","2":"type-product","3":"status-publish","4":"has-post-thumbnail","6":"product_cat-peitschen-gerten","7":"product_cat-lustschmerz","9":"first","10":"instock","11":"taxable","12":"shipping-taxable","13":"purchasable","14":"product-type-simple"},"_links":{"self":[{"href":"https:\/\/bavarian-bondage.de\/es\/wp-json\/wp\/v2\/product\/2996","targetHints":{"allow":["GET"]}}],"collection":[{"href":"https:\/\/bavarian-bondage.de\/es\/wp-json\/wp\/v2\/product"}],"about":[{"href":"https:\/\/bavarian-bondage.de\/es\/wp-json\/wp\/v2\/types\/product"}],"version-history":[{"count":4,"href":"https:\/\/bavarian-bondage.de\/es\/wp-json\/wp\/v2\/product\/2996\/revisions"}],"predecessor-version":[{"id":13971,"href":"https:\/\/bavarian-bondage.de\/es\/wp-json\/wp\/v2\/product\/2996\/revisions\/13971"}],"wp:featuredmedia":[{"embeddable":true,"href":"https:\/\/bavarian-bondage.de\/es\/wp-json\/wp\/v2\/media\/8625"}],"wp:attachment":[{"href":"https:\/\/bavarian-bondage.de\/es\/wp-json\/wp\/v2\/media?parent=2996"}],"wp:term":[{"taxonomy":"product_brand","embeddable":true,"href":"https:\/\/bavarian-bondage.de\/es\/wp-json\/wp\/v2\/product_brand?post=2996"},{"taxonomy":"product_cat","embeddable":true,"href":"https:\/\/bavarian-bondage.de\/es\/wp-json\/wp\/v2\/product_cat?post=2996"},{"taxonomy":"product_tag","embeddable":true,"href":"https:\/\/bavarian-bondage.de\/es\/wp-json\/wp\/v2\/product_tag?post=2996"}],"curies":[{"name":"gracias","href":"https:\/\/api.w.org\/{rel}","templated":true}]}}