{"id":2997,"date":"2020-10-17T12:55:41","date_gmt":"2020-10-17T10:55:41","guid":{"rendered":"https:\/\/bavarian-bondage.tivendo.com\/produkt\/import-placeholder-for-560\/"},"modified":"2026-03-15T21:54:29","modified_gmt":"2026-03-15T20:54:29","slug":"mordaza-de-cuero-con-bola-interior","status":"publish","type":"product","link":"https:\/\/bavarian-bondage.de\/es\/produkt\/lederknebel-mit-innenball\/","title":{"rendered":"Mordaza de cuero con bola interior."},"content":{"rendered":"<h3 style=\"text-align: center\">Mordaza de cuero con bola interior.<\/h3>\n<p style=\"text-align: center\">Una mordaza de cuero aut\u00e9ntico muy eficaz que encierra de forma segura la bola de TPE en la boca. Regulable en cent\u00edmetros mediante un total de 13 agujeros.<\/p>\n<p><strong>Detalles:<\/strong><\/p>\n<p>Material: cuero genuino, TPE<br \/>\nLargo total: 66cm<br \/>\nTama\u00f1o de la bola: 4cm<br \/>\nCorrea de cuero: 2cm<br \/>\nColor: Negro\/Rojo<\/p>\n<p>&nbsp;<\/p>\n<p><strong>Alcance de la entrega:<\/strong> 1 mordaza de cuero con bola interior<\/p>\n<p>&nbsp;<\/p>\n<hr \/>\n<blockquote>\n<p style=\"text-align: center\"><span style=\"color: #333399\">La informaci\u00f3n sobre los productos se proporciona seg\u00fan nuestro leal saber y entender. Todas las dimensiones son aproximadas. El uso de los productos ofrecidos aqu\u00ed en la tienda es bajo su propia responsabilidad. Cada persona reacciona de manera diferente a las influencias externas, al placer o al dolor, etc. Por lo tanto, no se acepta ninguna responsabilidad por un uso inadecuado.  Cada usuario asume la total responsabilidad por el uso o correcto uso de los productos y sus consecuencias imprevisibles.<\/span><\/p>\n<\/blockquote>","protected":false},"excerpt":{"rendered":"<p>Plazo de entrega: 5-7 d\u00edas*<\/p>","protected":false},"featured_media":8608,"template":"","meta":[],"product_brand":[],"product_cat":[229],"product_tag":[232,312,313],"class_list":{"0":"post-2997","1":"product","2":"type-product","3":"status-publish","4":"has-post-thumbnail","6":"product_cat-knebel","7":"product_tag-knebel","8":"product_tag-ringknebel","9":"product_tag-spidergag","11":"first","12":"instock","13":"taxable","14":"shipping-taxable","15":"purchasable","16":"product-type-simple"},"_links":{"self":[{"href":"https:\/\/bavarian-bondage.de\/es\/wp-json\/wp\/v2\/product\/2997","targetHints":{"allow":["GET"]}}],"collection":[{"href":"https:\/\/bavarian-bondage.de\/es\/wp-json\/wp\/v2\/product"}],"about":[{"href":"https:\/\/bavarian-bondage.de\/es\/wp-json\/wp\/v2\/types\/product"}],"version-history":[{"count":3,"href":"https:\/\/bavarian-bondage.de\/es\/wp-json\/wp\/v2\/product\/2997\/revisions"}],"predecessor-version":[{"id":13965,"href":"https:\/\/bavarian-bondage.de\/es\/wp-json\/wp\/v2\/product\/2997\/revisions\/13965"}],"wp:featuredmedia":[{"embeddable":true,"href":"https:\/\/bavarian-bondage.de\/es\/wp-json\/wp\/v2\/media\/8608"}],"wp:attachment":[{"href":"https:\/\/bavarian-bondage.de\/es\/wp-json\/wp\/v2\/media?parent=2997"}],"wp:term":[{"taxonomy":"product_brand","embeddable":true,"href":"https:\/\/bavarian-bondage.de\/es\/wp-json\/wp\/v2\/product_brand?post=2997"},{"taxonomy":"product_cat","embeddable":true,"href":"https:\/\/bavarian-bondage.de\/es\/wp-json\/wp\/v2\/product_cat?post=2997"},{"taxonomy":"product_tag","embeddable":true,"href":"https:\/\/bavarian-bondage.de\/es\/wp-json\/wp\/v2\/product_tag?post=2997"}],"curies":[{"name":"gracias","href":"https:\/\/api.w.org\/{rel}","templated":true}]}}