{"id":2998,"date":"2020-10-17T12:57:41","date_gmt":"2020-10-17T10:57:41","guid":{"rendered":"https:\/\/bavarian-bondage.tivendo.com\/produkt\/import-placeholder-for-565\/"},"modified":"2026-04-17T16:27:20","modified_gmt":"2026-04-17T14:27:20","slug":"anillo-torico-de-palanca-de-silicona","status":"publish","type":"product","link":"https:\/\/bavarian-bondage.de\/es\/produkt\/silikonknebel-o-ring\/","title":{"rendered":"Junta t\u00f3rica de mordaza de silicona"},"content":{"rendered":"<h3 style=\"text-align: center\">Junta t\u00f3rica de mordaza de silicona<\/h3>\n<p style=\"text-align: center\">Una mordaza peque\u00f1a pero muy eficaz que cabe discretamente en cualquier bolsillo del pantal\u00f3n.  La mordaza consta de un anillo de metal recubierto de silicona y una fina correa de sujeci\u00f3n tambi\u00e9n de silicona para su fijaci\u00f3n, por lo que es ligera y c\u00f3moda de llevar.<\/p>\n<p style=\"text-align: center\">La mordaza est\u00e1 muy bien hecha, no corta y es c\u00f3moda de llevar.<\/p>\n<p>&nbsp;<\/p>\n<p><strong>Detalle:<\/strong><\/p>\n<p>Material: silicona, metal<br \/>\nDi\u00e1metro del anillo: 5 cm, interior 4 cm.<br \/>\nLargo total: 65cm<br \/>\nCorrea de ancho de banda: 2 cm<\/p>\n<p>&nbsp;<\/p>\n<p><strong>Alcance de la entrega:<\/strong> 1 junta t\u00f3rica de palanca de silicona<\/p>\n<p>&nbsp;<\/p>\n<hr \/>\n<blockquote>\n<p style=\"text-align: center\"><span style=\"color: #333399\">La informaci\u00f3n sobre los productos se proporciona seg\u00fan nuestro leal saber y entender. Todas las dimensiones son aproximadas. El uso de los productos ofrecidos aqu\u00ed en la tienda es bajo su propia responsabilidad. Cada persona reacciona de manera diferente a las influencias externas, al placer o al dolor, etc. Por lo tanto, no se acepta ninguna responsabilidad por un uso inadecuado.  Cada usuario asume la total responsabilidad por el uso o correcto uso de los productos y sus consecuencias imprevisibles.<\/span><\/p>\n<\/blockquote>","protected":false},"excerpt":{"rendered":"<p>Plazo de entrega: 5-7 d\u00edas*<\/p>","protected":false},"featured_media":8610,"template":"","meta":[],"product_brand":[],"product_cat":[229],"product_tag":[227,306,312],"class_list":{"0":"post-2998","1":"product","2":"type-product","3":"status-publish","4":"has-post-thumbnail","6":"product_cat-knebel","7":"product_tag-bondage","8":"product_tag-leder","9":"product_tag-ringknebel","11":"first","12":"instock","13":"taxable","14":"shipping-taxable","15":"purchasable","16":"product-type-simple"},"_links":{"self":[{"href":"https:\/\/bavarian-bondage.de\/es\/wp-json\/wp\/v2\/product\/2998","targetHints":{"allow":["GET"]}}],"collection":[{"href":"https:\/\/bavarian-bondage.de\/es\/wp-json\/wp\/v2\/product"}],"about":[{"href":"https:\/\/bavarian-bondage.de\/es\/wp-json\/wp\/v2\/types\/product"}],"version-history":[{"count":4,"href":"https:\/\/bavarian-bondage.de\/es\/wp-json\/wp\/v2\/product\/2998\/revisions"}],"predecessor-version":[{"id":13966,"href":"https:\/\/bavarian-bondage.de\/es\/wp-json\/wp\/v2\/product\/2998\/revisions\/13966"}],"wp:featuredmedia":[{"embeddable":true,"href":"https:\/\/bavarian-bondage.de\/es\/wp-json\/wp\/v2\/media\/8610"}],"wp:attachment":[{"href":"https:\/\/bavarian-bondage.de\/es\/wp-json\/wp\/v2\/media?parent=2998"}],"wp:term":[{"taxonomy":"product_brand","embeddable":true,"href":"https:\/\/bavarian-bondage.de\/es\/wp-json\/wp\/v2\/product_brand?post=2998"},{"taxonomy":"product_cat","embeddable":true,"href":"https:\/\/bavarian-bondage.de\/es\/wp-json\/wp\/v2\/product_cat?post=2998"},{"taxonomy":"product_tag","embeddable":true,"href":"https:\/\/bavarian-bondage.de\/es\/wp-json\/wp\/v2\/product_tag?post=2998"}],"curies":[{"name":"gracias","href":"https:\/\/api.w.org\/{rel}","templated":true}]}}