{"id":3001,"date":"2020-10-17T12:56:42","date_gmt":"2020-10-17T10:56:42","guid":{"rendered":"https:\/\/bavarian-bondage.tivendo.com\/produkt\/import-placeholder-for-580\/"},"modified":"2026-02-15T14:28:15","modified_gmt":"2026-02-15T13:28:15","slug":"abrazaderas-de-pezones-de-metal","status":"publish","type":"product","link":"https:\/\/bavarian-bondage.de\/es\/produkt\/metall-nippelspangen\/","title":{"rendered":"Pinzas para pezones de metal"},"content":{"rendered":"<h3 style=\"text-align: center\">Pinzas met\u00e1licas para pezones<\/h3>\n<p style=\"text-align: center\">Los brackets met\u00e1licos est\u00e1n muy bien hechos y ofrecen un buen cambio con respecto a los brackets normales. El nivel de dureza se puede ajustar f\u00e1cilmente mediante las dos bandas el\u00e1sticas m\u00f3viles del medio.<\/p>\n<p>&nbsp;<\/p>\n<p><strong>Detalles:<\/strong><\/p>\n<p>Material: metal, caucho<br \/>\nLongitud: 21cm<br \/>\nAncho: 8mm<\/p>\n<p>&nbsp;<\/p>\n<p><strong>Alcance de la entrega:<\/strong> 2 pinzas met\u00e1licas para pezones<\/p>\n<p>&nbsp;<\/p>\n<hr \/>\n<blockquote>\n<p style=\"text-align: center\"><span style=\"color: #333399\">\u00a0La informaci\u00f3n sobre los productos se proporciona seg\u00fan nuestro leal saber y entender. Todas las dimensiones son aproximadas. El uso de los productos ofrecidos aqu\u00ed en la tienda es bajo su propia responsabilidad. Cada persona reacciona de manera diferente a las influencias externas, al placer o al dolor, etc. Por lo tanto, no se acepta ninguna responsabilidad por un uso inadecuado.  Cada usuario asume la total responsabilidad por el uso o correcto uso de los productos y sus consecuencias imprevisibles.<\/span><\/p>\n<\/blockquote>","protected":false},"excerpt":{"rendered":"<p>Plazo de entrega: 5-7 d\u00edas*<\/p>","protected":false},"featured_media":8594,"template":"","meta":[],"product_brand":[],"product_cat":[248],"product_tag":[],"class_list":{"0":"post-3001","1":"product","2":"type-product","3":"status-publish","4":"has-post-thumbnail","6":"product_cat-klammern","8":"first","9":"instock","10":"taxable","11":"shipping-taxable","12":"purchasable","13":"product-type-simple"},"_links":{"self":[{"href":"https:\/\/bavarian-bondage.de\/es\/wp-json\/wp\/v2\/product\/3001","targetHints":{"allow":["GET"]}}],"collection":[{"href":"https:\/\/bavarian-bondage.de\/es\/wp-json\/wp\/v2\/product"}],"about":[{"href":"https:\/\/bavarian-bondage.de\/es\/wp-json\/wp\/v2\/types\/product"}],"version-history":[{"count":3,"href":"https:\/\/bavarian-bondage.de\/es\/wp-json\/wp\/v2\/product\/3001\/revisions"}],"predecessor-version":[{"id":16501,"href":"https:\/\/bavarian-bondage.de\/es\/wp-json\/wp\/v2\/product\/3001\/revisions\/16501"}],"wp:featuredmedia":[{"embeddable":true,"href":"https:\/\/bavarian-bondage.de\/es\/wp-json\/wp\/v2\/media\/8594"}],"wp:attachment":[{"href":"https:\/\/bavarian-bondage.de\/es\/wp-json\/wp\/v2\/media?parent=3001"}],"wp:term":[{"taxonomy":"product_brand","embeddable":true,"href":"https:\/\/bavarian-bondage.de\/es\/wp-json\/wp\/v2\/product_brand?post=3001"},{"taxonomy":"product_cat","embeddable":true,"href":"https:\/\/bavarian-bondage.de\/es\/wp-json\/wp\/v2\/product_cat?post=3001"},{"taxonomy":"product_tag","embeddable":true,"href":"https:\/\/bavarian-bondage.de\/es\/wp-json\/wp\/v2\/product_tag?post=3001"}],"curies":[{"name":"gracias","href":"https:\/\/api.w.org\/{rel}","templated":true}]}}