{"id":3004,"date":"2020-10-17T12:59:53","date_gmt":"2020-10-17T10:59:53","guid":{"rendered":"https:\/\/bavarian-bondage.tivendo.com\/produkt\/import-placeholder-for-602\/"},"modified":"2025-11-16T02:03:50","modified_gmt":"2025-11-16T01:03:50","slug":"mango-de-bola-de-latigo","status":"publish","type":"product","link":"https:\/\/bavarian-bondage.de\/es\/produkt\/peitsche-kugelgriff\/","title":{"rendered":"Mango de bola de l\u00e1tigo"},"content":{"rendered":"<h3 style=\"text-align: center\">Mango de bola de l\u00e1tigo<\/h3>\n<p style=\"text-align: center\">Este l\u00e1tigo est\u00e1 hecho de cuero resistente y tiene un mango de aluminio s\u00f3lido que tambi\u00e9n puede usarse como consolador si es necesario.<\/p>\n<p style=\"text-align: center\">Ya sea castigar o mimar, todo es posible con este l\u00e1tigo.<\/p>\n<p>&nbsp;<\/p>\n<p><strong>Detalles:<\/strong><\/p>\n<p>Material: cuero genuino, aluminio<br \/>\nColor: negro, plata<br \/>\nLargo total: 56cm<br \/>\nMango de aluminio de longitud: 19,5 cm.<br \/>\nMango ancho: aprox. 2,5 cm.<\/p>\n<p>&nbsp;<\/p>\n<p><strong>Alcance de la entrega:\u00a0<\/strong> Mango de bola de l\u00e1tigo<\/p>\n<p>&nbsp;<\/p>\n<hr \/>\n<blockquote>\n<p style=\"text-align: center\"><span style=\"color: #333399\">La informaci\u00f3n sobre los productos se proporciona seg\u00fan nuestro leal saber y entender. Todas las dimensiones son aproximadas. El uso de los productos ofrecidos aqu\u00ed en la tienda es bajo su propia responsabilidad. Cada persona reacciona de manera diferente a las influencias externas, al placer o al dolor, etc. Por lo tanto, no se acepta ninguna responsabilidad por un uso inadecuado.  Cada usuario asume la total responsabilidad por el uso o correcto uso de los productos y sus consecuencias imprevisibles.<\/span><\/p>\n<\/blockquote>","protected":false},"excerpt":{"rendered":"<p>Plazo de entrega: 5-7 d\u00edas*<\/p>","protected":false},"featured_media":8641,"template":"","meta":[],"product_brand":[],"product_cat":[224,252],"product_tag":[307,320,321],"class_list":{"0":"post-3004","1":"product","2":"type-product","3":"status-publish","4":"has-post-thumbnail","6":"product_cat-lustschmerz","7":"product_cat-peitschen-gerten","8":"product_tag-peitsche","9":"product_tag-dildo","10":"product_tag-flogger","12":"first","13":"instock","14":"taxable","15":"shipping-taxable","16":"purchasable","17":"product-type-simple"},"_links":{"self":[{"href":"https:\/\/bavarian-bondage.de\/es\/wp-json\/wp\/v2\/product\/3004","targetHints":{"allow":["GET"]}}],"collection":[{"href":"https:\/\/bavarian-bondage.de\/es\/wp-json\/wp\/v2\/product"}],"about":[{"href":"https:\/\/bavarian-bondage.de\/es\/wp-json\/wp\/v2\/types\/product"}],"version-history":[{"count":3,"href":"https:\/\/bavarian-bondage.de\/es\/wp-json\/wp\/v2\/product\/3004\/revisions"}],"predecessor-version":[{"id":13968,"href":"https:\/\/bavarian-bondage.de\/es\/wp-json\/wp\/v2\/product\/3004\/revisions\/13968"}],"wp:featuredmedia":[{"embeddable":true,"href":"https:\/\/bavarian-bondage.de\/es\/wp-json\/wp\/v2\/media\/8641"}],"wp:attachment":[{"href":"https:\/\/bavarian-bondage.de\/es\/wp-json\/wp\/v2\/media?parent=3004"}],"wp:term":[{"taxonomy":"product_brand","embeddable":true,"href":"https:\/\/bavarian-bondage.de\/es\/wp-json\/wp\/v2\/product_brand?post=3004"},{"taxonomy":"product_cat","embeddable":true,"href":"https:\/\/bavarian-bondage.de\/es\/wp-json\/wp\/v2\/product_cat?post=3004"},{"taxonomy":"product_tag","embeddable":true,"href":"https:\/\/bavarian-bondage.de\/es\/wp-json\/wp\/v2\/product_tag?post=3004"}],"curies":[{"name":"gracias","href":"https:\/\/api.w.org\/{rel}","templated":true}]}}