{"id":3005,"date":"2020-10-17T12:56:54","date_gmt":"2020-10-17T10:56:54","guid":{"rendered":"https:\/\/bavarian-bondage.tivendo.com\/produkt\/import-placeholder-for-605\/"},"modified":"2026-04-11T23:55:55","modified_gmt":"2026-04-11T21:55:55","slug":"crema-cuidado-cuerda-100ml","status":"publish","type":"product","link":"https:\/\/bavarian-bondage.de\/es\/produkt\/rope-care-cream-100ml\/","title":{"rendered":"Crema Cuidado Cuerda 100ml"},"content":{"rendered":"<h3 style=\"text-align: center\">Crema para el cuidado de las cuerdas<\/h3>\n<p style=\"text-align: center\">(producci\u00f3n propia)<\/p>\n<p style=\"text-align: center\">Como sugiere el nombre, la crema para el cuidado de la cuerda tiene una consistencia relativamente s\u00f3lida y se masajea sobre la cuerda en comparaci\u00f3n con el aceite. Una cantidad del tama\u00f1o de una avellana suele ser suficiente para una cuerda de ocho metros.<\/p>\n<p style=\"text-align: center\">El cuidado natural para cuerdas 100% es adecuado tanto para cuerdas de c\u00e1\u00f1amo como para cuerdas de yute.<\/p>\n<p style=\"text-align: center\">Despu\u00e9s de su uso, las cuerdas deben secarse durante unos d\u00edas.<\/p>\n<p style=\"text-align: center\">Puedes encontrar consejos sobre el cuidado y uso de las cuerdas. <a href=\"https:\/\/bavarian-bondage.de\/es\/consejos-para-el-cuidado-de-las-cuerdas\/\">aqu\u00ed.<\/a><\/p>\n<p style=\"text-align: center\"><span style=\"color: #ff0000\">No es un art\u00edculo cosm\u00e9tico<\/span><\/p>\n<p style=\"text-align: center\"><span style=\"color: #ff0000\">No apto para el consumo.<\/span><\/p>\n<p><strong>Composici\u00f3n:<\/strong><\/p>\n<p>Cera de abejas<br \/>\naceite de jojoba<\/p>\n<p>&nbsp;<\/p>\n<p><strong>Alcance de la entrega:<\/strong> Crema para el cuidado de las cuerdas 100 ml<\/p>\n<p>&nbsp;<\/p>\n<hr \/>\n<blockquote>\n<p style=\"text-align: center\"><span style=\"color: #333399\">La informaci\u00f3n sobre los productos se proporciona seg\u00fan nuestro leal saber y entender. Todas las dimensiones son aproximadas. El uso de los productos ofrecidos aqu\u00ed en la tienda es bajo su propia responsabilidad. Cada persona reacciona de manera diferente a las influencias externas, al placer o al dolor, etc. Por lo tanto, no se acepta ninguna responsabilidad por un uso inadecuado.  Cada usuario asume la total responsabilidad por el uso o correcto uso de los productos y sus consecuencias imprevisibles.<\/span><\/p>\n<\/blockquote>\n<p>&nbsp;<\/p>","protected":false},"excerpt":{"rendered":"<p>Precio b\u00e1sico: 119,00 \u20ac\/l<\/p>\n<p>Plazo de entrega: 5-7 d\u00edas*<\/p>","protected":false},"featured_media":8548,"template":"","meta":[],"product_brand":[],"product_cat":[322],"product_tag":[323,324],"class_list":{"0":"post-3005","1":"product","2":"type-product","3":"status-publish","4":"has-post-thumbnail","6":"product_cat-seilpflege","7":"product_tag-rope-wachs","8":"product_tag-seilpflege","10":"first","11":"instock","12":"taxable","13":"shipping-taxable","14":"purchasable","15":"product-type-simple"},"_links":{"self":[{"href":"https:\/\/bavarian-bondage.de\/es\/wp-json\/wp\/v2\/product\/3005","targetHints":{"allow":["GET"]}}],"collection":[{"href":"https:\/\/bavarian-bondage.de\/es\/wp-json\/wp\/v2\/product"}],"about":[{"href":"https:\/\/bavarian-bondage.de\/es\/wp-json\/wp\/v2\/types\/product"}],"version-history":[{"count":6,"href":"https:\/\/bavarian-bondage.de\/es\/wp-json\/wp\/v2\/product\/3005\/revisions"}],"predecessor-version":[{"id":13914,"href":"https:\/\/bavarian-bondage.de\/es\/wp-json\/wp\/v2\/product\/3005\/revisions\/13914"}],"wp:featuredmedia":[{"embeddable":true,"href":"https:\/\/bavarian-bondage.de\/es\/wp-json\/wp\/v2\/media\/8548"}],"wp:attachment":[{"href":"https:\/\/bavarian-bondage.de\/es\/wp-json\/wp\/v2\/media?parent=3005"}],"wp:term":[{"taxonomy":"product_brand","embeddable":true,"href":"https:\/\/bavarian-bondage.de\/es\/wp-json\/wp\/v2\/product_brand?post=3005"},{"taxonomy":"product_cat","embeddable":true,"href":"https:\/\/bavarian-bondage.de\/es\/wp-json\/wp\/v2\/product_cat?post=3005"},{"taxonomy":"product_tag","embeddable":true,"href":"https:\/\/bavarian-bondage.de\/es\/wp-json\/wp\/v2\/product_tag?post=3005"}],"curies":[{"name":"gracias","href":"https:\/\/api.w.org\/{rel}","templated":true}]}}