{"id":3007,"date":"2020-10-17T12:51:54","date_gmt":"2020-10-17T10:51:54","guid":{"rendered":"https:\/\/bavarian-bondage.tivendo.com\/produkt\/import-placeholder-for-609\/"},"modified":"2026-02-22T15:27:12","modified_gmt":"2026-02-22T14:27:12","slug":"cuerda-de-choque","status":"publish","type":"product","link":"https:\/\/bavarian-bondage.de\/es\/produkt\/schlagseil\/","title":{"rendered":"cuerda de choque"},"content":{"rendered":"<h3 style=\"text-align: center\">cuerda de choque<\/h3>\n<p style=\"text-align: center\">Las cuerdas para regazo se est\u00e1n volviendo cada vez m\u00e1s populares. Una combinaci\u00f3n de l\u00e1tigo, fusta y remo hecha de cuerda y goma. Las cuerdas para l\u00e1tigo que se ofrecen est\u00e1n hechas de cuerda de c\u00e1\u00f1amo de 6 mm en diferentes colores y est\u00e1n recubiertas de goma, lo que facilita la limpieza. Puedes usar ambos extremos y la soga para azotar. Las cuerdas de impacto son relativamente intensas y, con un uso m\u00e1s intenso, las ronchas son inevitables.<\/p>\n<p style=\"text-align: center\">En las cuerdas de colores la goma es transparente, un poco m\u00e1s fina y flexible. Con el negro no es la cuerda sino la goma que es negra y adem\u00e1s un poco m\u00e1s gruesa, lo que le da a\u00fan m\u00e1s dureza a la cuerda negra.<\/p>\n<p>&nbsp;<\/p>\n<p><strong>Detalles:<\/strong><\/p>\n<p>Material: cuerda de c\u00e1\u00f1amo, caucho<br \/>\nLongitud: aprox. 40 cm<br \/>\nDi\u00e1metro: aprox. 7 mm<br \/>\nColor: seleccionable<\/p>\n<p>&nbsp;<\/p>\n<p><strong>Alcance de la entrega:<\/strong> Cuerda de impacto de 40 cm, color a elegir.<\/p>\n<p>&nbsp;<\/p>\n<hr \/>\n<blockquote>\n<p style=\"text-align: center\"><span style=\"color: #333399\">La informaci\u00f3n sobre los productos se proporciona seg\u00fan nuestro leal saber y entender. Todas las dimensiones son aproximadas. El uso de los productos ofrecidos aqu\u00ed en la tienda es bajo su propia responsabilidad. Cada persona reacciona de manera diferente a las influencias externas, al placer o al dolor, etc. Por lo tanto, no se acepta ninguna responsabilidad por un uso inadecuado.  Cada usuario asume la total responsabilidad por el uso o correcto uso de los productos y sus consecuencias imprevisibles.<\/span><\/p>\n<\/blockquote>","protected":false},"excerpt":{"rendered":"<p>Plazo de entrega: 5-7 d\u00edas*<\/p>","protected":false},"featured_media":9574,"template":"","meta":[],"product_brand":[],"product_cat":[224,252],"product_tag":[],"class_list":{"0":"post-3007","1":"product","2":"type-product","3":"status-publish","4":"has-post-thumbnail","6":"product_cat-lustschmerz","7":"product_cat-peitschen-gerten","9":"first","10":"instock","11":"taxable","12":"shipping-taxable","13":"purchasable","14":"product-type-variable"},"_links":{"self":[{"href":"https:\/\/bavarian-bondage.de\/es\/wp-json\/wp\/v2\/product\/3007","targetHints":{"allow":["GET"]}}],"collection":[{"href":"https:\/\/bavarian-bondage.de\/es\/wp-json\/wp\/v2\/product"}],"about":[{"href":"https:\/\/bavarian-bondage.de\/es\/wp-json\/wp\/v2\/types\/product"}],"version-history":[{"count":4,"href":"https:\/\/bavarian-bondage.de\/es\/wp-json\/wp\/v2\/product\/3007\/revisions"}],"predecessor-version":[{"id":13985,"href":"https:\/\/bavarian-bondage.de\/es\/wp-json\/wp\/v2\/product\/3007\/revisions\/13985"}],"wp:featuredmedia":[{"embeddable":true,"href":"https:\/\/bavarian-bondage.de\/es\/wp-json\/wp\/v2\/media\/9574"}],"wp:attachment":[{"href":"https:\/\/bavarian-bondage.de\/es\/wp-json\/wp\/v2\/media?parent=3007"}],"wp:term":[{"taxonomy":"product_brand","embeddable":true,"href":"https:\/\/bavarian-bondage.de\/es\/wp-json\/wp\/v2\/product_brand?post=3007"},{"taxonomy":"product_cat","embeddable":true,"href":"https:\/\/bavarian-bondage.de\/es\/wp-json\/wp\/v2\/product_cat?post=3007"},{"taxonomy":"product_tag","embeddable":true,"href":"https:\/\/bavarian-bondage.de\/es\/wp-json\/wp\/v2\/product_tag?post=3007"}],"curies":[{"name":"gracias","href":"https:\/\/api.w.org\/{rel}","templated":true}]}}