{"id":3012,"date":"2020-10-17T12:56:54","date_gmt":"2020-10-17T10:56:54","guid":{"rendered":"https:\/\/bavarian-bondage.tivendo.com\/produkt\/import-placeholder-for-619\/"},"modified":"2026-04-11T14:27:10","modified_gmt":"2026-04-11T12:27:10","slug":"mordaza-de-cuerda","status":"publish","type":"product","link":"https:\/\/bavarian-bondage.de\/es\/produkt\/seilknebel\/","title":{"rendered":"Mordaza de cuerda"},"content":{"rendered":"<h3 style=\"text-align: center\">Mordaza de cuerda<\/h3>\n<p style=\"text-align: center\">La mordaza de cuerda es una alternativa emocionante a las mordazas tradicionales, que complementa a la perfecci\u00f3n el estilo de un bondage elegante. El cuerpo principal est\u00e1 hecho de madera de abedul y la funda est\u00e1 hecha de cuerda de c\u00e1\u00f1amo de 4 mm. La mordaza tambi\u00e9n incluye una cuerda de repuesto de color natural de aproximadamente 3 m de largo. Gracias al dise\u00f1o del cuerpo principal, la cuerda se puede extraer f\u00e1cilmente para lavarla o reemplazarla, garantizando una higiene duradera. La mordaza est\u00e1 disponible en tres colores.<\/p>\n<p>&nbsp;<\/p>\n<p style=\"text-align: left\"><strong>Detalle:<\/strong><\/p>\n<p>Material: madera de abedul, cuerda de c\u00e1\u00f1amo.<br \/>\nDimensiones: largo 150 mm, ancho 25 mm<br \/>\nLongitud total: aprox. 750 mm.<br \/>\nCuerda de reserva: cuerda de c\u00e1\u00f1amo natural de 4 mm, aprox. 3 m<\/p>\n<p>&nbsp;<\/p>\n<p><strong>Alcance de entrega opcional:\u00a0 <\/strong>1 palanca de cuerda m\u00e1s cuerda de repuesto o cuerda de repuesto individualmente<\/p>\n<p>&nbsp;<\/p>\n<hr \/>\n<blockquote>\n<p style=\"text-align: center\"><span style=\"color: #333399\">La informaci\u00f3n sobre los productos se proporciona seg\u00fan nuestro leal saber y entender. Todas las dimensiones son aproximadas. El uso de los productos ofrecidos aqu\u00ed en la tienda es bajo su propia responsabilidad. Cada persona reacciona de manera diferente a las influencias externas, al placer o al dolor, etc. Por lo tanto, no se acepta ninguna responsabilidad por un uso inadecuado.  Cada usuario asume la total responsabilidad por el uso o correcto uso de los productos y sus consecuencias imprevisibles.<\/span><\/p>\n<\/blockquote>","protected":false},"excerpt":{"rendered":"<p>Plazo de entrega: 5-7 d\u00edas*<\/p>","protected":false},"featured_media":8883,"template":"","meta":[],"product_brand":[],"product_cat":[229],"product_tag":[227,260,325,326],"class_list":{"0":"post-3012","1":"product","2":"type-product","3":"status-publish","4":"has-post-thumbnail","6":"product_cat-knebel","7":"product_tag-bondage","8":"product_tag-hanfseil","9":"product_tag-ropegag","10":"product_tag-seilknebel","12":"first","13":"instock","14":"taxable","15":"shipping-taxable","16":"purchasable","17":"product-type-variable"},"_links":{"self":[{"href":"https:\/\/bavarian-bondage.de\/es\/wp-json\/wp\/v2\/product\/3012","targetHints":{"allow":["GET"]}}],"collection":[{"href":"https:\/\/bavarian-bondage.de\/es\/wp-json\/wp\/v2\/product"}],"about":[{"href":"https:\/\/bavarian-bondage.de\/es\/wp-json\/wp\/v2\/types\/product"}],"version-history":[{"count":4,"href":"https:\/\/bavarian-bondage.de\/es\/wp-json\/wp\/v2\/product\/3012\/revisions"}],"predecessor-version":[{"id":16510,"href":"https:\/\/bavarian-bondage.de\/es\/wp-json\/wp\/v2\/product\/3012\/revisions\/16510"}],"wp:featuredmedia":[{"embeddable":true,"href":"https:\/\/bavarian-bondage.de\/es\/wp-json\/wp\/v2\/media\/8883"}],"wp:attachment":[{"href":"https:\/\/bavarian-bondage.de\/es\/wp-json\/wp\/v2\/media?parent=3012"}],"wp:term":[{"taxonomy":"product_brand","embeddable":true,"href":"https:\/\/bavarian-bondage.de\/es\/wp-json\/wp\/v2\/product_brand?post=3012"},{"taxonomy":"product_cat","embeddable":true,"href":"https:\/\/bavarian-bondage.de\/es\/wp-json\/wp\/v2\/product_cat?post=3012"},{"taxonomy":"product_tag","embeddable":true,"href":"https:\/\/bavarian-bondage.de\/es\/wp-json\/wp\/v2\/product_tag?post=3012"}],"curies":[{"name":"gracias","href":"https:\/\/api.w.org\/{rel}","templated":true}]}}