{"id":3015,"date":"2020-10-17T12:56:55","date_gmt":"2020-10-17T10:56:55","guid":{"rendered":"https:\/\/bavarian-bondage.tivendo.com\/produkt\/import-placeholder-for-626\/"},"modified":"2026-04-15T16:26:48","modified_gmt":"2026-04-15T14:26:48","slug":"aceite-base-para-el-cuidado-de-cuerdas-100ml","status":"publish","type":"product","link":"https:\/\/bavarian-bondage.de\/es\/produkt\/seilpflegeoel-basis-100ml\/","title":{"rendered":"Aceite base para el cuidado de cuerdas 100ml"},"content":{"rendered":"<h3 style=\"text-align: center\">Base de aceite para el cuidado de cuerdas<\/h3>\n<p style=\"text-align: center\">(Producci\u00f3n propia)<\/p>\n<p style=\"text-align: center\">\u00a1Es fino, 100% natural y tiene un olor neutro!<\/p>\n<p style=\"text-align: center\">Puedes encontrar consejos sobre el cuidado y uso de las cuerdas. <a href=\"https:\/\/bavarian-bondage.de\/es\/consejos-para-el-cuidado-de-las-cuerdas\/\">aqu\u00ed.<\/a><\/p>\n<p>&nbsp;<\/p>\n<p style=\"text-align: center\"><span style=\"color: #ff0000\">No es un art\u00edculo cosm\u00e9tico.<\/span><\/p>\n<p style=\"text-align: center\"><span style=\"color: #ff0000\">No apto para el consumo.<\/span><\/p>\n<p>&nbsp;<\/p>\n<p><strong>Composici\u00f3n:<\/strong><\/p>\n<p>aceite de jojoba<br \/>\naceite de camelia<br \/>\nCera de abejas<\/p>\n<p>&nbsp;<\/p>\n<p><strong>Alcance de la entrega:<\/strong> 100ml de base de aceite para el cuidado de cuerdas<\/p>\n<p>&nbsp;<\/p>\n<hr \/>\n<blockquote>\n<p style=\"text-align: center\"><span style=\"color: #333399\">La informaci\u00f3n sobre los productos se proporciona seg\u00fan nuestro leal saber y entender. Todas las dimensiones son aproximadas. El uso de los productos ofrecidos aqu\u00ed en la tienda es bajo su propia responsabilidad. Cada persona reacciona de manera diferente a las influencias externas, al placer o al dolor, etc. Por lo tanto, no se acepta ninguna responsabilidad por un uso inadecuado.  Cada usuario asume la total responsabilidad por el uso o correcto uso de los productos y sus consecuencias imprevisibles.<\/span><\/p>\n<\/blockquote>","protected":false},"excerpt":{"rendered":"<p>Precio b\u00e1sico: 89,00 \u20ac\/l<\/p>\n<p>Plazo de entrega: 5-7 d\u00edas*<\/p>","protected":false},"featured_media":8544,"template":"","meta":[],"product_brand":[],"product_cat":[322],"product_tag":[324,327],"class_list":{"0":"post-3015","1":"product","2":"type-product","3":"status-publish","4":"has-post-thumbnail","6":"product_cat-seilpflege","7":"product_tag-seilpflege","8":"product_tag-seilpflegeoel","10":"first","11":"instock","12":"taxable","13":"shipping-taxable","14":"purchasable","15":"product-type-simple"},"_links":{"self":[{"href":"https:\/\/bavarian-bondage.de\/es\/wp-json\/wp\/v2\/product\/3015","targetHints":{"allow":["GET"]}}],"collection":[{"href":"https:\/\/bavarian-bondage.de\/es\/wp-json\/wp\/v2\/product"}],"about":[{"href":"https:\/\/bavarian-bondage.de\/es\/wp-json\/wp\/v2\/types\/product"}],"version-history":[{"count":6,"href":"https:\/\/bavarian-bondage.de\/es\/wp-json\/wp\/v2\/product\/3015\/revisions"}],"predecessor-version":[{"id":13911,"href":"https:\/\/bavarian-bondage.de\/es\/wp-json\/wp\/v2\/product\/3015\/revisions\/13911"}],"wp:featuredmedia":[{"embeddable":true,"href":"https:\/\/bavarian-bondage.de\/es\/wp-json\/wp\/v2\/media\/8544"}],"wp:attachment":[{"href":"https:\/\/bavarian-bondage.de\/es\/wp-json\/wp\/v2\/media?parent=3015"}],"wp:term":[{"taxonomy":"product_brand","embeddable":true,"href":"https:\/\/bavarian-bondage.de\/es\/wp-json\/wp\/v2\/product_brand?post=3015"},{"taxonomy":"product_cat","embeddable":true,"href":"https:\/\/bavarian-bondage.de\/es\/wp-json\/wp\/v2\/product_cat?post=3015"},{"taxonomy":"product_tag","embeddable":true,"href":"https:\/\/bavarian-bondage.de\/es\/wp-json\/wp\/v2\/product_tag?post=3015"}],"curies":[{"name":"gracias","href":"https:\/\/api.w.org\/{rel}","templated":true}]}}