{"id":3017,"date":"2020-10-17T12:56:55","date_gmt":"2020-10-17T10:56:55","guid":{"rendered":"https:\/\/bavarian-bondage.tivendo.com\/produkt\/import-placeholder-for-630\/"},"modified":"2026-03-09T23:42:55","modified_gmt":"2026-03-09T22:42:55","slug":"aceite-para-el-cuidado-de-cuerdas-naranja-100ml","status":"publish","type":"product","link":"https:\/\/bavarian-bondage.de\/es\/produkt\/seilpflegeoel-orange-100ml\/","title":{"rendered":"Aceite para el cuidado de cuerdas naranja 100ml"},"content":{"rendered":"<h3 style=\"text-align: center\">Aceite para el cuidado de cuerdas naranja<\/h3>\n<p style=\"text-align: center\">(Producci\u00f3n propia)<\/p>\n<p style=\"text-align: center\">\u00a1Una mezcla de aceites coordinada para el tratamiento posterior de cuerdas bondage! \u00a1Con el olor afrutado de las naranjas!<\/p>\n<p style=\"text-align: center\">Puedes encontrar consejos sobre el cuidado y uso de las cuerdas. <a href=\"https:\/\/bavarian-bondage.de\/es\/consejos-para-el-cuidado-de-las-cuerdas\/\">aqu\u00ed.<\/a><\/p>\n<p>&nbsp;<\/p>\n<p style=\"text-align: center\"><span style=\"color: #ff0000\">No es un art\u00edculo cosm\u00e9tico.<\/span><\/p>\n<p style=\"text-align: center\"><span style=\"color: #ff0000\">No apto para el consumo.<\/span><\/p>\n<p><strong>Composici\u00f3n:<\/strong><\/p>\n<p>aceite de jojoba<br \/>\naceite de camelia<br \/>\nCera de abejas<br \/>\n100% aceite esencial natural de naranja<\/p>\n<p>&nbsp;<\/p>\n<p><strong>Alcance de la entrega:<\/strong> 100ml de aceite para el cuidado de cuerdas naranja<\/p>\n<p>&nbsp;<\/p>\n<hr \/>\n<p style=\"text-align: center\"><span style=\"color: #333399\">La informaci\u00f3n sobre los productos se proporciona seg\u00fan nuestro leal saber y entender. Todas las dimensiones son aproximadas. El uso de los productos ofrecidos aqu\u00ed en la tienda es bajo su propia responsabilidad. Cada persona reacciona de manera diferente a las influencias externas, al placer o al dolor, etc. Por lo tanto, no se acepta ninguna responsabilidad por un uso inadecuado.  Cada usuario asume la total responsabilidad por el uso o correcto uso de los productos y sus consecuencias imprevisibles.<\/span><\/p>","protected":false},"excerpt":{"rendered":"<p>Precio b\u00e1sico: 95,00 \u20ac\/l<\/p>\n<p>Plazo de entrega: 5-7 d\u00edas*<\/p>","protected":false},"featured_media":8546,"template":"","meta":[],"product_brand":[],"product_cat":[322],"product_tag":[],"class_list":{"0":"post-3017","1":"product","2":"type-product","3":"status-publish","4":"has-post-thumbnail","6":"product_cat-seilpflege","8":"first","9":"instock","10":"taxable","11":"shipping-taxable","12":"purchasable","13":"product-type-simple"},"_links":{"self":[{"href":"https:\/\/bavarian-bondage.de\/es\/wp-json\/wp\/v2\/product\/3017","targetHints":{"allow":["GET"]}}],"collection":[{"href":"https:\/\/bavarian-bondage.de\/es\/wp-json\/wp\/v2\/product"}],"about":[{"href":"https:\/\/bavarian-bondage.de\/es\/wp-json\/wp\/v2\/types\/product"}],"version-history":[{"count":5,"href":"https:\/\/bavarian-bondage.de\/es\/wp-json\/wp\/v2\/product\/3017\/revisions"}],"predecessor-version":[{"id":13913,"href":"https:\/\/bavarian-bondage.de\/es\/wp-json\/wp\/v2\/product\/3017\/revisions\/13913"}],"wp:featuredmedia":[{"embeddable":true,"href":"https:\/\/bavarian-bondage.de\/es\/wp-json\/wp\/v2\/media\/8546"}],"wp:attachment":[{"href":"https:\/\/bavarian-bondage.de\/es\/wp-json\/wp\/v2\/media?parent=3017"}],"wp:term":[{"taxonomy":"product_brand","embeddable":true,"href":"https:\/\/bavarian-bondage.de\/es\/wp-json\/wp\/v2\/product_brand?post=3017"},{"taxonomy":"product_cat","embeddable":true,"href":"https:\/\/bavarian-bondage.de\/es\/wp-json\/wp\/v2\/product_cat?post=3017"},{"taxonomy":"product_tag","embeddable":true,"href":"https:\/\/bavarian-bondage.de\/es\/wp-json\/wp\/v2\/product_tag?post=3017"}],"curies":[{"name":"gracias","href":"https:\/\/api.w.org\/{rel}","templated":true}]}}