{"id":3020,"date":"2020-10-17T13:00:55","date_gmt":"2020-10-17T11:00:55","guid":{"rendered":"https:\/\/bavarian-bondage.tivendo.com\/produkt\/import-placeholder-for-640\/"},"modified":"2026-03-27T09:26:56","modified_gmt":"2026-03-27T08:26:56","slug":"cuerda-de-canamo-de-lino-natural-de-6-mm-conjunto-clasico-de-10-x-8-m-y-2-x-4-m","status":"publish","type":"product","link":"https:\/\/bavarian-bondage.de\/es\/produkt\/leinenhanfseil-natur-6mm-klassik-set-10x8m-und-2x4m\/","title":{"rendered":"Cuerda de c\u00e1\u00f1amo de lino natural 6 mm cl\u00e1sica; Conjunto 10x8m y 2x4m"},"content":{"rendered":"<h3 style=\"text-align: center\">Cuerda c\u00e1\u00f1amo lino 6mm \u00a1CL\u00c1SICA!<\/h3>\n<p style=\"text-align: center\">\u00a1Un set grande con mucha cuerda! \u00a1Ideal para todo tipo de bondage intenso!<\/p>\n<p style=\"text-align: center\">La cuerda de c\u00e1\u00f1amo de lino cl\u00e1sica de 6 mm es agradablemente suave, muy flexible y destaca por su textura uniforme. No tiene nudos, es inodora y produce muy poca pelusa. La cuerda de c\u00e1\u00f1amo se lav\u00f3, se rompi\u00f3, se flame\u00f3 y luego se engras\u00f3. Su color es un gris claro completamente natural. Los extremos se ataron con un simple nudo simple.<\/p>\n<p style=\"text-align: left\"><strong>Detalles:<\/strong><\/p>\n<p>Cuerda c\u00e1\u00f1amo lino 6mm cl\u00e1sica<br \/>\n3 ejes girados<br \/>\nColor: gris claro<br \/>\nnudo simple<br \/>\nLongitud: 10x8m \/ 2x4m<br \/>\n(La longitud del cable puede diferir de la longitud especificada hasta en 3%)<\/p>\n<p>&nbsp;<\/p>\n<p><span style=\"color: #ff0000\"><strong>Un aviso:<\/strong><\/span><\/p>\n<p>\u00a1Compruebe peri\u00f3dicamente si los cables est\u00e1n desgastados o da\u00f1ados!<br \/>\n\u00a1Si las cuerdas se golpean o retuercen, pueden soltarse durante el uso!<\/p>\n<p><strong>Alcance de la entrega:\u00a0<\/strong>Cuerda de c\u00e1\u00f1amo de lino de 10x8m \/ 2x4m 6mm CL\u00c1SICA<\/p>\n<p>&nbsp;<\/p>\n<blockquote>\n<hr \/>\n<p style=\"text-align: center\"><span style=\"color: #333399\">La informaci\u00f3n sobre los productos se proporciona seg\u00fan nuestro leal saber y entender. Todas las dimensiones son aproximadas. El uso de los productos ofrecidos aqu\u00ed en la tienda es bajo su propia responsabilidad. Cada persona reacciona de manera diferente a las influencias externas, al placer o al dolor, etc. Por lo tanto, no se acepta ninguna responsabilidad por un uso inadecuado.  Cada usuario asume la total responsabilidad por el uso o correcto uso de los productos y sus consecuencias imprevisibles.<\/span><\/p>\n<\/blockquote>","protected":false},"excerpt":{"rendered":"<p>Precio base: 1,93 \u20ac\/m<\/p>\n<p>Plazo de entrega: 5-7 d\u00edas*<\/p>","protected":false},"featured_media":9401,"template":"","meta":[],"product_brand":[],"product_cat":[216,217,218],"product_tag":[261,281,289,528,529],"class_list":{"0":"post-3020","1":"product","2":"type-product","3":"status-publish","4":"has-post-thumbnail","6":"product_cat-bondageseile","7":"product_cat-leinenhanfseil","8":"product_cat-leinenhanfseil-natur","9":"product_tag-bondageseil","10":"product_tag-hanfseil-6mm","11":"product_tag-natur","12":"product_tag-leinenhanfseil","13":"product_tag-leinenhanf","15":"first","16":"outofstock","17":"taxable","18":"shipping-taxable","19":"purchasable","20":"product-type-simple"},"_links":{"self":[{"href":"https:\/\/bavarian-bondage.de\/es\/wp-json\/wp\/v2\/product\/3020","targetHints":{"allow":["GET"]}}],"collection":[{"href":"https:\/\/bavarian-bondage.de\/es\/wp-json\/wp\/v2\/product"}],"about":[{"href":"https:\/\/bavarian-bondage.de\/es\/wp-json\/wp\/v2\/types\/product"}],"version-history":[{"count":5,"href":"https:\/\/bavarian-bondage.de\/es\/wp-json\/wp\/v2\/product\/3020\/revisions"}],"predecessor-version":[{"id":16203,"href":"https:\/\/bavarian-bondage.de\/es\/wp-json\/wp\/v2\/product\/3020\/revisions\/16203"}],"wp:featuredmedia":[{"embeddable":true,"href":"https:\/\/bavarian-bondage.de\/es\/wp-json\/wp\/v2\/media\/9401"}],"wp:attachment":[{"href":"https:\/\/bavarian-bondage.de\/es\/wp-json\/wp\/v2\/media?parent=3020"}],"wp:term":[{"taxonomy":"product_brand","embeddable":true,"href":"https:\/\/bavarian-bondage.de\/es\/wp-json\/wp\/v2\/product_brand?post=3020"},{"taxonomy":"product_cat","embeddable":true,"href":"https:\/\/bavarian-bondage.de\/es\/wp-json\/wp\/v2\/product_cat?post=3020"},{"taxonomy":"product_tag","embeddable":true,"href":"https:\/\/bavarian-bondage.de\/es\/wp-json\/wp\/v2\/product_tag?post=3020"}],"curies":[{"name":"gracias","href":"https:\/\/api.w.org\/{rel}","templated":true}]}}