{"id":3024,"date":"2020-10-17T12:56:55","date_gmt":"2020-10-17T10:56:55","guid":{"rendered":"https:\/\/bavarian-bondage.tivendo.com\/produkt\/import-placeholder-for-653\/"},"modified":"2026-03-13T20:37:50","modified_gmt":"2026-03-13T19:37:50","slug":"cuerda-de-canamo-de-lino-color-petroleo-5-mm-conjunto-exclusivo-3x8-m","status":"publish","type":"product","link":"https:\/\/bavarian-bondage.de\/es\/produkt\/leinenhanfseil-petrol-5mm-exklusiv-set-3x8m\/","title":{"rendered":"Cuerda de c\u00e1\u00f1amo de lino petr\u00f3leo 5 mm exclusiva; Conjunto 3x8m"},"content":{"rendered":"<h3 style=\"text-align: center\">Cuerda c\u00e1\u00f1amo lino 5mm petr\u00f3leo EXCLUSIVO<\/h3>\n<p style=\"text-align: center\">\u00a1Tres cuerdas son suficientes para la salida y las primeras ataduras!<\/p>\n<p style=\"text-align: center\">La cuerda de c\u00e1\u00f1amo de lino de 5 mm EXCLUSIVA tiene un color fuerte y uniforme y es muy suave y flexible. Ha sido tratado varias veces para obtener la mejor calidad. La cuerda impresiona por su estructura redonda, uniforme y sin nudos en toda su longitud. Adem\u00e1s, los extremos est\u00e1n provistos de peque\u00f1os nudos. Las cuerdas finas de 5mm son ideales para bondage art\u00edstico y combinaciones con m\u00faltiples colores.<\/p>\n<p><strong>Detalles:<\/strong><\/p>\n<p>Cuerda c\u00e1\u00f1amo lino 5mm petr\u00f3leo EXCLUSIVO<br \/>\n3 ejes girados<br \/>\nColor: gasolina<br \/>\nnudo de riesgo<br \/>\nLongitud: 3x8m<br \/>\n(La longitud del cable puede diferir de la longitud especificada hasta en 3%)<\/p>\n<p>&nbsp;<\/p>\n<p><span style=\"color: #ff0000\"><strong>Un aviso:<\/strong><\/span><\/p>\n<p>\u00a1Compruebe peri\u00f3dicamente si los cables est\u00e1n desgastados o da\u00f1ados! \u00a1Si las cuerdas se golpean o retuercen, pueden soltarse durante el uso!<br \/>\nLas cuerdas han sido te\u00f1idas en su totalidad y no son del mismo color hasta la mitad.<\/p>\n<p>&nbsp;<\/p>\n<p><strong>Alcance de la entrega:<\/strong> Juego de cuerdas 3x8m cuerda de c\u00e1\u00f1amo de lino 5mm gasolina EXCLUSIVO<\/p>\n<p>&nbsp;<\/p>\n<hr \/>\n<blockquote>\n<p style=\"text-align: center\"><span style=\"color: #333399\">La informaci\u00f3n sobre los productos se proporciona seg\u00fan nuestro leal saber y entender. Todas las dimensiones son aproximadas. El uso de los productos ofrecidos aqu\u00ed en la tienda es bajo su propia responsabilidad. Cada persona reacciona de manera diferente a las influencias externas, al placer o al dolor, etc. Por lo tanto, no se acepta ninguna responsabilidad por un uso inadecuado.  Cada usuario asume la total responsabilidad por el uso o correcto uso de los productos y sus consecuencias imprevisibles.<\/span><\/p>\n<\/blockquote>","protected":false},"excerpt":{"rendered":"<p>Precio b\u00e1sico: 2,65\u20ac\/m<\/p>\n<p>Plazo de entrega: 5-7 d\u00edas*<\/p>","protected":false},"featured_media":9109,"template":"","meta":[],"product_brand":[],"product_cat":[216,217,262,266],"product_tag":[528,260,261,273],"class_list":{"0":"post-3024","1":"product","2":"type-product","3":"status-publish","4":"has-post-thumbnail","6":"product_cat-bondageseile","7":"product_cat-leinenhanfseil","8":"product_cat-leinenhanfseil-farbig","9":"product_cat-petrol-edition","10":"product_tag-leinenhanfseil","11":"product_tag-hanfseil","12":"product_tag-bondageseil","13":"product_tag-5mm","15":"first","16":"instock","17":"taxable","18":"shipping-taxable","19":"purchasable","20":"product-type-simple"},"_links":{"self":[{"href":"https:\/\/bavarian-bondage.de\/es\/wp-json\/wp\/v2\/product\/3024","targetHints":{"allow":["GET"]}}],"collection":[{"href":"https:\/\/bavarian-bondage.de\/es\/wp-json\/wp\/v2\/product"}],"about":[{"href":"https:\/\/bavarian-bondage.de\/es\/wp-json\/wp\/v2\/types\/product"}],"version-history":[{"count":3,"href":"https:\/\/bavarian-bondage.de\/es\/wp-json\/wp\/v2\/product\/3024\/revisions"}],"predecessor-version":[{"id":6093,"href":"https:\/\/bavarian-bondage.de\/es\/wp-json\/wp\/v2\/product\/3024\/revisions\/6093"}],"wp:featuredmedia":[{"embeddable":true,"href":"https:\/\/bavarian-bondage.de\/es\/wp-json\/wp\/v2\/media\/9109"}],"wp:attachment":[{"href":"https:\/\/bavarian-bondage.de\/es\/wp-json\/wp\/v2\/media?parent=3024"}],"wp:term":[{"taxonomy":"product_brand","embeddable":true,"href":"https:\/\/bavarian-bondage.de\/es\/wp-json\/wp\/v2\/product_brand?post=3024"},{"taxonomy":"product_cat","embeddable":true,"href":"https:\/\/bavarian-bondage.de\/es\/wp-json\/wp\/v2\/product_cat?post=3024"},{"taxonomy":"product_tag","embeddable":true,"href":"https:\/\/bavarian-bondage.de\/es\/wp-json\/wp\/v2\/product_tag?post=3024"}],"curies":[{"name":"gracias","href":"https:\/\/api.w.org\/{rel}","templated":true}]}}