{"id":3036,"date":"2020-10-17T12:57:03","date_gmt":"2020-10-17T10:57:03","guid":{"rendered":"https:\/\/bavarian-bondage.tivendo.com\/produkt\/import-placeholder-for-680\/"},"modified":"2026-03-27T09:24:43","modified_gmt":"2026-03-27T08:24:43","slug":"cuerda-de-canamo-de-lino-natural-de-6-mm-juego-exclusivo-de-3-x-8-m","status":"publish","type":"product","link":"https:\/\/bavarian-bondage.de\/es\/produkt\/leinenhanfseil-natur-6mm-exklusiv-set-3x8m\/","title":{"rendered":"Cuerda c\u00e1\u00f1amo lino natural 6mm exclusiva; Conjunto 3x8m"},"content":{"rendered":"<h3 style=\"text-align: center\">Cuerda c\u00e1\u00f1amo lino 6mm \u00a1EXCLUSIVO!<\/h3>\n<p style=\"text-align: center\">\u00a1Tres cuerdas son suficientes para la salida y las primeras ataduras!<\/p>\n<p style=\"text-align: center\">La cuerda EXCLUSIVA de lino y c\u00e1\u00f1amo de 6 mm es muy suave y flexible. Ha sido tratada repetidamente para garantizar la m\u00e1xima calidad. Presenta una estructura redonda, uniforme y sin nudos en toda su longitud. Adem\u00e1s, los extremos est\u00e1n rematados con peque\u00f1os nudos de empalme.<\/p>\n<p><strong>Detalles:<\/strong><\/p>\n<p>Cuerda c\u00e1\u00f1amo lino 6mm EXCLUSIVO<br \/>\n3 ejes girados<br \/>\nColor: gris claro<br \/>\nnudo de riesgo<br \/>\nLongitud: 3x8m<br \/>\n(La longitud de la cuerda puede variar hasta 3% de la longitud indicada).<\/p>\n<p>&nbsp;<\/p>\n<p><span style=\"color: #ff0000\"><strong>Un aviso:<\/strong><\/span><\/p>\n<p>\u00a1Compruebe peri\u00f3dicamente si los cables est\u00e1n desgastados o da\u00f1ados!<br \/>\n\u00a1Si las cuerdas se golpean o retuercen, pueden soltarse durante el uso!<\/p>\n<p>&nbsp;<\/p>\n<p><strong>Alcance de la entrega:<\/strong> Cuerda de c\u00e1\u00f1amo de lino de 3x8 m 6 mm EXCLUSIVA<\/p>\n<p>&nbsp;<\/p>\n<hr \/>\n<blockquote>\n<p style=\"text-align: center\"><span style=\"color: #333399\">\u00a0La informaci\u00f3n sobre los productos se proporciona seg\u00fan nuestro leal saber y entender. Todas las dimensiones son aproximadas. El uso de los productos ofrecidos aqu\u00ed en la tienda es bajo su propia responsabilidad. Cada persona reacciona de manera diferente a las influencias externas, al placer o al dolor, etc. Por lo tanto, no se acepta ninguna responsabilidad por un uso inadecuado.  Cada usuario asume la total responsabilidad por el uso o correcto uso de los productos y sus consecuencias imprevisibles.<\/span><\/p>\n<\/blockquote>","protected":false},"excerpt":{"rendered":"<p>Precio b\u00e1sico: 2,38\u20ac\/m<\/p>\n<p>Plazo de entrega: 5-7 d\u00edas*<\/p>","protected":false},"featured_media":9393,"template":"","meta":[],"product_brand":[],"product_cat":[218,216,217],"product_tag":[221,260,261,284],"class_list":{"0":"post-3036","1":"product","2":"type-product","3":"status-publish","4":"has-post-thumbnail","6":"product_cat-leinenhanfseil-natur","7":"product_cat-bondageseile","8":"product_cat-leinenhanfseil","9":"product_tag-seilset","10":"product_tag-hanfseil","11":"product_tag-bondageseil","12":"product_tag-6mm","14":"first","15":"outofstock","16":"taxable","17":"shipping-taxable","18":"purchasable","19":"product-type-simple"},"_links":{"self":[{"href":"https:\/\/bavarian-bondage.de\/es\/wp-json\/wp\/v2\/product\/3036","targetHints":{"allow":["GET"]}}],"collection":[{"href":"https:\/\/bavarian-bondage.de\/es\/wp-json\/wp\/v2\/product"}],"about":[{"href":"https:\/\/bavarian-bondage.de\/es\/wp-json\/wp\/v2\/types\/product"}],"version-history":[{"count":5,"href":"https:\/\/bavarian-bondage.de\/es\/wp-json\/wp\/v2\/product\/3036\/revisions"}],"predecessor-version":[{"id":16519,"href":"https:\/\/bavarian-bondage.de\/es\/wp-json\/wp\/v2\/product\/3036\/revisions\/16519"}],"wp:featuredmedia":[{"embeddable":true,"href":"https:\/\/bavarian-bondage.de\/es\/wp-json\/wp\/v2\/media\/9393"}],"wp:attachment":[{"href":"https:\/\/bavarian-bondage.de\/es\/wp-json\/wp\/v2\/media?parent=3036"}],"wp:term":[{"taxonomy":"product_brand","embeddable":true,"href":"https:\/\/bavarian-bondage.de\/es\/wp-json\/wp\/v2\/product_brand?post=3036"},{"taxonomy":"product_cat","embeddable":true,"href":"https:\/\/bavarian-bondage.de\/es\/wp-json\/wp\/v2\/product_cat?post=3036"},{"taxonomy":"product_tag","embeddable":true,"href":"https:\/\/bavarian-bondage.de\/es\/wp-json\/wp\/v2\/product_tag?post=3036"}],"curies":[{"name":"gracias","href":"https:\/\/api.w.org\/{rel}","templated":true}]}}