{"id":3052,"date":"2020-10-17T12:59:04","date_gmt":"2020-10-17T10:59:04","guid":{"rendered":"https:\/\/bavarian-bondage.tivendo.com\/produkt\/import-placeholder-for-723\/"},"modified":"2026-02-03T10:30:44","modified_gmt":"2026-02-03T09:30:44","slug":"cuerda-canamo-lino-rosa-5mm-exclusivamente-7x8m-y-2x4m","status":"publish","type":"product","link":"https:\/\/bavarian-bondage.de\/es\/produkt\/leinenhanfseil-pink-5mm-exklusiv-7x8m-und-2x4m\/","title":{"rendered":"Cuerda de lino y c\u00e1\u00f1amo rosa de 5 mm exclusiva; 7x8m y 2x4m"},"content":{"rendered":"<h3 style=\"text-align: center\">Cuerda c\u00e1\u00f1amo lino 5mm rosa EXCLUSIVO<\/h3>\n<p style=\"text-align: center\">El juego de cuerdas de 7x8 m puede describirse como un cl\u00e1sico. Todo se completa con dos cuerdas cortas que ofrecen m\u00faltiples posibilidades. \u00a1La cuerda de lino y c\u00e1\u00f1amo de 5 mm EXCLUSIVA es muy suave y flexible! Ha sido tratado varias veces para mantener la mejor calidad. La cuerda impresiona por su estructura redonda, uniforme y sin nudos en toda su longitud y por su bonito y intenso color rosa. Adem\u00e1s, los extremos est\u00e1n atados con peque\u00f1os nudos. Las finas cuerdas de 5 mm son ideales para el bondage art\u00edstico, por supuesto tambi\u00e9n en combinaci\u00f3n con otros colores.<\/p>\n<p><strong>Detalles:<\/strong><\/p>\n<p>Cuerda c\u00e1\u00f1amo lino 5mm rosa EXCLUSIVO<br \/>\n3 ejes girados<br \/>\nColor: rosa<br \/>\nnudo de riesgo<br \/>\nLongitud: 7x8m \/ 2x4m<br \/>\n(La longitud del cable puede diferir de la longitud especificada hasta en 3%)<\/p>\n<p>&nbsp;<\/p>\n<p><span style=\"color: #ff0000\"><strong>Un aviso:<\/strong><\/span><\/p>\n<p>\u00a1Compruebe peri\u00f3dicamente si los cables est\u00e1n desgastados o da\u00f1ados! \u00a1Si las cuerdas se golpean o retuercen, pueden soltarse durante el uso!<br \/>\nLas cuerdas han sido te\u00f1idas en su totalidad y no son del mismo color hasta la mitad.<\/p>\n<p>&nbsp;<\/p>\n<p><strong>Alcance de la entrega:<\/strong> Juego de cuerdas 7x8m y 2x4m cuerda c\u00e1\u00f1amo lino 5mm rosa EXCLUSIVO<\/p>\n<p>&nbsp;<\/p>\n<hr \/>\n<blockquote>\n<p style=\"text-align: center\"><span style=\"color: #333399\">La informaci\u00f3n sobre los productos se proporciona seg\u00fan nuestro leal saber y entender. Todas las dimensiones son aproximadas. El uso de los productos ofrecidos aqu\u00ed en la tienda es bajo su propia responsabilidad. Cada persona reacciona de manera diferente a las influencias externas, al placer o al dolor, etc. Por lo tanto, no se acepta ninguna responsabilidad por un uso inadecuado.  Cada usuario asume la total responsabilidad por el uso o correcto uso de los productos y sus consecuencias imprevisibles.<\/span><\/p>\n<\/blockquote>","protected":false},"excerpt":{"rendered":"<p>Precio b\u00e1sico: 2,33\u20ac\/m<\/p>\n<p>Plazo de entrega: 5-7 d\u00edas*<\/p>","protected":false},"featured_media":10276,"template":"","meta":[],"product_brand":[],"product_cat":[262,275,216,217],"product_tag":[261,291,528,221],"class_list":{"0":"post-3052","1":"product","2":"type-product","3":"status-publish","4":"has-post-thumbnail","6":"product_cat-leinenhanfseil-farbig","7":"product_cat-pink-edition","8":"product_cat-bondageseile","9":"product_cat-leinenhanfseil","10":"product_tag-bondageseil","11":"product_tag-hanfseil-pink","12":"product_tag-leinenhanfseil","13":"product_tag-seilset","15":"first","16":"instock","17":"taxable","18":"shipping-taxable","19":"purchasable","20":"product-type-simple"},"_links":{"self":[{"href":"https:\/\/bavarian-bondage.de\/es\/wp-json\/wp\/v2\/product\/3052","targetHints":{"allow":["GET"]}}],"collection":[{"href":"https:\/\/bavarian-bondage.de\/es\/wp-json\/wp\/v2\/product"}],"about":[{"href":"https:\/\/bavarian-bondage.de\/es\/wp-json\/wp\/v2\/types\/product"}],"version-history":[{"count":7,"href":"https:\/\/bavarian-bondage.de\/es\/wp-json\/wp\/v2\/product\/3052\/revisions"}],"predecessor-version":[{"id":13703,"href":"https:\/\/bavarian-bondage.de\/es\/wp-json\/wp\/v2\/product\/3052\/revisions\/13703"}],"wp:featuredmedia":[{"embeddable":true,"href":"https:\/\/bavarian-bondage.de\/es\/wp-json\/wp\/v2\/media\/10276"}],"wp:attachment":[{"href":"https:\/\/bavarian-bondage.de\/es\/wp-json\/wp\/v2\/media?parent=3052"}],"wp:term":[{"taxonomy":"product_brand","embeddable":true,"href":"https:\/\/bavarian-bondage.de\/es\/wp-json\/wp\/v2\/product_brand?post=3052"},{"taxonomy":"product_cat","embeddable":true,"href":"https:\/\/bavarian-bondage.de\/es\/wp-json\/wp\/v2\/product_cat?post=3052"},{"taxonomy":"product_tag","embeddable":true,"href":"https:\/\/bavarian-bondage.de\/es\/wp-json\/wp\/v2\/product_tag?post=3052"}],"curies":[{"name":"gracias","href":"https:\/\/api.w.org\/{rel}","templated":true}]}}