{"id":3058,"date":"2020-10-17T12:59:05","date_gmt":"2020-10-17T10:59:05","guid":{"rendered":"https:\/\/bavarian-bondage.tivendo.com\/produkt\/import-placeholder-for-735\/"},"modified":"2026-04-15T20:57:12","modified_gmt":"2026-04-15T18:57:12","slug":"cuerda-canamo-lino-natural-6mm-set-exclusivo-7x8m-y-2x4m","status":"publish","type":"product","link":"https:\/\/bavarian-bondage.de\/es\/produkt\/leinenhanfseil-natur-6mm-exklusiv-set-7x8m-und-2x4m\/","title":{"rendered":"Cuerda c\u00e1\u00f1amo lino natural 6mm exclusiva; Conjunto 7x8m y 2x4m"},"content":{"rendered":"<h3 style=\"text-align: center\">Cuerda c\u00e1\u00f1amo lino 6mm \u00a1EXCLUSIVO!<\/h3>\n<p style=\"text-align: center\">El juego de cuerdas de 7x8 m puede describirse como un cl\u00e1sico. Todo se completa con dos cuerdas cortas que ofrecen m\u00faltiples posibilidades.<\/p>\n<p style=\"text-align: center\">\u00a1La cuerda de lino y c\u00e1\u00f1amo de 6 mm EXCLUSIVA es muy suave y flexible! Ha sido tratado varias veces para mantener la mejor calidad. La cuerda convence por su estructura redonda, uniforme y sin nudos en toda su longitud. Adem\u00e1s, los extremos est\u00e1n provistos de peque\u00f1os nudos de empalme.<\/p>\n<p><strong>Detalles:<\/strong><\/p>\n<p>Cuerda c\u00e1\u00f1amo lino 6mm EXCLUSIVO<br \/>\n3 ejes girados<br \/>\nColor: gris claro<br \/>\nnudo de riesgo<br \/>\nLongitud: 7x8m \/ 2x4m<\/p>\n<p>(La longitud del cable puede diferir de la longitud especificada hasta en 3%)<\/p>\n<p>&nbsp;<\/p>\n<p><strong><span style=\"color: #ff0000\">Un aviso:<\/span><\/strong><\/p>\n<p>\u00a1Compruebe peri\u00f3dicamente si los cables est\u00e1n desgastados o da\u00f1ados!<br \/>\n\u00a1Si las cuerdas se golpean o retuercen, pueden soltarse durante el uso!<\/p>\n<p>&nbsp;<\/p>\n<p><strong>Alcance de la entrega:<\/strong> Cuerda c\u00e1\u00f1amo lino 7x8m \/ 2x4m 6mm EXCLUSIVO;<\/p>\n<p>&nbsp;<\/p>\n<hr \/>\n<blockquote>\n<p style=\"text-align: center\"><span style=\"color: #333399\">La informaci\u00f3n sobre los productos se proporciona seg\u00fan nuestro leal saber y entender. Todas las dimensiones son aproximadas. El uso de los productos ofrecidos aqu\u00ed en la tienda es bajo su propia responsabilidad. Cada persona reacciona de manera diferente a las influencias externas, al placer o al dolor, etc. Por lo tanto, no se acepta ninguna responsabilidad por un uso inadecuado.  Cada usuario asume la total responsabilidad por el uso o correcto uso de los productos y sus consecuencias imprevisibles.<\/span><\/p>\n<\/blockquote>","protected":false},"excerpt":{"rendered":"<p>Precio b\u00e1sico: 2,19\u20ac\/m<\/p>\n<p>Plazo de entrega: 5-7 d\u00edas*<\/p>","protected":false},"featured_media":9397,"template":"","meta":[],"product_brand":[],"product_cat":[216,217,218],"product_tag":[264,329,338],"class_list":{"0":"post-3058","1":"product","2":"type-product","3":"status-publish","4":"has-post-thumbnail","6":"product_cat-bondageseile","7":"product_cat-leinenhanfseil","8":"product_cat-leinenhanfseil-natur","9":"product_tag-exklusiv","10":"product_tag-bondageseile","11":"product_tag-hanfseilset","13":"first","14":"instock","15":"taxable","16":"shipping-taxable","17":"purchasable","18":"product-type-simple"},"_links":{"self":[{"href":"https:\/\/bavarian-bondage.de\/es\/wp-json\/wp\/v2\/product\/3058","targetHints":{"allow":["GET"]}}],"collection":[{"href":"https:\/\/bavarian-bondage.de\/es\/wp-json\/wp\/v2\/product"}],"about":[{"href":"https:\/\/bavarian-bondage.de\/es\/wp-json\/wp\/v2\/types\/product"}],"version-history":[{"count":6,"href":"https:\/\/bavarian-bondage.de\/es\/wp-json\/wp\/v2\/product\/3058\/revisions"}],"predecessor-version":[{"id":13631,"href":"https:\/\/bavarian-bondage.de\/es\/wp-json\/wp\/v2\/product\/3058\/revisions\/13631"}],"wp:featuredmedia":[{"embeddable":true,"href":"https:\/\/bavarian-bondage.de\/es\/wp-json\/wp\/v2\/media\/9397"}],"wp:attachment":[{"href":"https:\/\/bavarian-bondage.de\/es\/wp-json\/wp\/v2\/media?parent=3058"}],"wp:term":[{"taxonomy":"product_brand","embeddable":true,"href":"https:\/\/bavarian-bondage.de\/es\/wp-json\/wp\/v2\/product_brand?post=3058"},{"taxonomy":"product_cat","embeddable":true,"href":"https:\/\/bavarian-bondage.de\/es\/wp-json\/wp\/v2\/product_cat?post=3058"},{"taxonomy":"product_tag","embeddable":true,"href":"https:\/\/bavarian-bondage.de\/es\/wp-json\/wp\/v2\/product_tag?post=3058"}],"curies":[{"name":"gracias","href":"https:\/\/api.w.org\/{rel}","templated":true}]}}