{"id":3060,"date":"2020-10-17T12:58:05","date_gmt":"2020-10-17T10:58:05","guid":{"rendered":"https:\/\/bavarian-bondage.tivendo.com\/produkt\/import-placeholder-for-742\/"},"modified":"2026-03-27T09:24:27","modified_gmt":"2026-03-27T08:24:27","slug":"cuerda-canamo-lino-natural-6mm-set-clasico-7x8m-y-2x4m","status":"publish","type":"product","link":"https:\/\/bavarian-bondage.de\/es\/produkt\/leinenhanfseil-natur-6mm-klassik-set-7x8m-und-2x4m\/","title":{"rendered":"Cuerda de c\u00e1\u00f1amo de lino natural 6 mm cl\u00e1sica; Conjunto 7x8m y 2x4m"},"content":{"rendered":"<h3 style=\"text-align: center\">Cuerda c\u00e1\u00f1amo lino 6mm \u00a1CL\u00c1SICA!<\/h3>\n<p style=\"text-align: center\">El set de 7x8m es casi un est\u00e1ndar en la escena del bondage y suele ser suficiente para todos los bondages. El set se complementa con 2 cuerdas cortas de 4 metros, ideales para extensiones cortas.<\/p>\n<p style=\"text-align: center\">La cuerda de c\u00e1\u00f1amo de lino Classic de 6 mm es agradablemente suave, muy flexible y convence por su textura uniforme. No tiene nudos, es inodoro y arroja muy poco. La cuerda de c\u00e1\u00f1amo fue lavada, rota, flameada y luego aceitada. El color de la cuerda es un tono gris claro natural. \u00a1Los extremos se terminaron con un simple nudo!<\/p>\n<p><strong>Detalles:<\/strong><\/p>\n<p>Cuerda Leinenhaanf 6mm cl\u00e1sica<br \/>\n3 ejes girados<br \/>\nColor: gris claro<br \/>\nnudo simple<br \/>\nLongitud: 7x8m \/ 2x4m<br \/>\n(La longitud del cable puede diferir de la longitud especificada hasta en 3%)<\/p>\n<p>&nbsp;<\/p>\n<p><span style=\"color: #ff0000\"><strong>Un aviso:<\/strong><\/span><\/p>\n<p>\u00a1Compruebe peri\u00f3dicamente si los cables est\u00e1n desgastados o da\u00f1ados!<br \/>\n\u00a1Si las cuerdas se golpean o retuercen, pueden soltarse durante el uso!<\/p>\n<p>&nbsp;<\/p>\n<p><strong>Alcance de la entrega:<\/strong> Cuerda c\u00e1\u00f1amo lino 7x8m \/ 2x4m 6mm CLASSIC<\/p>\n<p>&nbsp;<\/p>\n<hr \/>\n<blockquote>\n<p style=\"text-align: center\"><span style=\"color: #333399\">La informaci\u00f3n sobre los productos se proporciona seg\u00fan nuestro leal saber y entender. Todas las dimensiones son aproximadas. El uso de los productos ofrecidos aqu\u00ed en la tienda es bajo su propia responsabilidad. Cada persona reacciona de manera diferente a las influencias externas, al placer o al dolor, etc. Por lo tanto, no se acepta ninguna responsabilidad por un uso inadecuado.  Cada usuario asume la total responsabilidad por el uso o correcto uso de los productos y sus consecuencias imprevisibles.<\/span><\/p>\n<\/blockquote>","protected":false},"excerpt":{"rendered":"<p>Precio base: 1,97 \u20ac\/m<\/p>\n<p>Plazo de entrega: 5-7 d\u00edas*<\/p>","protected":false},"featured_media":9402,"template":"","meta":[],"product_brand":[],"product_cat":[216,217,218],"product_tag":[260,261,281,289,528],"class_list":{"0":"post-3060","1":"product","2":"type-product","3":"status-publish","4":"has-post-thumbnail","6":"product_cat-bondageseile","7":"product_cat-leinenhanfseil","8":"product_cat-leinenhanfseil-natur","9":"product_tag-hanfseil","10":"product_tag-bondageseil","11":"product_tag-hanfseil-6mm","12":"product_tag-natur","13":"product_tag-leinenhanfseil","15":"first","16":"outofstock","17":"taxable","18":"shipping-taxable","19":"purchasable","20":"product-type-simple"},"_links":{"self":[{"href":"https:\/\/bavarian-bondage.de\/es\/wp-json\/wp\/v2\/product\/3060","targetHints":{"allow":["GET"]}}],"collection":[{"href":"https:\/\/bavarian-bondage.de\/es\/wp-json\/wp\/v2\/product"}],"about":[{"href":"https:\/\/bavarian-bondage.de\/es\/wp-json\/wp\/v2\/types\/product"}],"version-history":[{"count":5,"href":"https:\/\/bavarian-bondage.de\/es\/wp-json\/wp\/v2\/product\/3060\/revisions"}],"predecessor-version":[{"id":16204,"href":"https:\/\/bavarian-bondage.de\/es\/wp-json\/wp\/v2\/product\/3060\/revisions\/16204"}],"wp:featuredmedia":[{"embeddable":true,"href":"https:\/\/bavarian-bondage.de\/es\/wp-json\/wp\/v2\/media\/9402"}],"wp:attachment":[{"href":"https:\/\/bavarian-bondage.de\/es\/wp-json\/wp\/v2\/media?parent=3060"}],"wp:term":[{"taxonomy":"product_brand","embeddable":true,"href":"https:\/\/bavarian-bondage.de\/es\/wp-json\/wp\/v2\/product_brand?post=3060"},{"taxonomy":"product_cat","embeddable":true,"href":"https:\/\/bavarian-bondage.de\/es\/wp-json\/wp\/v2\/product_cat?post=3060"},{"taxonomy":"product_tag","embeddable":true,"href":"https:\/\/bavarian-bondage.de\/es\/wp-json\/wp\/v2\/product_tag?post=3060"}],"curies":[{"name":"gracias","href":"https:\/\/api.w.org\/{rel}","templated":true}]}}