{"id":3064,"date":"2020-10-17T12:57:12","date_gmt":"2020-10-17T10:57:12","guid":{"rendered":"https:\/\/bavarian-bondage.tivendo.com\/produkt\/import-placeholder-for-751\/"},"modified":"2026-03-08T23:19:26","modified_gmt":"2026-03-08T22:19:26","slug":"cuerda-canamo-lino-negro-6mm-set-exclusivo-7x8m-y-2x4m","status":"publish","type":"product","link":"https:\/\/bavarian-bondage.de\/es\/produkt\/leinenhanfseil-schwarz-6mm-exklusiv-set-7x8m-und-2x4m\/","title":{"rendered":"Cuerda de lino y c\u00e1\u00f1amo negra de 6 mm exclusiva; Conjunto 7x8m y 2x4m"},"content":{"rendered":"<h3 style=\"text-align: center\">Cuerda c\u00e1\u00f1amo lino 6mm negro EXCLUSIVO<\/h3>\n<p style=\"text-align: center\">Este juego de cuerdas de 7x8 m ya es un cl\u00e1sico. Se complementa con dos cuerdas m\u00e1s cortas, ofreciendo una amplia gama de posibilidades. \u00a1La cuerda EXCLUSIVA de lino y c\u00e1\u00f1amo de 6 mm es excepcionalmente suave y flexible! Ha sido sometida a m\u00faltiples tratamientos para garantizar la m\u00e1xima calidad. La cuerda presenta una estructura redonda, uniforme y sin nudos en toda su longitud. Adem\u00e1s, los extremos est\u00e1n rematados con peque\u00f1os nudos. Al estar te\u00f1idas en su totalidad, no lo est\u00e1n completamente.<\/p>\n<p>&nbsp;<\/p>\n<p><strong>Detalles:<\/strong><\/p>\n<p>Cuerda c\u00e1\u00f1amo lino 6mm negro EXCLUSIVO<br \/>\n3 ejes girados<br \/>\nColor: Negro<br \/>\nnudo de riesgo<br \/>\nLongitud: 7x8m \/ 2x4m<br \/>\n(La longitud de la cuerda puede variar hasta 3% de la longitud indicada).<\/p>\n<p>&nbsp;<\/p>\n<p><strong><span style=\"color: #ff0000\">Un aviso:<\/span><\/strong><\/p>\n<p>Revise regularmente las cuerdas para detectar desgaste y da\u00f1os. Si las cuerdas est\u00e1n torcidas o dobladas, pueden aflojarse durante el uso.<br \/>\nLas cuerdas han sido te\u00f1idas en su totalidad y no son del mismo color hasta la mitad.<\/p>\n<p>&nbsp;<\/p>\n<p><strong>Alcance de la entrega:<\/strong> Juego de cuerdas 7x8m y 2x4m cuerda c\u00e1\u00f1amo lino 6mm negro EXCLUSIVO<\/p>\n<p>&nbsp;<\/p>\n<blockquote>\n<hr \/>\n<p style=\"text-align: center\"><span style=\"color: #333399\">\u00a0La informaci\u00f3n sobre los productos se proporciona seg\u00fan nuestro leal saber y entender. Todas las dimensiones son aproximadas. El uso de los productos ofrecidos aqu\u00ed en la tienda es bajo su propia responsabilidad. Cada persona reacciona de manera diferente a las influencias externas, al placer o al dolor, etc. Por lo tanto, no se acepta ninguna responsabilidad por un uso inadecuado.  Cada usuario asume la total responsabilidad por el uso o correcto uso de los productos y sus consecuencias imprevisibles.<\/span><\/p>\n<\/blockquote>","protected":false},"excerpt":{"rendered":"<p>Precio b\u00e1sico: 2,48 \u20ac\/m<\/p>\n<p>Plazo de entrega: 5-7 d\u00edas*<\/p>","protected":false},"featured_media":9730,"template":"","meta":[],"product_brand":[],"product_cat":[216,217,262,279],"product_tag":[221,340,341,527],"class_list":{"0":"post-3064","1":"product","2":"type-product","3":"status-publish","4":"has-post-thumbnail","6":"product_cat-bondageseile","7":"product_cat-leinenhanfseil","8":"product_cat-leinenhanfseil-farbig","9":"product_cat-black-edition","10":"product_tag-seilset","11":"product_tag-hafseil","12":"product_tag-schwarz-6mm","13":"product_tag-leinehanfseil","15":"first","16":"instock","17":"taxable","18":"shipping-taxable","19":"purchasable","20":"product-type-simple"},"_links":{"self":[{"href":"https:\/\/bavarian-bondage.de\/es\/wp-json\/wp\/v2\/product\/3064","targetHints":{"allow":["GET"]}}],"collection":[{"href":"https:\/\/bavarian-bondage.de\/es\/wp-json\/wp\/v2\/product"}],"about":[{"href":"https:\/\/bavarian-bondage.de\/es\/wp-json\/wp\/v2\/types\/product"}],"version-history":[{"count":5,"href":"https:\/\/bavarian-bondage.de\/es\/wp-json\/wp\/v2\/product\/3064\/revisions"}],"predecessor-version":[{"id":16511,"href":"https:\/\/bavarian-bondage.de\/es\/wp-json\/wp\/v2\/product\/3064\/revisions\/16511"}],"wp:featuredmedia":[{"embeddable":true,"href":"https:\/\/bavarian-bondage.de\/es\/wp-json\/wp\/v2\/media\/9730"}],"wp:attachment":[{"href":"https:\/\/bavarian-bondage.de\/es\/wp-json\/wp\/v2\/media?parent=3064"}],"wp:term":[{"taxonomy":"product_brand","embeddable":true,"href":"https:\/\/bavarian-bondage.de\/es\/wp-json\/wp\/v2\/product_brand?post=3064"},{"taxonomy":"product_cat","embeddable":true,"href":"https:\/\/bavarian-bondage.de\/es\/wp-json\/wp\/v2\/product_cat?post=3064"},{"taxonomy":"product_tag","embeddable":true,"href":"https:\/\/bavarian-bondage.de\/es\/wp-json\/wp\/v2\/product_tag?post=3064"}],"curies":[{"name":"gracias","href":"https:\/\/api.w.org\/{rel}","templated":true}]}}