{"id":3067,"date":"2020-10-17T12:57:12","date_gmt":"2020-10-17T10:57:12","guid":{"rendered":"https:\/\/bavarian-bondage.tivendo.com\/produkt\/import-placeholder-for-762\/"},"modified":"2026-02-22T15:27:09","modified_gmt":"2026-02-22T14:27:09","slug":"venda-de-silicona","status":"publish","type":"product","link":"https:\/\/bavarian-bondage.de\/es\/produkt\/silikon-augenbinde\/","title":{"rendered":"Venda de silicona para los ojos"},"content":{"rendered":"<h3 style=\"text-align: center\">Venda de silicona para los ojos<\/h3>\n<p style=\"text-align: center\">La venda para los ojos, muy ligera y flexible, est\u00e1 hecha de silicona. Los remaches decorativos y la hebilla completan el conjunto. Infinitamente ajustable a trav\u00e9s de numerosos agujeros.<\/p>\n<p style=\"text-align: center\">Opaco y muy c\u00f3modo de llevar.<\/p>\n<p>&nbsp;<\/p>\n<p style=\"text-align: left\"><strong>Detalles:<\/strong><\/p>\n<p>Material: silicona, metal<br \/>\nColor: Negro<br \/>\nLongitud total 63 cm.<\/p>\n<p>&nbsp;<\/p>\n<p><strong>Alcance de la entrega:<\/strong> 1 venda de silicona para los ojos<\/p>\n<p>&nbsp;<\/p>\n<hr \/>\n<blockquote>\n<p style=\"text-align: center\"><span style=\"color: #333399\">La informaci\u00f3n sobre los productos se proporciona seg\u00fan nuestro leal saber y entender. Todas las dimensiones son aproximadas. El uso de los productos ofrecidos aqu\u00ed en la tienda es bajo su propia responsabilidad. Cada persona reacciona de manera diferente a las influencias externas, al placer o al dolor, etc. Por lo tanto, no se acepta ninguna responsabilidad por un uso inadecuado.  Cada usuario asume la total responsabilidad por el uso o correcto uso de los productos y sus consecuencias imprevisibles.<\/span><\/p>\n<\/blockquote>","protected":false},"excerpt":{"rendered":"<p>Plazo de entrega: 5-7 d\u00edas*<\/p>","protected":false},"featured_media":8584,"template":"","meta":[],"product_brand":[],"product_cat":[245],"product_tag":[246,342,343],"class_list":{"0":"post-3067","1":"product","2":"type-product","3":"status-publish","4":"has-post-thumbnail","6":"product_cat-augenbinden","7":"product_tag-augenbinde","8":"product_tag-augenmaske","9":"product_tag-silikon","11":"first","12":"instock","13":"taxable","14":"shipping-taxable","15":"purchasable","16":"product-type-simple"},"_links":{"self":[{"href":"https:\/\/bavarian-bondage.de\/es\/wp-json\/wp\/v2\/product\/3067","targetHints":{"allow":["GET"]}}],"collection":[{"href":"https:\/\/bavarian-bondage.de\/es\/wp-json\/wp\/v2\/product"}],"about":[{"href":"https:\/\/bavarian-bondage.de\/es\/wp-json\/wp\/v2\/types\/product"}],"version-history":[{"count":1,"href":"https:\/\/bavarian-bondage.de\/es\/wp-json\/wp\/v2\/product\/3067\/revisions"}],"predecessor-version":[{"id":5944,"href":"https:\/\/bavarian-bondage.de\/es\/wp-json\/wp\/v2\/product\/3067\/revisions\/5944"}],"wp:featuredmedia":[{"embeddable":true,"href":"https:\/\/bavarian-bondage.de\/es\/wp-json\/wp\/v2\/media\/8584"}],"wp:attachment":[{"href":"https:\/\/bavarian-bondage.de\/es\/wp-json\/wp\/v2\/media?parent=3067"}],"wp:term":[{"taxonomy":"product_brand","embeddable":true,"href":"https:\/\/bavarian-bondage.de\/es\/wp-json\/wp\/v2\/product_brand?post=3067"},{"taxonomy":"product_cat","embeddable":true,"href":"https:\/\/bavarian-bondage.de\/es\/wp-json\/wp\/v2\/product_cat?post=3067"},{"taxonomy":"product_tag","embeddable":true,"href":"https:\/\/bavarian-bondage.de\/es\/wp-json\/wp\/v2\/product_tag?post=3067"}],"curies":[{"name":"gracias","href":"https:\/\/api.w.org\/{rel}","templated":true}]}}