{"id":3068,"date":"2020-10-17T12:57:13","date_gmt":"2020-10-17T10:57:13","guid":{"rendered":"https:\/\/bavarian-bondage.tivendo.com\/produkt\/import-placeholder-for-767\/"},"modified":"2026-03-16T15:00:59","modified_gmt":"2026-03-16T14:00:59","slug":"paleta-de-bofetada","status":"publish","type":"product","link":"https:\/\/bavarian-bondage.de\/es\/produkt\/slapper-paddel\/","title":{"rendered":"paleta de bofetada"},"content":{"rendered":"<h3 style=\"text-align: center\">bofetadas<\/h3>\n<p style=\"text-align: center\">El Slapper, como su nombre indica, puede resultar bastante ruidoso cuando se utiliza correctamente. El remo est\u00e1 bellamente elaborado, tiene un mango de madera con un lazo de cuero con varios remaches decorativos y una correa de transporte.<\/p>\n<p style=\"text-align: center\">Un remo de aspecto interesante y bellamente elaborado.<\/p>\n<p><strong>Detalles:<\/strong><\/p>\n<p>Material: madera, cuero<br \/>\nColor: Negro<br \/>\nLargo total: 40cm<br \/>\nLongitud del mango: 18 cm<br \/>\nAncho: 4cm<\/p>\n<p><strong>Alcance de la entrega:<\/strong> 1 golpeador de paleta<\/p>\n<p>&nbsp;<\/p>\n<hr \/>\n<blockquote>\n<p style=\"text-align: center\"><span style=\"color: #333399\">La informaci\u00f3n sobre los productos se proporciona seg\u00fan nuestro leal saber y entender. Todas las dimensiones son aproximadas. El uso de los productos ofrecidos aqu\u00ed en la tienda es bajo su propia responsabilidad. Cada persona reacciona de manera diferente a las influencias externas, al placer o al dolor, etc. Por lo tanto, no se acepta ninguna responsabilidad por un uso inadecuado.  Cada usuario asume la total responsabilidad por el uso o correcto uso de los productos y sus consecuencias imprevisibles.<\/span><\/p>\n<\/blockquote>","protected":false},"excerpt":{"rendered":"<p>Plazo de entrega: 5-7 d\u00edas*<\/p>","protected":false},"featured_media":8630,"template":"","meta":[],"product_brand":[],"product_cat":[224,252],"product_tag":[254,255,344],"class_list":{"0":"post-3068","1":"product","2":"type-product","3":"status-publish","4":"has-post-thumbnail","6":"product_cat-lustschmerz","7":"product_cat-peitschen-gerten","8":"product_tag-echtleder","9":"product_tag-paddel","10":"product_tag-slapper","12":"first","13":"instock","14":"taxable","15":"shipping-taxable","16":"purchasable","17":"product-type-simple"},"_links":{"self":[{"href":"https:\/\/bavarian-bondage.de\/es\/wp-json\/wp\/v2\/product\/3068","targetHints":{"allow":["GET"]}}],"collection":[{"href":"https:\/\/bavarian-bondage.de\/es\/wp-json\/wp\/v2\/product"}],"about":[{"href":"https:\/\/bavarian-bondage.de\/es\/wp-json\/wp\/v2\/types\/product"}],"version-history":[{"count":3,"href":"https:\/\/bavarian-bondage.de\/es\/wp-json\/wp\/v2\/product\/3068\/revisions"}],"predecessor-version":[{"id":13973,"href":"https:\/\/bavarian-bondage.de\/es\/wp-json\/wp\/v2\/product\/3068\/revisions\/13973"}],"wp:featuredmedia":[{"embeddable":true,"href":"https:\/\/bavarian-bondage.de\/es\/wp-json\/wp\/v2\/media\/8630"}],"wp:attachment":[{"href":"https:\/\/bavarian-bondage.de\/es\/wp-json\/wp\/v2\/media?parent=3068"}],"wp:term":[{"taxonomy":"product_brand","embeddable":true,"href":"https:\/\/bavarian-bondage.de\/es\/wp-json\/wp\/v2\/product_brand?post=3068"},{"taxonomy":"product_cat","embeddable":true,"href":"https:\/\/bavarian-bondage.de\/es\/wp-json\/wp\/v2\/product_cat?post=3068"},{"taxonomy":"product_tag","embeddable":true,"href":"https:\/\/bavarian-bondage.de\/es\/wp-json\/wp\/v2\/product_tag?post=3068"}],"curies":[{"name":"gracias","href":"https:\/\/api.w.org\/{rel}","templated":true}]}}