{"id":3070,"date":"2020-10-17T11:57:13","date_gmt":"2020-10-17T09:57:13","guid":{"rendered":"https:\/\/bavarian-bondage.tivendo.com\/produkt\/import-placeholder-for-777\/"},"modified":"2026-03-28T10:42:31","modified_gmt":"2026-03-28T09:42:31","slug":"mosqueton-de-seguridad-de-acero","status":"publish","type":"product","link":"https:\/\/bavarian-bondage.de\/es\/produkt\/stahl-sicherheitskarabiner\/","title":{"rendered":"Mosquet\u00f3n de seguridad de acero."},"content":{"rendered":"<h3 style=\"text-align: center\">Mosquet\u00f3n de acero<\/h3>\n<p style=\"text-align: center\">Este mosquet\u00f3n de seguridad de acero galvanizado es una alternativa econ\u00f3mica a los costosos mosquetones de acero inoxidable o aluminio. Ya sea para anilla, como extensi\u00f3n de una anilla o para sujetar una cuerda, sus partes superior e inferior redondeadas lo hacen ideal para una amplia gama de aplicaciones.<\/p>\n<p style=\"text-align: center\">Este mosquet\u00f3n tambi\u00e9n ofrece seguridad. Al girar la rueda de aluminio hacia arriba, se evita que se abra accidentalmente.<\/p>\n<p><strong>Detalles:<\/strong><\/p>\n<p>Material: acero galvanizado, aluminio<br \/>\nTama\u00f1o: Largo 10,5 cm \/ Ancho 5 cm<br \/>\nApertura: 1,8 cm<br \/>\nCapacidad de carga: cerrado 25KN<br \/>\nPeso: 160g<br \/>\nColor: Plata<br \/>\nEN362:2004<\/p>\n<p>&nbsp;<\/p>\n<p>&nbsp;<\/p>\n<p><strong>Alcance de la entrega:<\/strong> Mosquet\u00f3n de seguridad de acero.<\/p>\n<p>&nbsp;<\/p>\n<hr \/>\n<blockquote>\n<p style=\"text-align: center\"><span style=\"color: #333399\">La informaci\u00f3n sobre los productos se proporciona seg\u00fan nuestro leal saber y entender. Todas las dimensiones son aproximadas. El uso de los productos ofrecidos en la tienda es bajo su propia responsabilidad. Cada persona reacciona de forma diferente a las influencias externas, al placer o al dolor, etc. Por lo tanto, no se asume ninguna responsabilidad por el uso indebido. Cada usuario es plenamente responsable del uso correcto de los productos y de sus consecuencias imprevisibles.<\/span><\/p>\n<\/blockquote>","protected":false},"excerpt":{"rendered":"<p>Plazo de entrega: 5-7 d\u00edas*<\/p>","protected":false},"featured_media":8176,"template":"","meta":[],"product_brand":[],"product_cat":[222,223],"product_tag":[],"class_list":{"0":"post-3070","1":"product","2":"type-product","3":"status-publish","4":"has-post-thumbnail","6":"product_cat-alle-produkte","7":"product_cat-zubehoer","9":"first","10":"instock","11":"taxable","12":"shipping-taxable","13":"purchasable","14":"product-type-simple"},"_links":{"self":[{"href":"https:\/\/bavarian-bondage.de\/es\/wp-json\/wp\/v2\/product\/3070","targetHints":{"allow":["GET"]}}],"collection":[{"href":"https:\/\/bavarian-bondage.de\/es\/wp-json\/wp\/v2\/product"}],"about":[{"href":"https:\/\/bavarian-bondage.de\/es\/wp-json\/wp\/v2\/types\/product"}],"version-history":[{"count":5,"href":"https:\/\/bavarian-bondage.de\/es\/wp-json\/wp\/v2\/product\/3070\/revisions"}],"predecessor-version":[{"id":14149,"href":"https:\/\/bavarian-bondage.de\/es\/wp-json\/wp\/v2\/product\/3070\/revisions\/14149"}],"wp:featuredmedia":[{"embeddable":true,"href":"https:\/\/bavarian-bondage.de\/es\/wp-json\/wp\/v2\/media\/8176"}],"wp:attachment":[{"href":"https:\/\/bavarian-bondage.de\/es\/wp-json\/wp\/v2\/media?parent=3070"}],"wp:term":[{"taxonomy":"product_brand","embeddable":true,"href":"https:\/\/bavarian-bondage.de\/es\/wp-json\/wp\/v2\/product_brand?post=3070"},{"taxonomy":"product_cat","embeddable":true,"href":"https:\/\/bavarian-bondage.de\/es\/wp-json\/wp\/v2\/product_cat?post=3070"},{"taxonomy":"product_tag","embeddable":true,"href":"https:\/\/bavarian-bondage.de\/es\/wp-json\/wp\/v2\/product_tag?post=3070"}],"curies":[{"name":"gracias","href":"https:\/\/api.w.org\/{rel}","templated":true}]}}