{"id":3076,"date":"2020-10-17T12:58:13","date_gmt":"2020-10-17T10:58:13","guid":{"rendered":"https:\/\/bavarian-bondage.tivendo.com\/produkt\/import-placeholder-for-1080\/"},"modified":"2026-02-16T09:04:48","modified_gmt":"2026-02-16T08:04:48","slug":"cuerda-de-yute-estandar-6mm-set-clasico-10x8m-y-2x4m","status":"publish","type":"product","link":"https:\/\/bavarian-bondage.de\/es\/produkt\/juteseil-standard-6mm-klassik-set-10x8m-und-2x4m\/","title":{"rendered":"Cuerda de yute est\u00e1ndar 6mm cl\u00e1sica; Conjunto 10x8m y 2x4m"},"content":{"rendered":"<h3 style=\"text-align: center\">La cuerda de yute 6mm CLASSIC<\/h3>\n<p style=\"text-align: center\">El gran set profesional ofrece mucha cuerda para el bondage exigente. \u00a1Las cuatro cuerdas cortas complementan perfectamente el conjunto y ofrecen una amplia gama de usos posibles!<\/p>\n<p style=\"text-align: center\">Al principio la cuerda est\u00e1 un poco r\u00edgida y \u00e1spera debido a la fuerte rotaci\u00f3n. La cuerda de yute no tiene ning\u00fan olor propio, huele m\u00ednimamente al aceite de tratamiento utilizado. Los extremos de la cuerda se atan con un nudo simple normal. El color caramelo creado mediante oxicorte ofrece una apariencia hermosa. La cuerda est\u00e1 hecha de un solo hilo y, por lo tanto, es uniforme y sin nudos en toda su longitud.<\/p>\n<p><strong>Detalles:<\/strong><\/p>\n<p>Cuerda yute 6mm CLASSIC<br \/>\n3 ejes fuertemente torcidos<br \/>\ncolores caramelo<br \/>\nNudos normales<br \/>\nLongitud: 10x8m \/ 2x4m<br \/>\n(La longitud de la cuerda puede variar hasta 3% de la longitud especificada).<\/p>\n<p><span style=\"color: #ff0000\"><strong>Un aviso:<\/strong><\/span><\/p>\n<p>\u00a1Compruebe peri\u00f3dicamente si los cables est\u00e1n desgastados o da\u00f1ados!<br \/>\n\u00a1Si las cuerdas se golpean o retuercen, pueden soltarse durante el uso!<br \/>\nNo lave cuerdas de yute. Lo mejor es limpiar con un pa\u00f1o h\u00famedo.<\/p>\n<p><strong>Alcance de la entrega:<\/strong> 10x8m \/ 2x4m cuerda yute 6mm CLASSIC<\/p>\n<p>&nbsp;<\/p>\n<hr \/>\n<blockquote>\n<p style=\"text-align: center\"><span style=\"color: #333399\">La informaci\u00f3n sobre los productos se proporciona seg\u00fan nuestro leal saber y entender. Todas las dimensiones son aproximadas. El uso de los productos ofrecidos aqu\u00ed en la tienda es bajo su propia responsabilidad. Cada persona reacciona de manera diferente a las influencias externas, al placer o al dolor, etc. Por lo tanto, no se acepta ninguna responsabilidad por un uso inadecuado.  Cada usuario asume la total responsabilidad por el uso o correcto uso de los productos y sus consecuencias imprevisibles.<\/span><\/p>\n<\/blockquote>","protected":false},"excerpt":{"rendered":"<p>Precio base: 1,80 \u20ac\/m<\/p>\n<p>Plazo de entrega: 5-7 d\u00edas*<\/p>","protected":false},"featured_media":8478,"template":"","meta":[],"product_brand":[],"product_cat":[216,222,294,346],"product_tag":[221,261,284,297],"class_list":{"0":"post-3076","1":"product","2":"type-product","3":"status-publish","4":"has-post-thumbnail","6":"product_cat-bondageseile","7":"product_cat-alle-produkte","8":"product_cat-juteseile","9":"product_cat-juteseil-6mm","10":"product_tag-seilset","11":"product_tag-bondageseil","12":"product_tag-6mm","13":"product_tag-juteseil","15":"first","16":"instock","17":"taxable","18":"shipping-taxable","19":"purchasable","20":"product-type-simple"},"_links":{"self":[{"href":"https:\/\/bavarian-bondage.de\/es\/wp-json\/wp\/v2\/product\/3076","targetHints":{"allow":["GET"]}}],"collection":[{"href":"https:\/\/bavarian-bondage.de\/es\/wp-json\/wp\/v2\/product"}],"about":[{"href":"https:\/\/bavarian-bondage.de\/es\/wp-json\/wp\/v2\/types\/product"}],"version-history":[{"count":5,"href":"https:\/\/bavarian-bondage.de\/es\/wp-json\/wp\/v2\/product\/3076\/revisions"}],"predecessor-version":[{"id":16153,"href":"https:\/\/bavarian-bondage.de\/es\/wp-json\/wp\/v2\/product\/3076\/revisions\/16153"}],"wp:featuredmedia":[{"embeddable":true,"href":"https:\/\/bavarian-bondage.de\/es\/wp-json\/wp\/v2\/media\/8478"}],"wp:attachment":[{"href":"https:\/\/bavarian-bondage.de\/es\/wp-json\/wp\/v2\/media?parent=3076"}],"wp:term":[{"taxonomy":"product_brand","embeddable":true,"href":"https:\/\/bavarian-bondage.de\/es\/wp-json\/wp\/v2\/product_brand?post=3076"},{"taxonomy":"product_cat","embeddable":true,"href":"https:\/\/bavarian-bondage.de\/es\/wp-json\/wp\/v2\/product_cat?post=3076"},{"taxonomy":"product_tag","embeddable":true,"href":"https:\/\/bavarian-bondage.de\/es\/wp-json\/wp\/v2\/product_tag?post=3076"}],"curies":[{"name":"gracias","href":"https:\/\/api.w.org\/{rel}","templated":true}]}}