{"id":3085,"date":"2020-10-17T12:56:14","date_gmt":"2020-10-17T10:56:14","guid":{"rendered":"https:\/\/bavarian-bondage.tivendo.com\/produkt\/import-placeholder-for-1517\/"},"modified":"2026-01-24T00:26:21","modified_gmt":"2026-01-23T23:26:21","slug":"yute-de-alta-calidad-4mm-set-exclusivo-10x8-y-2x4m","status":"publish","type":"product","link":"https:\/\/bavarian-bondage.de\/es\/produkt\/high-class-jute-4mm-exklusiv-set-10x8-und-2x4m\/","title":{"rendered":"Yute de alta calidad 4mm EXCLUSIVO; Conjunto 10\u00d78 y 2x4m"},"content":{"rendered":"<h3 style=\"text-align: center\">Yute de alta calidad 4mm EXCLUSIVO<\/h3>\n<p style=\"text-align: center\">El gran set profesional ofrece mucha cuerda para el bondage exigente. \u00a1Las dos cuerdas cortas complementan perfectamente el conjunto y ofrecen una amplia gama de usos posibles!<\/p>\n<p style=\"text-align: center\">Tambi\u00e9n en la fabricaci\u00f3n de las cuerdas se presta atenci\u00f3n a la mejor calidad, lo que resulta muy beneficioso para su uso posterior. Las cuerdas se procesan y refinan a mano hasta obtener un suave acabado blanco.<\/p>\n<p style=\"text-align: center\">Los extremos se atan con peque\u00f1os nudos triscos, lo que facilita mucho el atado. \u00a1No apto para bondage por suspensi\u00f3n!<\/p>\n<p>&nbsp;<\/p>\n<p><strong>Detalles:<\/strong><\/p>\n<p>Yute de alta calidad 4mm EXCLUSIVO<br \/>\n3 ejes girados<br \/>\nTono caramelo claro<br \/>\nNudos de extremo peque\u00f1os<br \/>\nLongitud: 10x8m \/ 2x4m<br \/>\n(La longitud de la cuerda puede variar hasta 3% de la longitud especificada).<\/p>\n<p>&nbsp;<\/p>\n<p><span style=\"color: #ff0000\"><strong>Un aviso:<\/strong><\/span><\/p>\n<p>\u00a1Compruebe peri\u00f3dicamente si los cables est\u00e1n desgastados o da\u00f1ados!<br \/>\n\u00a1Si las cuerdas se golpean o retuercen, pueden soltarse durante el uso!<br \/>\nNo lave cuerdas de yute. Lo mejor es limpiar con un pa\u00f1o h\u00famedo.<\/p>\n<p>&nbsp;<\/p>\n<p><strong>Alcance de la entrega:<\/strong> 10x8m y 2x4m yute de alta calidad 4mm EXCLUSIVO<\/p>\n<p>&nbsp;<\/p>\n<hr \/>\n<blockquote>\n<p style=\"text-align: center\"><span style=\"color: #333399\">La informaci\u00f3n sobre los productos se proporciona seg\u00fan nuestro leal saber y entender. Todas las dimensiones son aproximadas. El uso de los productos ofrecidos aqu\u00ed en la tienda es bajo su propia responsabilidad. Cada persona reacciona de manera diferente a las influencias externas, al placer o al dolor, etc. Por lo tanto, no se acepta ninguna responsabilidad por un uso inadecuado.  Cada usuario asume la total responsabilidad por el uso o correcto uso de los productos y sus consecuencias imprevisibles.<\/span><\/p>\n<\/blockquote>","protected":false},"excerpt":{"rendered":"<p>Precio b\u00e1sico: 2,09\u20ac\/m<\/p>\n<p>Plazo de entrega: 5-7 d\u00edas*<\/p>","protected":false},"featured_media":8384,"template":"","meta":[],"product_brand":[],"product_cat":[216,222,294,349],"product_tag":[221,261,296,297],"class_list":{"0":"post-3085","1":"product","2":"type-product","3":"status-publish","4":"has-post-thumbnail","6":"product_cat-bondageseile","7":"product_cat-alle-produkte","8":"product_cat-juteseile","9":"product_cat-high-class-jute-4mm","10":"product_tag-seilset","11":"product_tag-bondageseil","12":"product_tag-high-class-jute","13":"product_tag-juteseil","15":"first","16":"instock","17":"taxable","18":"shipping-taxable","19":"purchasable","20":"product-type-simple"},"_links":{"self":[{"href":"https:\/\/bavarian-bondage.de\/es\/wp-json\/wp\/v2\/product\/3085","targetHints":{"allow":["GET"]}}],"collection":[{"href":"https:\/\/bavarian-bondage.de\/es\/wp-json\/wp\/v2\/product"}],"about":[{"href":"https:\/\/bavarian-bondage.de\/es\/wp-json\/wp\/v2\/types\/product"}],"version-history":[{"count":5,"href":"https:\/\/bavarian-bondage.de\/es\/wp-json\/wp\/v2\/product\/3085\/revisions"}],"predecessor-version":[{"id":16144,"href":"https:\/\/bavarian-bondage.de\/es\/wp-json\/wp\/v2\/product\/3085\/revisions\/16144"}],"wp:featuredmedia":[{"embeddable":true,"href":"https:\/\/bavarian-bondage.de\/es\/wp-json\/wp\/v2\/media\/8384"}],"wp:attachment":[{"href":"https:\/\/bavarian-bondage.de\/es\/wp-json\/wp\/v2\/media?parent=3085"}],"wp:term":[{"taxonomy":"product_brand","embeddable":true,"href":"https:\/\/bavarian-bondage.de\/es\/wp-json\/wp\/v2\/product_brand?post=3085"},{"taxonomy":"product_cat","embeddable":true,"href":"https:\/\/bavarian-bondage.de\/es\/wp-json\/wp\/v2\/product_cat?post=3085"},{"taxonomy":"product_tag","embeddable":true,"href":"https:\/\/bavarian-bondage.de\/es\/wp-json\/wp\/v2\/product_tag?post=3085"}],"curies":[{"name":"gracias","href":"https:\/\/api.w.org\/{rel}","templated":true}]}}