{"id":3087,"date":"2020-10-17T12:54:15","date_gmt":"2020-10-17T10:54:15","guid":{"rendered":"https:\/\/bavarian-bondage.tivendo.com\/produkt\/import-placeholder-for-1519\/"},"modified":"2025-11-18T12:59:47","modified_gmt":"2025-11-18T11:59:47","slug":"yute-de-alta-calidad-4mm-set-exclusivo-3x8m","status":"publish","type":"product","link":"https:\/\/bavarian-bondage.de\/es\/produkt\/high-class-jute-4mm-exklusiv-set-3x8m\/","title":{"rendered":"Yute de alta calidad 4mm EXCLUSIVO; Conjunto 3x8m"},"content":{"rendered":"<h3 style=\"text-align: center\">Yute de alta calidad 4mm EXCLUSIVO<\/h3>\n<p style=\"text-align: center\">Ideal para iniciarse como rigger o para ampliar un set ya existente.<\/p>\n<p style=\"text-align: center\">Tambi\u00e9n en la fabricaci\u00f3n de las cuerdas se presta atenci\u00f3n a la mejor calidad, lo que resulta muy beneficioso para su uso posterior. Las cuerdas se procesan y refinan a mano hasta obtener un suave acabado blanco.<\/p>\n<p style=\"text-align: center\">Los extremos se atan con peque\u00f1os nudos triscos, lo que facilita mucho el atado.<\/p>\n<p>&nbsp;<\/p>\n<p><strong>Detalles:<\/strong><\/p>\n<p>Yute de alta calidad 4mm EXCLUSIVO<br \/>\n3 ejes girados<br \/>\nTono caramelo claro<br \/>\nNudos de extremo peque\u00f1os<br \/>\nLongitud: 3x8m<br \/>\n(La longitud de la cuerda puede variar hasta 3% de la longitud especificada).<\/p>\n<p>&nbsp;<\/p>\n<p><span style=\"color: #ff0000\"><strong>Un aviso:<\/strong><\/span><\/p>\n<p>\u00a1Compruebe peri\u00f3dicamente si los cables est\u00e1n desgastados o da\u00f1ados!<br \/>\n\u00a1Si las cuerdas se golpean o retuercen, pueden soltarse durante el uso!<br \/>\nNo lave cuerdas de yute. Lo mejor es limpiar con un pa\u00f1o h\u00famedo.<\/p>\n<p>&nbsp;<\/p>\n<p><strong>Alcance de la entrega:<\/strong> 3x8m Yute Alta Calidad 4mm EXCLUSIVO<\/p>\n<p>&nbsp;<\/p>","protected":false},"excerpt":{"rendered":"<p>Precio b\u00e1sico: 2,33\u20ac\/m<\/p>\n<p>Plazo de entrega: 5-7 d\u00edas*<\/p>","protected":false},"featured_media":8380,"template":"","meta":[],"product_brand":[],"product_cat":[349,216,222,294],"product_tag":[297,261,296],"class_list":{"0":"post-3087","1":"product","2":"type-product","3":"status-publish","4":"has-post-thumbnail","6":"product_cat-high-class-jute-4mm","7":"product_cat-bondageseile","8":"product_cat-alle-produkte","9":"product_cat-juteseile","10":"product_tag-juteseil","11":"product_tag-bondageseil","12":"product_tag-high-class-jute","14":"first","15":"instock","16":"taxable","17":"shipping-taxable","18":"purchasable","19":"product-type-simple"},"_links":{"self":[{"href":"https:\/\/bavarian-bondage.de\/es\/wp-json\/wp\/v2\/product\/3087","targetHints":{"allow":["GET"]}}],"collection":[{"href":"https:\/\/bavarian-bondage.de\/es\/wp-json\/wp\/v2\/product"}],"about":[{"href":"https:\/\/bavarian-bondage.de\/es\/wp-json\/wp\/v2\/types\/product"}],"version-history":[{"count":5,"href":"https:\/\/bavarian-bondage.de\/es\/wp-json\/wp\/v2\/product\/3087\/revisions"}],"predecessor-version":[{"id":16142,"href":"https:\/\/bavarian-bondage.de\/es\/wp-json\/wp\/v2\/product\/3087\/revisions\/16142"}],"wp:featuredmedia":[{"embeddable":true,"href":"https:\/\/bavarian-bondage.de\/es\/wp-json\/wp\/v2\/media\/8380"}],"wp:attachment":[{"href":"https:\/\/bavarian-bondage.de\/es\/wp-json\/wp\/v2\/media?parent=3087"}],"wp:term":[{"taxonomy":"product_brand","embeddable":true,"href":"https:\/\/bavarian-bondage.de\/es\/wp-json\/wp\/v2\/product_brand?post=3087"},{"taxonomy":"product_cat","embeddable":true,"href":"https:\/\/bavarian-bondage.de\/es\/wp-json\/wp\/v2\/product_cat?post=3087"},{"taxonomy":"product_tag","embeddable":true,"href":"https:\/\/bavarian-bondage.de\/es\/wp-json\/wp\/v2\/product_tag?post=3087"}],"curies":[{"name":"gracias","href":"https:\/\/api.w.org\/{rel}","templated":true}]}}