{"id":3100,"date":"2020-10-17T12:54:23","date_gmt":"2020-10-17T10:54:23","guid":{"rendered":"https:\/\/bavarian-bondage.tivendo.com\/produkt\/import-placeholder-for-1534\/"},"modified":"2026-01-16T10:19:45","modified_gmt":"2026-01-16T09:19:45","slug":"yute-de-alta-calidad-6mm-set-clasico-7x8m-y-2x4m","status":"publish","type":"product","link":"https:\/\/bavarian-bondage.de\/es\/produkt\/high-class-jute-6mm-klassik-set-7x8m-und-2x4m\/","title":{"rendered":"Yute de alta calidad 6mm CLASSIC; Conjunto 7x8m y 2x4m"},"content":{"rendered":"<h3 style=\"text-align: center\">Yute de alta calidad 6mm CLASSIC<\/h3>\n<p style=\"text-align: center\">El set completo para principiantes y profesionales. Las siete cuerdas largas suelen ser suficientes para todas las ataduras. \u00a1El conjunto se completa con dos cuerdas de cuatro metros, que se pueden utilizar de diversas maneras!<\/p>\n<p style=\"text-align: center\">Tambi\u00e9n en la fabricaci\u00f3n de las cuerdas se presta atenci\u00f3n a la mejor calidad, lo que resulta muy beneficioso para su uso posterior. Las cuerdas se procesan y refinan a mano hasta obtener un suave acabado blanco.<\/p>\n<p style=\"text-align: center\">Los extremos se cierran con un simple nudo simple.<\/p>\n<p>&nbsp;<\/p>\n<p><strong>Detalles:<\/strong><\/p>\n<p>Yute de alta calidad 6mm CLASSIC<br \/>\n3 ejes girados<br \/>\nTono caramelo claro<br \/>\nnudo simple<br \/>\nLongitud: 7x8m y 2x4m<br \/>\n(La longitud de la cuerda puede variar hasta 3% de la longitud especificada).<\/p>\n<p>&nbsp;<\/p>\n<p><span style=\"color: #ff0000\"><strong>Un aviso:<\/strong><\/span><\/p>\n<p>\u00a1Compruebe peri\u00f3dicamente si los cables est\u00e1n desgastados o da\u00f1ados!<br \/>\n\u00a1Si las cuerdas se golpean o retuercen, pueden soltarse durante el uso!<br \/>\nNo lave cuerdas de yute. Lo mejor es limpiar con un pa\u00f1o h\u00famedo.<\/p>\n<p>&nbsp;<\/p>\n<p><strong>Alcance de la entrega:<\/strong> Yute de alta calidad 7x8m y 2x4m 6mm CLASSIC<\/p>\n<p>&nbsp;<\/p>\n<hr \/>\n<blockquote>\n<p style=\"text-align: center\"><span style=\"color: #333399\">La informaci\u00f3n sobre los productos se proporciona seg\u00fan nuestro leal saber y entender. Todas las dimensiones son aproximadas. El uso de los productos ofrecidos aqu\u00ed en la tienda es bajo su propia responsabilidad. Cada persona reacciona de manera diferente a las influencias externas, al placer o al dolor, etc. Por lo tanto, no se acepta ninguna responsabilidad por un uso inadecuado.  Cada usuario asume la total responsabilidad por el uso o correcto uso de los productos y sus consecuencias imprevisibles.<\/span>.<\/p>\n<\/blockquote>","protected":false},"excerpt":{"rendered":"<p>Precio base: 2,67 \u20ac\/m<\/p>\n<p>Plazo de entrega: 5-7 d\u00edas*<\/p>","protected":false},"featured_media":8359,"template":"","meta":[],"product_brand":[],"product_cat":[353,216,222,294],"product_tag":[296,297,221],"class_list":{"0":"post-3100","1":"product","2":"type-product","3":"status-publish","4":"has-post-thumbnail","6":"product_cat-high-class-jute-6mm","7":"product_cat-bondageseile","8":"product_cat-alle-produkte","9":"product_cat-juteseile","10":"product_tag-high-class-jute","11":"product_tag-juteseil","12":"product_tag-seilset","14":"first","15":"instock","16":"taxable","17":"shipping-taxable","18":"purchasable","19":"product-type-simple"},"_links":{"self":[{"href":"https:\/\/bavarian-bondage.de\/es\/wp-json\/wp\/v2\/product\/3100","targetHints":{"allow":["GET"]}}],"collection":[{"href":"https:\/\/bavarian-bondage.de\/es\/wp-json\/wp\/v2\/product"}],"about":[{"href":"https:\/\/bavarian-bondage.de\/es\/wp-json\/wp\/v2\/types\/product"}],"version-history":[{"count":5,"href":"https:\/\/bavarian-bondage.de\/es\/wp-json\/wp\/v2\/product\/3100\/revisions"}],"predecessor-version":[{"id":16133,"href":"https:\/\/bavarian-bondage.de\/es\/wp-json\/wp\/v2\/product\/3100\/revisions\/16133"}],"wp:featuredmedia":[{"embeddable":true,"href":"https:\/\/bavarian-bondage.de\/es\/wp-json\/wp\/v2\/media\/8359"}],"wp:attachment":[{"href":"https:\/\/bavarian-bondage.de\/es\/wp-json\/wp\/v2\/media?parent=3100"}],"wp:term":[{"taxonomy":"product_brand","embeddable":true,"href":"https:\/\/bavarian-bondage.de\/es\/wp-json\/wp\/v2\/product_brand?post=3100"},{"taxonomy":"product_cat","embeddable":true,"href":"https:\/\/bavarian-bondage.de\/es\/wp-json\/wp\/v2\/product_cat?post=3100"},{"taxonomy":"product_tag","embeddable":true,"href":"https:\/\/bavarian-bondage.de\/es\/wp-json\/wp\/v2\/product_tag?post=3100"}],"curies":[{"name":"gracias","href":"https:\/\/api.w.org\/{rel}","templated":true}]}}