{"id":3109,"date":"2021-01-02T17:37:24","date_gmt":"2021-01-02T16:37:24","guid":{"rendered":"https:\/\/bavarian-bondage.tivendo.com\/produkt\/import-placeholder-for-1696\/"},"modified":"2026-04-11T23:55:58","modified_gmt":"2026-04-11T21:55:58","slug":"latigo-de-cuerda-2","status":"publish","type":"product","link":"https:\/\/bavarian-bondage.de\/es\/produkt\/seilpeitsche\/","title":{"rendered":"L\u00e1tigo de cuerda corto"},"content":{"rendered":"<h3 style=\"text-align: center\">L\u00e1tigo de cuerda corto<\/h3>\n<p style=\"text-align: center\">El l\u00e1tigo de cuerda es el accesorio perfecto para tu sesi\u00f3n de bondage. Se compone de veinte hebras hechas de cuerdas de c\u00e1\u00f1amo de 4 mm de espesor y cerradas con peque\u00f1os nudos trisk. El tirador de acero inoxidable y los dos elementos de nogal garantizan un aspecto elegante.<\/p>\n<p><strong>Detalles:<\/strong><\/p>\n<p>Material: madera, cuerda de c\u00e1\u00f1amo, acero inoxidable.<br \/>\nLongitud: aprox. 55 cm<br \/>\nMango de di\u00e1metro: 22 mm<\/p>\n<p><strong>Alcance de la entrega:<\/strong> l\u00e1tigo de cuerda corto; Color seleccionable<\/p>\n<p>&nbsp;<\/p>\n<hr \/>\n<blockquote>\n<p style=\"text-align: center\"><span style=\"color: #333399\">La informaci\u00f3n sobre los productos se proporciona seg\u00fan nuestro leal saber y entender. Todas las dimensiones son aproximadas. El uso de los productos ofrecidos aqu\u00ed en la tienda es bajo su propia responsabilidad. Cada persona reacciona de manera diferente a las influencias externas, al placer o al dolor, etc. Por lo tanto, no se acepta ninguna responsabilidad por un uso inadecuado.  Cada usuario asume la total responsabilidad por el uso o correcto uso de los productos y sus consecuencias imprevisibles.<\/span><\/p>\n<\/blockquote>","protected":false},"excerpt":{"rendered":"<p>Plazo de entrega: 5-7 d\u00edas*<\/p>","protected":false},"featured_media":14069,"template":"","meta":[],"product_brand":[],"product_cat":[224,252],"product_tag":[],"class_list":{"0":"post-3109","1":"product","2":"type-product","3":"status-publish","4":"has-post-thumbnail","6":"product_cat-lustschmerz","7":"product_cat-peitschen-gerten","9":"first","10":"instock","11":"taxable","12":"shipping-taxable","13":"purchasable","14":"product-type-variable"},"_links":{"self":[{"href":"https:\/\/bavarian-bondage.de\/es\/wp-json\/wp\/v2\/product\/3109","targetHints":{"allow":["GET"]}}],"collection":[{"href":"https:\/\/bavarian-bondage.de\/es\/wp-json\/wp\/v2\/product"}],"about":[{"href":"https:\/\/bavarian-bondage.de\/es\/wp-json\/wp\/v2\/types\/product"}],"version-history":[{"count":6,"href":"https:\/\/bavarian-bondage.de\/es\/wp-json\/wp\/v2\/product\/3109\/revisions"}],"predecessor-version":[{"id":4511,"href":"https:\/\/bavarian-bondage.de\/es\/wp-json\/wp\/v2\/product\/3109\/revisions\/4511"}],"wp:featuredmedia":[{"embeddable":true,"href":"https:\/\/bavarian-bondage.de\/es\/wp-json\/wp\/v2\/media\/14069"}],"wp:attachment":[{"href":"https:\/\/bavarian-bondage.de\/es\/wp-json\/wp\/v2\/media?parent=3109"}],"wp:term":[{"taxonomy":"product_brand","embeddable":true,"href":"https:\/\/bavarian-bondage.de\/es\/wp-json\/wp\/v2\/product_brand?post=3109"},{"taxonomy":"product_cat","embeddable":true,"href":"https:\/\/bavarian-bondage.de\/es\/wp-json\/wp\/v2\/product_cat?post=3109"},{"taxonomy":"product_tag","embeddable":true,"href":"https:\/\/bavarian-bondage.de\/es\/wp-json\/wp\/v2\/product_tag?post=3109"}],"curies":[{"name":"gracias","href":"https:\/\/api.w.org\/{rel}","templated":true}]}}