{"id":3111,"date":"2020-10-17T12:57:24","date_gmt":"2020-10-17T10:57:24","guid":{"rendered":"https:\/\/bavarian-bondage.tivendo.com\/produkt\/import-placeholder-for-1704\/"},"modified":"2026-01-05T09:25:10","modified_gmt":"2026-01-05T08:25:10","slug":"latigo-de-bambu","status":"publish","type":"product","link":"https:\/\/bavarian-bondage.de\/es\/produkt\/bambus-flogger\/","title":{"rendered":"Flogger de bamb\u00fa"},"content":{"rendered":"<h3 style=\"text-align: center\">Flogger de bamb\u00fa<\/h3>\n<p style=\"text-align: center\">El l\u00e1tigo de bamb\u00fa es una alternativa interesante a los l\u00e1tigos y las fustas. Al igual que nuestro l\u00e1tigo de cuerda, el mango es de acero inoxidable con acabado de nogal. El l\u00e1tigo consta de 16 varillas redondas de bamb\u00fa de 5 mm de di\u00e1metro. Al chocar entre s\u00ed, se produce un crujido relativamente fuerte, lo que lo hace muy excitante.<\/p>\n<p>&nbsp;<\/p>\n<p><strong>Detalles:<\/strong><\/p>\n<p>Material: acero inoxidable, bamb\u00fa, nogal.<br \/>\nColor: plata, marr\u00f3n claro.<br \/>\nLongitud total: 51cm<br \/>\nLongitud del mango: 14,5 cm<br \/>\nAncho del mango: 21 mm<\/p>\n<p>&nbsp;<\/p>\n<p><strong>Alcance de la entrega:<\/strong> 1 l\u00e1tigo de bamb\u00fa<\/p>\n<p>&nbsp;<\/p>\n<hr \/>\n<blockquote>\n<p style=\"text-align: center\"><span style=\"color: #333399\">\u00a0La informaci\u00f3n sobre los productos se proporciona seg\u00fan nuestro leal saber y entender. Todas las dimensiones son aproximadas. El uso de los productos ofrecidos aqu\u00ed en la tienda es bajo su propia responsabilidad. Cada persona reacciona de manera diferente a las influencias externas, al placer o al dolor, etc. Por lo tanto, no se acepta ninguna responsabilidad por un uso inadecuado.  Cada usuario asume la total responsabilidad por el uso o correcto uso de los productos y sus consecuencias imprevisibles.<\/span><\/p>\n<\/blockquote>","protected":false},"excerpt":{"rendered":"<p>Plazo de entrega: 5-7 d\u00edas*<\/p>","protected":false},"featured_media":8654,"template":"","meta":[],"product_brand":[],"product_cat":[252,222,224],"product_tag":[],"class_list":{"0":"post-3111","1":"product","2":"type-product","3":"status-publish","4":"has-post-thumbnail","6":"product_cat-peitschen-gerten","7":"product_cat-alle-produkte","8":"product_cat-lustschmerz","10":"first","11":"outofstock","12":"taxable","13":"shipping-taxable","14":"purchasable","15":"product-type-simple"},"_links":{"self":[{"href":"https:\/\/bavarian-bondage.de\/es\/wp-json\/wp\/v2\/product\/3111","targetHints":{"allow":["GET"]}}],"collection":[{"href":"https:\/\/bavarian-bondage.de\/es\/wp-json\/wp\/v2\/product"}],"about":[{"href":"https:\/\/bavarian-bondage.de\/es\/wp-json\/wp\/v2\/types\/product"}],"version-history":[{"count":3,"href":"https:\/\/bavarian-bondage.de\/es\/wp-json\/wp\/v2\/product\/3111\/revisions"}],"predecessor-version":[{"id":13984,"href":"https:\/\/bavarian-bondage.de\/es\/wp-json\/wp\/v2\/product\/3111\/revisions\/13984"}],"wp:featuredmedia":[{"embeddable":true,"href":"https:\/\/bavarian-bondage.de\/es\/wp-json\/wp\/v2\/media\/8654"}],"wp:attachment":[{"href":"https:\/\/bavarian-bondage.de\/es\/wp-json\/wp\/v2\/media?parent=3111"}],"wp:term":[{"taxonomy":"product_brand","embeddable":true,"href":"https:\/\/bavarian-bondage.de\/es\/wp-json\/wp\/v2\/product_brand?post=3111"},{"taxonomy":"product_cat","embeddable":true,"href":"https:\/\/bavarian-bondage.de\/es\/wp-json\/wp\/v2\/product_cat?post=3111"},{"taxonomy":"product_tag","embeddable":true,"href":"https:\/\/bavarian-bondage.de\/es\/wp-json\/wp\/v2\/product_tag?post=3111"}],"curies":[{"name":"gracias","href":"https:\/\/api.w.org\/{rel}","templated":true}]}}