{"id":3116,"date":"2020-10-17T12:57:25","date_gmt":"2020-10-17T10:57:25","guid":{"rendered":"https:\/\/bavarian-bondage.tivendo.com\/produkt\/import-placeholder-for-1719\/"},"modified":"2026-04-12T09:14:43","modified_gmt":"2026-04-12T07:14:43","slug":"shibaku-volumen-1","status":"publish","type":"product","link":"https:\/\/bavarian-bondage.de\/es\/produkt\/shibaku-band-1\/","title":{"rendered":"Shibaku Volumen 1"},"content":{"rendered":"<h2 style=\"text-align: center\">\u00a0Shibaku Volumen 1<\/h2>\n<h3 style=\"text-align: center\">B\u00c1SICOS Y FUNDAMENTOS (Paperback)<\/h3>\n<p style=\"text-align: center\">Los fundamentos del trabajo con cuerdas y modelos se presentan y describen en 11 cap\u00edtulos. Diversos procesos se ilustran paso a paso en 176 p\u00e1ginas con m\u00e1s de 500 ilustraciones a color.<\/p>\n<p>&nbsp;<\/p>\n<p><strong>Los cap\u00edtulos individuales:<\/strong><\/p>\n<p><strong>Introducci\u00f3n<\/strong> \u2013 Atado con cuerda<br \/>\n<strong>engranaje de cuerda<\/strong> \u2013 La cuerda como herramienta.<br \/>\n<strong>Nudo en la cuerda<\/strong> \u2013 Un peque\u00f1o nudo ABC<br \/>\n<strong>T\u00e9cnicas<\/strong> \u2013 Elementos b\u00e1sicos con cuerda.<br \/>\n<strong>Atar<\/strong> \u2013 Pu\u00f1os en manos y tobillos con cuerda.<br \/>\n<strong>karada<\/strong> \u2013 Cuerda debajo de la ropa de todos los d\u00edas.<br \/>\n<strong>la vinculaci\u00f3n<\/strong> \u2013 Cuerda en la parte superior del cuerpo sin restringir el movimiento.<br \/>\n<strong>parte superior del cuerpo<\/strong> \u2013 Restricci\u00f3n de movimiento con una cuerda.<br \/>\n<strong>Takate Kote<\/strong> \u2013 Un Takate Kote con dos cuerdas<br \/>\n<strong>parte inferior del cuerpo<\/strong> \u2013 Cuerda en la parte inferior del cuerpo.<br \/>\n<strong>Consejos de esclavitud<\/strong> \u2013 Atado con cuerda \u2013 \u00bfY ahora qu\u00e9?<\/p>\n<p>&nbsp;<\/p>\n<p><strong>Detalles:<\/strong><\/p>\n<p>Publicado por: Peter Wettstein<br \/>\nEncuadernaci\u00f3n: Softcover<br \/>\nP\u00e1ginas: 176 p\u00e1ginas<br \/>\nAutor: Peter Wettstein<br \/>\nA\u00f1o: 2017<br \/>\nISBN: 978-3-9524407-2-8<br \/>\nEdici\u00f3n alemana<\/p>\n<p><strong>Alcance de la entrega:<\/strong> Shibaku Volumen 1<\/p>\n<p>&nbsp;<\/p>\n<hr \/>\n<blockquote>\n<p style=\"text-align: center\"><span style=\"color: #333399\">\u00a0La informaci\u00f3n sobre los productos se proporciona seg\u00fan nuestro leal saber y entender. Todas las dimensiones son aproximadas. El uso de los productos ofrecidos aqu\u00ed en la tienda es bajo su propia responsabilidad. Cada persona reacciona de manera diferente a las influencias externas, al placer o al dolor, etc. Por lo tanto, no se acepta ninguna responsabilidad por un uso inadecuado.  Cada usuario asume la total responsabilidad por el uso o correcto uso de los productos y sus consecuencias imprevisibles.<\/span><\/p>\n<\/blockquote>\n<p>&nbsp;<\/p>","protected":false},"excerpt":{"rendered":"<p>Plazo de entrega: 5-7 d\u00edas*<\/p>","protected":false},"featured_media":8502,"template":"","meta":[],"product_brand":[],"product_cat":[222,233,358],"product_tag":[359],"class_list":{"0":"post-3116","1":"product","2":"type-product","3":"status-publish","4":"has-post-thumbnail","6":"product_cat-alle-produkte","7":"product_cat-bondage-zubehoer","8":"product_cat-buecher","9":"product_tag-shibaku","11":"first","12":"instock","13":"taxable","14":"shipping-taxable","15":"purchasable","16":"product-type-simple"},"_links":{"self":[{"href":"https:\/\/bavarian-bondage.de\/es\/wp-json\/wp\/v2\/product\/3116","targetHints":{"allow":["GET"]}}],"collection":[{"href":"https:\/\/bavarian-bondage.de\/es\/wp-json\/wp\/v2\/product"}],"about":[{"href":"https:\/\/bavarian-bondage.de\/es\/wp-json\/wp\/v2\/types\/product"}],"version-history":[{"count":4,"href":"https:\/\/bavarian-bondage.de\/es\/wp-json\/wp\/v2\/product\/3116\/revisions"}],"predecessor-version":[{"id":16507,"href":"https:\/\/bavarian-bondage.de\/es\/wp-json\/wp\/v2\/product\/3116\/revisions\/16507"}],"wp:featuredmedia":[{"embeddable":true,"href":"https:\/\/bavarian-bondage.de\/es\/wp-json\/wp\/v2\/media\/8502"}],"wp:attachment":[{"href":"https:\/\/bavarian-bondage.de\/es\/wp-json\/wp\/v2\/media?parent=3116"}],"wp:term":[{"taxonomy":"product_brand","embeddable":true,"href":"https:\/\/bavarian-bondage.de\/es\/wp-json\/wp\/v2\/product_brand?post=3116"},{"taxonomy":"product_cat","embeddable":true,"href":"https:\/\/bavarian-bondage.de\/es\/wp-json\/wp\/v2\/product_cat?post=3116"},{"taxonomy":"product_tag","embeddable":true,"href":"https:\/\/bavarian-bondage.de\/es\/wp-json\/wp\/v2\/product_tag?post=3116"}],"curies":[{"name":"gracias","href":"https:\/\/api.w.org\/{rel}","templated":true}]}}