{"id":3117,"date":"2020-10-17T12:57:25","date_gmt":"2020-10-17T10:57:25","guid":{"rendered":"https:\/\/bavarian-bondage.tivendo.com\/produkt\/import-placeholder-for-1720\/"},"modified":"2026-03-22T19:15:24","modified_gmt":"2026-03-22T18:15:24","slug":"shibaku-volumen-2","status":"publish","type":"product","link":"https:\/\/bavarian-bondage.de\/es\/produkt\/shibaku-band-2\/","title":{"rendered":"Shibaku Volumen 2"},"content":{"rendered":"<h2 style=\"text-align: center\">\u00a0Shibaku Volumen 2<\/h2>\n<h3 style=\"text-align: center\">Takate Kote y la parte superior del cuerpo (r\u00fastica)<\/h3>\n<p style=\"text-align: center\">Las gu\u00edas de cables m\u00e1s importantes de la parte superior del cuerpo se presentan en 11 cap\u00edtulos. Adem\u00e1s de las distintas versiones de Takate-kote, tambi\u00e9n se incluyen un Hishi-shibari, un Giai o un Teppo. Los distintos procesos se muestran y describen paso a paso en 176 p\u00e1ginas con m\u00e1s de 450 ilustraciones en color.<\/p>\n<p>&nbsp;<\/p>\n<p><strong>Los cap\u00edtulos individuales:<\/strong><\/p>\n<p><strong>Introducci\u00f3n<\/strong> \u2013 El significado del Takate kote<br \/>\n<strong>Takate Kote<\/strong> \u2013 El cl\u00e1sico seg\u00fan Osada Ryu<br \/>\n<strong>estilo occidental<\/strong> \u2013 Una interpretaci\u00f3n<br \/>\n<strong>Extensiones<\/strong> \u2013 Restos de cuerda y t\u00e9cnicas de acabado.<br \/>\n<strong>Variantes<\/strong> \u2013 Ideas y posibilidades<br \/>\n<strong>Hishi<\/strong> \u2013 Un kote Takate con un vestido de cuerda.<br \/>\n<strong>Gyaku Gote Shibari<\/strong> \u2013 Brazos cruzados delante del est\u00f3mago.<br \/>\n<strong>Shibari Jiai<\/strong> \u2013 Manos atadas delante del pecho.<br \/>\n<strong>Manga de lib\u00e9lula<\/strong> \u2013 Una atadura de brazo compleja<br \/>\n<strong>Teppou<\/strong> \u2013 El rifle al hombro<br \/>\n<strong>Usagi<\/strong> \u2013 Las orejas de conejo<\/p>\n<p>&nbsp;<\/p>\n<p><strong>Detalles:<\/strong><\/p>\n<p>Publicado por: Peter Wettstein<br \/>\nEncuadernaci\u00f3n: Softcover<br \/>\nP\u00e1ginas: 176<br \/>\nAutor: Peter Wettstein<br \/>\nA\u00f1o: 2017<br \/>\nISBN: 978-3-9524407-3-5<br \/>\nEdici\u00f3n alemana<\/p>\n<p><strong>Alcance de la entrega:<\/strong> Shibaku Volumen 2<\/p>\n<p>&nbsp;<\/p>\n<hr \/>\n<blockquote>\n<p style=\"text-align: center\"><span style=\"color: #333399\">\u00a0La informaci\u00f3n sobre los productos se proporciona seg\u00fan nuestro leal saber y entender. Todas las dimensiones son aproximadas. El uso de los productos ofrecidos aqu\u00ed en la tienda es bajo su propia responsabilidad. Cada persona reacciona de manera diferente a las influencias externas, al placer o al dolor, etc. Por lo tanto, no se acepta ninguna responsabilidad por un uso inadecuado.  Cada usuario asume la total responsabilidad por el uso o correcto uso de los productos y sus consecuencias imprevisibles.<\/span><\/p>\n<\/blockquote>","protected":false},"excerpt":{"rendered":"<p>Plazo de entrega: 5-7 d\u00edas*<\/p>","protected":false},"featured_media":8503,"template":"","meta":[],"product_brand":[],"product_cat":[222,233,358],"product_tag":[359],"class_list":{"0":"post-3117","1":"product","2":"type-product","3":"status-publish","4":"has-post-thumbnail","6":"product_cat-alle-produkte","7":"product_cat-bondage-zubehoer","8":"product_cat-buecher","9":"product_tag-shibaku","11":"first","12":"instock","13":"taxable","14":"shipping-taxable","15":"purchasable","16":"product-type-simple"},"_links":{"self":[{"href":"https:\/\/bavarian-bondage.de\/es\/wp-json\/wp\/v2\/product\/3117","targetHints":{"allow":["GET"]}}],"collection":[{"href":"https:\/\/bavarian-bondage.de\/es\/wp-json\/wp\/v2\/product"}],"about":[{"href":"https:\/\/bavarian-bondage.de\/es\/wp-json\/wp\/v2\/types\/product"}],"version-history":[{"count":3,"href":"https:\/\/bavarian-bondage.de\/es\/wp-json\/wp\/v2\/product\/3117\/revisions"}],"predecessor-version":[{"id":15606,"href":"https:\/\/bavarian-bondage.de\/es\/wp-json\/wp\/v2\/product\/3117\/revisions\/15606"}],"wp:featuredmedia":[{"embeddable":true,"href":"https:\/\/bavarian-bondage.de\/es\/wp-json\/wp\/v2\/media\/8503"}],"wp:attachment":[{"href":"https:\/\/bavarian-bondage.de\/es\/wp-json\/wp\/v2\/media?parent=3117"}],"wp:term":[{"taxonomy":"product_brand","embeddable":true,"href":"https:\/\/bavarian-bondage.de\/es\/wp-json\/wp\/v2\/product_brand?post=3117"},{"taxonomy":"product_cat","embeddable":true,"href":"https:\/\/bavarian-bondage.de\/es\/wp-json\/wp\/v2\/product_cat?post=3117"},{"taxonomy":"product_tag","embeddable":true,"href":"https:\/\/bavarian-bondage.de\/es\/wp-json\/wp\/v2\/product_tag?post=3117"}],"curies":[{"name":"gracias","href":"https:\/\/api.w.org\/{rel}","templated":true}]}}